{"id":56362,"date":"2024-01-19T08:16:48","date_gmt":"2024-01-19T13:16:48","guid":{"rendered":"https:\/\/lebouquetnew.brstdev.com\/single-immortal-illusion\/"},"modified":"2024-06-19T06:28:42","modified_gmt":"2024-06-19T10:28:42","slug":"single-immortal-illusion","status":"publish","type":"product","link":"https:\/\/lebouquet.brstdev.com\/fr\/single-immortal-illusion\/","title":{"rendered":"Illusions Immortelles Solo"},"content":{"rendered":"<p>Une seule rose immortelle g\u00e9ante \u00e9xpos\u00e9e dans un r\u00e9cipient en acrylique transparent.<\/p>\n","protected":false},"excerpt":{"rendered":"<p>Une seule rose immortelle g\u00e9ante \u00e9xpos\u00e9e dans un r\u00e9cipient en acrylique transparent.<\/p>\n","protected":false},"featured_media":0,"comment_status":"open","ping_status":"closed","template":"","meta":{"_acf_changed":false},"recipe":[],"product_brand":[],"product_cat":[15],"product_tag":[],"class_list":{"0":"post-56362","1":"product","2":"type-product","3":"status-publish","5":"product_cat-uncategorized","7":"first","8":"instock","9":"shipping-taxable","10":"purchasable","11":"product-type-simple"},"acf":[],"_links":{"self":[{"href":"https:\/\/lebouquet.brstdev.com\/fr\/wp-json\/wp\/v2\/product\/56362","targetHints":{"allow":["GET"]}}],"collection":[{"href":"https:\/\/lebouquet.brstdev.com\/fr\/wp-json\/wp\/v2\/product"}],"about":[{"href":"https:\/\/lebouquet.brstdev.com\/fr\/wp-json\/wp\/v2\/types\/product"}],"replies":[{"embeddable":true,"href":"https:\/\/lebouquet.brstdev.com\/fr\/wp-json\/wp\/v2\/comments?post=56362"}],"wp:attachment":[{"href":"https:\/\/lebouquet.brstdev.com\/fr\/wp-json\/wp\/v2\/media?parent=56362"}],"wp:term":[{"taxonomy":"recipe","embeddable":true,"href":"https:\/\/lebouquet.brstdev.com\/fr\/wp-json\/wp\/v2\/recipe?post=56362"},{"taxonomy":"product_brand","embeddable":true,"href":"https:\/\/lebouquet.brstdev.com\/fr\/wp-json\/wp\/v2\/product_brand?post=56362"},{"taxonomy":"product_cat","embeddable":true,"href":"https:\/\/lebouquet.brstdev.com\/fr\/wp-json\/wp\/v2\/product_cat?post=56362"},{"taxonomy":"product_tag","embeddable":true,"href":"https:\/\/lebouquet.brstdev.com\/fr\/wp-json\/wp\/v2\/product_tag?post=56362"}],"curies":[{"name":"wp","href":"https:\/\/api.w.org\/{rel}","templated":true}]}}