{"id":56319,"date":"2024-01-19T08:16:09","date_gmt":"2024-01-19T13:16:09","guid":{"rendered":"https:\/\/lebouquetnew.brstdev.com\/assorted-flavored-christmas-balls\/"},"modified":"2025-08-13T06:09:26","modified_gmt":"2025-08-13T10:09:26","slug":"boules-de-noel-assortis","status":"publish","type":"product","link":"https:\/\/lebouquet.brstdev.com\/fr\/boules-de-noel-assortis\/","title":{"rendered":"Boules de No\u00ebl assortis"},"content":{"rendered":"<p>Ajoutez tout&nbsp;de suite ces boules de chocolats succulents \u00e0 votre cadeau floral! Ils sont s\u00e9rieusement addictif&#8230;<br \/><strong>STANDARD: 145gram (12 chocolats)&nbsp;DELUX: 250gram (20 chocolats)<\/strong><\/p>\n","protected":false},"excerpt":{"rendered":"<p><strong>STANDARD: 145gram<\/strong><br \/><strong>DELUX: 250gram<\/strong><\/p>\n","protected":false},"featured_media":56309,"comment_status":"open","ping_status":"closed","template":"","meta":{"_acf_changed":false,"inline_featured_image":false},"recipe":[],"product_brand":[],"product_cat":[18047,7648,7584,7569,7583,7647,18046,17153],"product_tag":[],"class_list":{"0":"post-56319","1":"product","2":"type-product","3":"status-publish","4":"has-post-thumbnail","6":"product_cat-boutique-des-fetes","7":"product_cat-cadeaux","8":"product_cat-ensembles-cadeaux-et-autres","9":"product_cat-occasions","10":"product_cat-gift-sets-and-holiday-items","11":"product_cat-gift-shop","12":"product_cat-holiday-gift-shop","13":"product_cat-occasions-fr","15":"first","16":"instock","17":"shipping-taxable","18":"purchasable","19":"product-type-simple"},"acf":[],"_links":{"self":[{"href":"https:\/\/lebouquet.brstdev.com\/fr\/wp-json\/wp\/v2\/product\/56319","targetHints":{"allow":["GET"]}}],"collection":[{"href":"https:\/\/lebouquet.brstdev.com\/fr\/wp-json\/wp\/v2\/product"}],"about":[{"href":"https:\/\/lebouquet.brstdev.com\/fr\/wp-json\/wp\/v2\/types\/product"}],"replies":[{"embeddable":true,"href":"https:\/\/lebouquet.brstdev.com\/fr\/wp-json\/wp\/v2\/comments?post=56319"}],"wp:featuredmedia":[{"embeddable":true,"href":"https:\/\/lebouquet.brstdev.com\/fr\/wp-json\/wp\/v2\/media\/56309"}],"wp:attachment":[{"href":"https:\/\/lebouquet.brstdev.com\/fr\/wp-json\/wp\/v2\/media?parent=56319"}],"wp:term":[{"taxonomy":"recipe","embeddable":true,"href":"https:\/\/lebouquet.brstdev.com\/fr\/wp-json\/wp\/v2\/recipe?post=56319"},{"taxonomy":"product_brand","embeddable":true,"href":"https:\/\/lebouquet.brstdev.com\/fr\/wp-json\/wp\/v2\/product_brand?post=56319"},{"taxonomy":"product_cat","embeddable":true,"href":"https:\/\/lebouquet.brstdev.com\/fr\/wp-json\/wp\/v2\/product_cat?post=56319"},{"taxonomy":"product_tag","embeddable":true,"href":"https:\/\/lebouquet.brstdev.com\/fr\/wp-json\/wp\/v2\/product_tag?post=56319"}],"curies":[{"name":"wp","href":"https:\/\/api.w.org\/{rel}","templated":true}]}}