{"id":56307,"date":"2024-01-19T08:15:58","date_gmt":"2024-01-19T13:15:58","guid":{"rendered":"https:\/\/lebouquetnew.brstdev.com\/chocolate-christmas-gift-set\/"},"modified":"2025-08-13T06:09:27","modified_gmt":"2025-08-13T10:09:27","slug":"coffret-cadeau-chocolat-de-noel","status":"publish","type":"product","link":"https:\/\/lebouquet.brstdev.com\/fr\/coffret-cadeau-chocolat-de-noel\/","title":{"rendered":"Coffret Cadeau Chocolat de No\u00ebl"},"content":{"rendered":"<p>&nbsp;<\/p>\n<p>Choisissez &lsquo;Tel quel&rsquo; pour un joli cadeau de d\u00e9coration de No\u00ebl compos\u00e9 d&rsquo;une sc\u00e8ne de No\u00ebl avec le vieux Saint-Nick lui-m\u00eame, ou faites-en une saison des f\u00eates succulente en envoyant notre coffret-cadeau Chocolat de No\u00ebl! En plus du souvenir, ils recevront un assortiment des derni\u00e8res saveurs de chocolat belge Leonidas. Dimensions: 11\u00a0\u00bbW x 5.5\u00a0\u00bbH<\/p>\n","protected":false},"excerpt":{"rendered":"<p>&nbsp; Choisissez &lsquo;Tel quel&rsquo; pour un joli cadeau de d\u00e9coration de No\u00ebl compos\u00e9 d&rsquo;une sc\u00e8ne de No\u00ebl avec le vieux Saint-Nick lui-m\u00eame, ou faites-en une saison des f\u00eates succulente en envoyant notre coffret-cadeau Chocolat de No\u00ebl! En plus du souvenir, ils recevront un assortiment des derni\u00e8res saveurs de chocolat belge Leonidas. Dimensions: 11\u00a0\u00bbW x 5.5\u00a0\u00bbH<\/p>\n","protected":false},"featured_media":56295,"comment_status":"open","ping_status":"closed","template":"","meta":{"_acf_changed":false,"inline_featured_image":false},"recipe":[],"product_brand":[],"product_cat":[7648,7649,17155,7569,7647,17153],"product_tag":[],"class_list":{"0":"post-56307","1":"product","2":"type-product","3":"status-publish","4":"has-post-thumbnail","6":"product_cat-cadeaux","7":"product_cat-chocolates","8":"product_cat-chocolates-fr","9":"product_cat-occasions","10":"product_cat-gift-shop","11":"product_cat-occasions-fr","13":"first","14":"instock","15":"shipping-taxable","16":"purchasable","17":"product-type-simple"},"acf":[],"_links":{"self":[{"href":"https:\/\/lebouquet.brstdev.com\/fr\/wp-json\/wp\/v2\/product\/56307","targetHints":{"allow":["GET"]}}],"collection":[{"href":"https:\/\/lebouquet.brstdev.com\/fr\/wp-json\/wp\/v2\/product"}],"about":[{"href":"https:\/\/lebouquet.brstdev.com\/fr\/wp-json\/wp\/v2\/types\/product"}],"replies":[{"embeddable":true,"href":"https:\/\/lebouquet.brstdev.com\/fr\/wp-json\/wp\/v2\/comments?post=56307"}],"wp:featuredmedia":[{"embeddable":true,"href":"https:\/\/lebouquet.brstdev.com\/fr\/wp-json\/wp\/v2\/media\/56295"}],"wp:attachment":[{"href":"https:\/\/lebouquet.brstdev.com\/fr\/wp-json\/wp\/v2\/media?parent=56307"}],"wp:term":[{"taxonomy":"recipe","embeddable":true,"href":"https:\/\/lebouquet.brstdev.com\/fr\/wp-json\/wp\/v2\/recipe?post=56307"},{"taxonomy":"product_brand","embeddable":true,"href":"https:\/\/lebouquet.brstdev.com\/fr\/wp-json\/wp\/v2\/product_brand?post=56307"},{"taxonomy":"product_cat","embeddable":true,"href":"https:\/\/lebouquet.brstdev.com\/fr\/wp-json\/wp\/v2\/product_cat?post=56307"},{"taxonomy":"product_tag","embeddable":true,"href":"https:\/\/lebouquet.brstdev.com\/fr\/wp-json\/wp\/v2\/product_tag?post=56307"}],"curies":[{"name":"wp","href":"https:\/\/api.w.org\/{rel}","templated":true}]}}