{"id":56054,"date":"2024-01-19T08:10:31","date_gmt":"2024-01-19T13:10:31","guid":{"rendered":"https:\/\/lebouquetnew.brstdev.com\/warm-thoughts-urn-arrangement\/"},"modified":"2025-08-13T06:09:34","modified_gmt":"2025-08-13T10:09:34","slug":"tarentelle-dautomne","status":"publish","type":"product","link":"https:\/\/lebouquet.brstdev.com\/fr\/tarentelle-dautomne\/","title":{"rendered":"Tarentelle d&rsquo;automne"},"content":{"rendered":"<p>Cette composition est&nbsp;une fa\u00e7on \u00e9l\u00e9gante et raffin\u00e9e d&rsquo;entourer l&rsquo;urne&nbsp;lors du service fun\u00e8bre. De belles gerbes de roses dans les teintes de rouge et orang\u00e9 resplendissent parmi les marguerites, les alstromerias, les gueules-de-loup et le&nbsp;solidago jaune.<\/p>\n","protected":false},"excerpt":{"rendered":"<p>Cette composition est&nbsp;une fa\u00e7on \u00e9l\u00e9gante et raffin\u00e9e d&rsquo;entourer l&rsquo;urne&nbsp;lors du service fun\u00e8bre. De belles gerbes de roses dans les teintes de rouge et orang\u00e9 resplendissent parmi les marguerites, les alstromerias, les gueules-de-loup et le&nbsp;solidago jaune.<\/p>\n","protected":false},"featured_media":56047,"comment_status":"open","ping_status":"closed","template":"","meta":{"_acf_changed":false,"inline_featured_image":false},"recipe":[],"product_brand":[],"product_cat":[7636,7620,7619,7635],"product_tag":[],"class_list":{"0":"post-56054","1":"product","2":"type-product","3":"status-publish","4":"has-post-thumbnail","6":"product_cat-arrangements-pour-les-urnes-funeraire","7":"product_cat-funeraire","8":"product_cat-funeral","9":"product_cat-urn-arrangements","11":"first","12":"instock","13":"shipping-taxable","14":"purchasable","15":"product-type-simple"},"acf":[],"_links":{"self":[{"href":"https:\/\/lebouquet.brstdev.com\/fr\/wp-json\/wp\/v2\/product\/56054","targetHints":{"allow":["GET"]}}],"collection":[{"href":"https:\/\/lebouquet.brstdev.com\/fr\/wp-json\/wp\/v2\/product"}],"about":[{"href":"https:\/\/lebouquet.brstdev.com\/fr\/wp-json\/wp\/v2\/types\/product"}],"replies":[{"embeddable":true,"href":"https:\/\/lebouquet.brstdev.com\/fr\/wp-json\/wp\/v2\/comments?post=56054"}],"wp:featuredmedia":[{"embeddable":true,"href":"https:\/\/lebouquet.brstdev.com\/fr\/wp-json\/wp\/v2\/media\/56047"}],"wp:attachment":[{"href":"https:\/\/lebouquet.brstdev.com\/fr\/wp-json\/wp\/v2\/media?parent=56054"}],"wp:term":[{"taxonomy":"recipe","embeddable":true,"href":"https:\/\/lebouquet.brstdev.com\/fr\/wp-json\/wp\/v2\/recipe?post=56054"},{"taxonomy":"product_brand","embeddable":true,"href":"https:\/\/lebouquet.brstdev.com\/fr\/wp-json\/wp\/v2\/product_brand?post=56054"},{"taxonomy":"product_cat","embeddable":true,"href":"https:\/\/lebouquet.brstdev.com\/fr\/wp-json\/wp\/v2\/product_cat?post=56054"},{"taxonomy":"product_tag","embeddable":true,"href":"https:\/\/lebouquet.brstdev.com\/fr\/wp-json\/wp\/v2\/product_tag?post=56054"}],"curies":[{"name":"wp","href":"https:\/\/api.w.org\/{rel}","templated":true}]}}