{"id":56045,"date":"2024-01-19T08:10:24","date_gmt":"2024-01-19T13:10:24","guid":{"rendered":"https:\/\/lebouquetnew.brstdev.com\/pink-heaven-urn-arrangement\/"},"modified":"2025-08-13T06:09:34","modified_gmt":"2025-08-13T10:09:34","slug":"paradis-rosatre-pour-urnes","status":"publish","type":"product","link":"https:\/\/lebouquet.brstdev.com\/fr\/paradis-rosatre-pour-urnes\/","title":{"rendered":"Paradis ros\u00e2tre pour urnes"},"content":{"rendered":"<p>Cet arrangement con\u00e7u sp\u00e9cialement pour l&rsquo;urne rev\u00eate plusieurs teintes de rose qui sauront rendre hommage au d\u00e9funt ou \u00e0 la d\u00e9funte. Des lys, des oeilles et des roses sp\u00e9cialement choisis sont magnifiquement dispos\u00e9s pour honorer la personne disparue.<\/p>\n","protected":false},"excerpt":{"rendered":"<p>Cet arrangement con\u00e7u sp\u00e9cialement pour l&rsquo;urne rev\u00eate plusieurs teintes de rose qui sauront rendre hommage au d\u00e9funt ou \u00e0 la d\u00e9funte. Des lys, des oeilles et des roses sp\u00e9cialement choisis sont magnifiquement dispos\u00e9s pour honorer la personne disparue.<\/p>\n","protected":false},"featured_media":56038,"comment_status":"open","ping_status":"closed","template":"","meta":{"_acf_changed":false,"inline_featured_image":false},"recipe":[],"product_brand":[],"product_cat":[7636,7620,7619,7635],"product_tag":[],"class_list":{"0":"post-56045","1":"product","2":"type-product","3":"status-publish","4":"has-post-thumbnail","6":"product_cat-arrangements-pour-les-urnes-funeraire","7":"product_cat-funeraire","8":"product_cat-funeral","9":"product_cat-urn-arrangements","11":"first","12":"instock","13":"shipping-taxable","14":"purchasable","15":"product-type-simple"},"acf":[],"_links":{"self":[{"href":"https:\/\/lebouquet.brstdev.com\/fr\/wp-json\/wp\/v2\/product\/56045","targetHints":{"allow":["GET"]}}],"collection":[{"href":"https:\/\/lebouquet.brstdev.com\/fr\/wp-json\/wp\/v2\/product"}],"about":[{"href":"https:\/\/lebouquet.brstdev.com\/fr\/wp-json\/wp\/v2\/types\/product"}],"replies":[{"embeddable":true,"href":"https:\/\/lebouquet.brstdev.com\/fr\/wp-json\/wp\/v2\/comments?post=56045"}],"wp:featuredmedia":[{"embeddable":true,"href":"https:\/\/lebouquet.brstdev.com\/fr\/wp-json\/wp\/v2\/media\/56038"}],"wp:attachment":[{"href":"https:\/\/lebouquet.brstdev.com\/fr\/wp-json\/wp\/v2\/media?parent=56045"}],"wp:term":[{"taxonomy":"recipe","embeddable":true,"href":"https:\/\/lebouquet.brstdev.com\/fr\/wp-json\/wp\/v2\/recipe?post=56045"},{"taxonomy":"product_brand","embeddable":true,"href":"https:\/\/lebouquet.brstdev.com\/fr\/wp-json\/wp\/v2\/product_brand?post=56045"},{"taxonomy":"product_cat","embeddable":true,"href":"https:\/\/lebouquet.brstdev.com\/fr\/wp-json\/wp\/v2\/product_cat?post=56045"},{"taxonomy":"product_tag","embeddable":true,"href":"https:\/\/lebouquet.brstdev.com\/fr\/wp-json\/wp\/v2\/product_tag?post=56045"}],"curies":[{"name":"wp","href":"https:\/\/api.w.org\/{rel}","templated":true}]}}