{"id":55906,"date":"2024-01-19T08:07:58","date_gmt":"2024-01-19T13:07:58","guid":{"rendered":"https:\/\/lebouquetnew.brstdev.com\/school-of-sunflowers\/"},"modified":"2025-08-13T06:09:39","modified_gmt":"2025-08-13T10:09:39","slug":"ecole-des-tournesols","status":"publish","type":"product","link":"https:\/\/lebouquet.brstdev.com\/fr\/ecole-des-tournesols\/","title":{"rendered":"\u00c9cole des tournesols"},"content":{"rendered":"<p>Faites sourire quelqu&rsquo;un avec le bouquet joyeux \u00ab\u00a0\u00c9cole de Tournesols\u00a0\u00bb! Cet arrangement vibrant combine des tournesols \u00e9clatants, des hortensias bleus, du solidago dor\u00e9 et des chrysanth\u00e8mes, joliment arrang\u00e9s dans un vase entour\u00e9 de crayons pour une touche cr\u00e9ative unique. Parfait pour c\u00e9l\u00e9brer la rentr\u00e9e, offrir un cadeau attentionn\u00e9, ou simplement apporter de la bonne humeur \u00e0 une pi\u00e8ce, ce bouquet est id\u00e9al pour quiconque appr\u00e9cie un design amusant et rafra\u00eechissant.<\/p>\n<ul>\n<li><strong>Inclut :<\/strong> Tournesols, hortensias bleus, solidago, chrysanth\u00e8mes, et crayons d\u00e9coratifs.<\/li>\n<li><strong>Parfait pour :<\/strong> La rentr\u00e9e, les c\u00e9l\u00e9brations, ou toute occasion qui m\u00e9rite un cadeau joyeux.<\/li>\n<\/ul>\n","protected":false},"excerpt":{"rendered":"<p>Faites sourire quelqu&rsquo;un avec le bouquet joyeux \u00ab\u00a0\u00c9cole de Tournesols\u00a0\u00bb! Cet arrangement vibrant combine des tournesols \u00e9clatants, des hortensias bleus, du solidago dor\u00e9 et des chrysanth\u00e8mes, joliment arrang\u00e9s dans un vase entour\u00e9 de crayons pour une touche cr\u00e9ative unique. Parfait pour c\u00e9l\u00e9brer la rentr\u00e9e, offrir un cadeau attentionn\u00e9, ou simplement apporter de la bonne humeur [&hellip;]<\/p>\n","protected":false},"featured_media":96910,"comment_status":"open","ping_status":"closed","template":"","meta":{"_acf_changed":false,"inline_featured_image":false},"recipe":[],"product_brand":[],"product_cat":[7565,7566,7560,7559],"product_tag":[],"class_list":{"0":"post-55906","1":"product","2":"type-product","3":"status-publish","4":"has-post-thumbnail","6":"product_cat-arrangements","7":"product_cat-arrangements-2","8":"product_cat-fleurs-2-2","9":"product_cat-flowers","11":"first","12":"instock","13":"shipping-taxable","14":"purchasable","15":"product-type-simple"},"acf":[],"_links":{"self":[{"href":"https:\/\/lebouquet.brstdev.com\/fr\/wp-json\/wp\/v2\/product\/55906","targetHints":{"allow":["GET"]}}],"collection":[{"href":"https:\/\/lebouquet.brstdev.com\/fr\/wp-json\/wp\/v2\/product"}],"about":[{"href":"https:\/\/lebouquet.brstdev.com\/fr\/wp-json\/wp\/v2\/types\/product"}],"replies":[{"embeddable":true,"href":"https:\/\/lebouquet.brstdev.com\/fr\/wp-json\/wp\/v2\/comments?post=55906"}],"wp:featuredmedia":[{"embeddable":true,"href":"https:\/\/lebouquet.brstdev.com\/fr\/wp-json\/wp\/v2\/media\/96910"}],"wp:attachment":[{"href":"https:\/\/lebouquet.brstdev.com\/fr\/wp-json\/wp\/v2\/media?parent=55906"}],"wp:term":[{"taxonomy":"recipe","embeddable":true,"href":"https:\/\/lebouquet.brstdev.com\/fr\/wp-json\/wp\/v2\/recipe?post=55906"},{"taxonomy":"product_brand","embeddable":true,"href":"https:\/\/lebouquet.brstdev.com\/fr\/wp-json\/wp\/v2\/product_brand?post=55906"},{"taxonomy":"product_cat","embeddable":true,"href":"https:\/\/lebouquet.brstdev.com\/fr\/wp-json\/wp\/v2\/product_cat?post=55906"},{"taxonomy":"product_tag","embeddable":true,"href":"https:\/\/lebouquet.brstdev.com\/fr\/wp-json\/wp\/v2\/product_tag?post=55906"}],"curies":[{"name":"wp","href":"https:\/\/api.w.org\/{rel}","templated":true}]}}