{"id":55897,"date":"2024-01-19T08:07:50","date_gmt":"2024-01-19T13:07:50","guid":{"rendered":"https:\/\/lebouquetnew.brstdev.com\/sunflowers-in-a-vase\/"},"modified":"2025-08-13T06:09:39","modified_gmt":"2025-08-13T10:09:39","slug":"tournesols-fraichement-coupes","status":"publish","type":"product","link":"https:\/\/lebouquet.brstdev.com\/fr\/tournesols-fraichement-coupes\/","title":{"rendered":"Tournesols Fra\u00eechement Coup\u00e9s"},"content":{"rendered":"<p>Nos \u00ab\u00a0Tournesols Fra\u00eechement Coup\u00e9s\u00a0\u00bb apportent tout l\u2019\u00e9clat d\u2019un champ ensoleill\u00e9 directement chez vous. Ces fleurs vibrantes, avec leurs p\u00e9tales jaunes \u00e9clatants et leurs centres sombres saisissants, sont disponibles en bouquet de fleurs coup\u00e9es arrang\u00e9es ou avec un vase pour une pr\u00e9sentation \u00e9l\u00e9gante. Que vous les placiez dans votre vase pr\u00e9f\u00e9r\u00e9 ou que vous optiez pour notre option avec vase, ces tournesols diffuseront chaleur et joie dans n\u2019importe quel d\u00e9cor. Parfait pour toutes les occasions, cet arrangement transmet un message de bonheur et de positivit\u00e9, id\u00e9al en cadeau ou pour illuminer votre int\u00e9rieur.<\/p>\n","protected":false},"excerpt":{"rendered":"<ul>\n<li>Standard: 8 tiges<\/li>\n<li>Deluxe: 12 tiges<\/li>\n<li>Premium: 16 tiges<\/li>\n<\/ul>\n","protected":false},"featured_media":96708,"comment_status":"open","ping_status":"closed","template":"","meta":{"_acf_changed":false,"inline_featured_image":false},"recipe":[],"product_brand":[],"product_cat":[7556,7555,7560,7559,7554,7553],"product_tag":[],"class_list":{"0":"post-55897","1":"product","2":"type-product","3":"status-publish","4":"has-post-thumbnail","6":"product_cat-automne","7":"product_cat-fall","8":"product_cat-fleurs-2-2","9":"product_cat-flowers","10":"product_cat-populaires","11":"product_cat-popular","13":"first","14":"instock","15":"shipping-taxable","16":"purchasable","17":"product-type-simple"},"acf":[],"_links":{"self":[{"href":"https:\/\/lebouquet.brstdev.com\/fr\/wp-json\/wp\/v2\/product\/55897","targetHints":{"allow":["GET"]}}],"collection":[{"href":"https:\/\/lebouquet.brstdev.com\/fr\/wp-json\/wp\/v2\/product"}],"about":[{"href":"https:\/\/lebouquet.brstdev.com\/fr\/wp-json\/wp\/v2\/types\/product"}],"replies":[{"embeddable":true,"href":"https:\/\/lebouquet.brstdev.com\/fr\/wp-json\/wp\/v2\/comments?post=55897"}],"wp:featuredmedia":[{"embeddable":true,"href":"https:\/\/lebouquet.brstdev.com\/fr\/wp-json\/wp\/v2\/media\/96708"}],"wp:attachment":[{"href":"https:\/\/lebouquet.brstdev.com\/fr\/wp-json\/wp\/v2\/media?parent=55897"}],"wp:term":[{"taxonomy":"recipe","embeddable":true,"href":"https:\/\/lebouquet.brstdev.com\/fr\/wp-json\/wp\/v2\/recipe?post=55897"},{"taxonomy":"product_brand","embeddable":true,"href":"https:\/\/lebouquet.brstdev.com\/fr\/wp-json\/wp\/v2\/product_brand?post=55897"},{"taxonomy":"product_cat","embeddable":true,"href":"https:\/\/lebouquet.brstdev.com\/fr\/wp-json\/wp\/v2\/product_cat?post=55897"},{"taxonomy":"product_tag","embeddable":true,"href":"https:\/\/lebouquet.brstdev.com\/fr\/wp-json\/wp\/v2\/product_tag?post=55897"}],"curies":[{"name":"wp","href":"https:\/\/api.w.org\/{rel}","templated":true}]}}