{"id":54923,"date":"2024-01-19T07:40:58","date_gmt":"2024-01-19T12:40:58","guid":{"rendered":"https:\/\/lebouquetnew.brstdev.com\/graceful-oriental-lily-bouquet\/"},"modified":"2026-03-29T21:03:43","modified_gmt":"2026-03-30T01:03:43","slug":"bouquet-lys-gracieux","status":"publish","type":"product","link":"https:\/\/lebouquet.brstdev.com\/fr\/bouquet-lys-gracieux\/","title":{"rendered":"Bouquet Lys gracieux"},"content":{"rendered":"<p>Voyez ce magnifique bouquet de lys orientaux qui surprendra \u00e0 coup s\u00fbr l&rsquo;\u00e9lu de votre coeur. Id\u00e9al pour une occasion sp\u00e9ciale, apporte un r\u00e9confort in\u00e9gal\u00e9.<\/p>\n","protected":false},"excerpt":{"rendered":"<figure class=\"table\">\n<table>\n<tbody>\n<tr>\n<td>Standard<\/td>\n<td>&#8211; 5 tiges<\/td>\n<\/tr>\n<tr>\n<td>De luxe<\/td>\n<td>&#8211; 8 tiges<\/td>\n<\/tr>\n<tr>\n<td>Premium<\/td>\n<td>&#8211; 12 tiges<\/td>\n<\/tr>\n<\/tbody>\n<\/table>\n<\/figure>\n","protected":false},"featured_media":90621,"comment_status":"open","ping_status":"closed","template":"","meta":{"_acf_changed":false},"recipe":[],"product_brand":[],"product_cat":[7568,7560,17153,7554,7553],"product_tag":[],"class_list":{"0":"post-54923","1":"product","2":"type-product","3":"status-publish","4":"has-post-thumbnail","6":"product_cat-bouquets-fleurs-variete-unique-montreal","7":"product_cat-fleurs-montreal","8":"product_cat-fleurs-occasions-montreal","9":"product_cat-populaires","10":"product_cat-popular","12":"first","13":"instock","14":"shipping-taxable","15":"purchasable","16":"product-type-simple"},"acf":[],"_links":{"self":[{"href":"https:\/\/lebouquet.brstdev.com\/fr\/wp-json\/wp\/v2\/product\/54923","targetHints":{"allow":["GET"]}}],"collection":[{"href":"https:\/\/lebouquet.brstdev.com\/fr\/wp-json\/wp\/v2\/product"}],"about":[{"href":"https:\/\/lebouquet.brstdev.com\/fr\/wp-json\/wp\/v2\/types\/product"}],"replies":[{"embeddable":true,"href":"https:\/\/lebouquet.brstdev.com\/fr\/wp-json\/wp\/v2\/comments?post=54923"}],"wp:featuredmedia":[{"embeddable":true,"href":"https:\/\/lebouquet.brstdev.com\/fr\/wp-json\/wp\/v2\/media\/90621"}],"wp:attachment":[{"href":"https:\/\/lebouquet.brstdev.com\/fr\/wp-json\/wp\/v2\/media?parent=54923"}],"wp:term":[{"taxonomy":"recipe","embeddable":true,"href":"https:\/\/lebouquet.brstdev.com\/fr\/wp-json\/wp\/v2\/recipe?post=54923"},{"taxonomy":"product_brand","embeddable":true,"href":"https:\/\/lebouquet.brstdev.com\/fr\/wp-json\/wp\/v2\/product_brand?post=54923"},{"taxonomy":"product_cat","embeddable":true,"href":"https:\/\/lebouquet.brstdev.com\/fr\/wp-json\/wp\/v2\/product_cat?post=54923"},{"taxonomy":"product_tag","embeddable":true,"href":"https:\/\/lebouquet.brstdev.com\/fr\/wp-json\/wp\/v2\/product_tag?post=54923"}],"curies":[{"name":"wp","href":"https:\/\/api.w.org\/{rel}","templated":true}]}}