{"id":54868,"date":"2024-01-19T07:40:36","date_gmt":"2024-01-19T12:40:36","guid":{"rendered":"https:\/\/lebouquetnew.brstdev.com\/sweet-perfection-bouquet\/"},"modified":"2026-03-28T03:32:59","modified_gmt":"2026-03-28T07:32:59","slug":"bouquet-douce-perfection","status":"publish","type":"product","link":"https:\/\/lebouquet.brstdev.com\/fr\/bouquet-douce-perfection\/","title":{"rendered":"Bouquet Douce perfection"},"content":{"rendered":"<p>Le Bouquet Douce Perfection est une magnifique expression d&rsquo;amour et d&rsquo;admiration. Cet arrangement \u00e9l\u00e9gant associe des roses rouges \u00e9clatantes \u00e0 des \u0153illets rouges charmants et \u00e0 de d\u00e9licates gypsophiles, cr\u00e9ant un m\u00e9lange intemporel de passion et de beaut\u00e9. Confectionn\u00e9 avec soin et agr\u00e9ment\u00e9 de verdure luxuriante, ce bouquet saura impressionner avec ses tons rouges vibrants et ses accents blancs d\u00e9licats.<\/p>\n<p>Standard &#8211; 15&Prime;H x 10&Prime;L &nbsp;<br \/>De luxe &nbsp; &#8211; 16&Prime;H x 12&Prime;L &nbsp;<br \/>Premium &nbsp;&#8211; 17&Prime;H x 14&Prime;L<br \/>&nbsp;<\/p>\n","protected":false},"excerpt":{"rendered":"<p>Le Bouquet Douce Perfection est une magnifique expression d&rsquo;amour et d&rsquo;admiration. Cet arrangement \u00e9l\u00e9gant associe des roses rouges \u00e9clatantes \u00e0 des \u0153illets rouges charmants et \u00e0 de d\u00e9licates gypsophiles, cr\u00e9ant un m\u00e9lange intemporel de passion et de beaut\u00e9. Confectionn\u00e9 avec soin et agr\u00e9ment\u00e9 de verdure luxuriante, ce bouquet saura impressionner avec ses tons rouges vibrants [&hellip;]<\/p>\n","protected":false},"featured_media":98063,"comment_status":"open","ping_status":"closed","template":"","meta":{"_acf_changed":false},"recipe":[],"product_brand":[],"product_cat":[7592,7590,17153],"product_tag":[],"class_list":{"0":"post-54868","1":"product","2":"type-product","3":"status-publish","4":"has-post-thumbnail","6":"product_cat-anniversaire-de-naissance","7":"product_cat-fleurs-anniversaire-fiancailles-montreal","8":"product_cat-fleurs-occasions-montreal","10":"first","11":"instock","12":"shipping-taxable","13":"purchasable","14":"product-type-simple"},"acf":[],"_links":{"self":[{"href":"https:\/\/lebouquet.brstdev.com\/fr\/wp-json\/wp\/v2\/product\/54868","targetHints":{"allow":["GET"]}}],"collection":[{"href":"https:\/\/lebouquet.brstdev.com\/fr\/wp-json\/wp\/v2\/product"}],"about":[{"href":"https:\/\/lebouquet.brstdev.com\/fr\/wp-json\/wp\/v2\/types\/product"}],"replies":[{"embeddable":true,"href":"https:\/\/lebouquet.brstdev.com\/fr\/wp-json\/wp\/v2\/comments?post=54868"}],"wp:featuredmedia":[{"embeddable":true,"href":"https:\/\/lebouquet.brstdev.com\/fr\/wp-json\/wp\/v2\/media\/98063"}],"wp:attachment":[{"href":"https:\/\/lebouquet.brstdev.com\/fr\/wp-json\/wp\/v2\/media?parent=54868"}],"wp:term":[{"taxonomy":"recipe","embeddable":true,"href":"https:\/\/lebouquet.brstdev.com\/fr\/wp-json\/wp\/v2\/recipe?post=54868"},{"taxonomy":"product_brand","embeddable":true,"href":"https:\/\/lebouquet.brstdev.com\/fr\/wp-json\/wp\/v2\/product_brand?post=54868"},{"taxonomy":"product_cat","embeddable":true,"href":"https:\/\/lebouquet.brstdev.com\/fr\/wp-json\/wp\/v2\/product_cat?post=54868"},{"taxonomy":"product_tag","embeddable":true,"href":"https:\/\/lebouquet.brstdev.com\/fr\/wp-json\/wp\/v2\/product_tag?post=54868"}],"curies":[{"name":"wp","href":"https:\/\/api.w.org\/{rel}","templated":true}]}}