{"id":54809,"date":"2024-01-19T07:38:37","date_gmt":"2024-01-19T12:38:37","guid":{"rendered":"https:\/\/lebouquetnew.brstdev.com\/holiday-mixed-bouquet\/"},"modified":"2025-08-13T06:10:16","modified_gmt":"2025-08-13T10:10:16","slug":"bouquet-festif-des-fetes","status":"publish","type":"product","link":"https:\/\/lebouquet.brstdev.com\/fr\/bouquet-festif-des-fetes\/","title":{"rendered":"Bouquet Mixte des F\u00eates"},"content":{"rendered":"<p>C\u00e9l\u00e9brez la saison festive avec la beaut\u00e9 intemporelle de notre <strong>Bouquet Mixte des F\u00eates<\/strong>. Cet arrangement \u00e9l\u00e9gant met en valeur des lys blancs raffin\u00e9s, des roses rouges vibrantes, des gerberas joyeux et des marguerites blanches \u00e9clatantes, agr\u00e9ment\u00e9s de verdure saisonni\u00e8re luxuriante, de baies rouges et d&rsquo;ornements dor\u00e9s. Pr\u00e9sent\u00e9 dans un vase classique et orn\u00e9 d\u2019un n\u0153ud festif rouge et vert, ce bouquet d\u00e9gage tout le charme et la chaleur des F\u00eates, parfait pour d\u00e9corer votre maison ou offrir \u00e0 vos proches.<\/p>\n<p><strong>Conseils d&rsquo;entretien :<\/strong><\/p>\n<ul>\n<li>Placer dans un endroit frais, \u00e0 l\u2019abri de la lumi\u00e8re directe du soleil et des sources de chaleur.<\/li>\n<li>Ajouter de l\u2019eau quotidiennement pour pr\u00e9server la fra\u00eecheur des fleurs.<\/li>\n<\/ul>\n<p><i>Apportez l&rsquo;esprit des F\u00eates dans votre maison avec ce Bouquet Mixte des F\u00eates !<\/i><\/p>\n","protected":false},"excerpt":{"rendered":"<p>C\u00e9l\u00e9brez la saison festive avec la beaut\u00e9 intemporelle de notre Bouquet Mixte des F\u00eates. Cet arrangement \u00e9l\u00e9gant met en valeur des lys blancs raffin\u00e9s, des roses rouges vibrantes, des gerberas joyeux et des marguerites blanches \u00e9clatantes, agr\u00e9ment\u00e9s de verdure saisonni\u00e8re luxuriante, de baies rouges et d&rsquo;ornements dor\u00e9s. Pr\u00e9sent\u00e9 dans un vase classique et orn\u00e9 d\u2019un [&hellip;]<\/p>\n","protected":false},"featured_media":100174,"comment_status":"open","ping_status":"closed","template":"","meta":{"_acf_changed":false,"inline_featured_image":false},"recipe":[],"product_brand":[],"product_cat":[7578,18047,7648,7560,7559,7569,7647,7577,18046,17153,7554,7553],"product_tag":[],"class_list":{"0":"post-54809","1":"product","2":"type-product","3":"status-publish","4":"has-post-thumbnail","6":"product_cat-bouquets-des-fetes","7":"product_cat-boutique-des-fetes","8":"product_cat-cadeaux","9":"product_cat-fleurs-2-2","10":"product_cat-flowers","11":"product_cat-occasions","12":"product_cat-gift-shop","13":"product_cat-holiday-bouquets","14":"product_cat-holiday-gift-shop","15":"product_cat-occasions-fr","16":"product_cat-populaires","17":"product_cat-popular","19":"first","20":"instock","21":"shipping-taxable","22":"purchasable","23":"product-type-simple"},"acf":[],"_links":{"self":[{"href":"https:\/\/lebouquet.brstdev.com\/fr\/wp-json\/wp\/v2\/product\/54809","targetHints":{"allow":["GET"]}}],"collection":[{"href":"https:\/\/lebouquet.brstdev.com\/fr\/wp-json\/wp\/v2\/product"}],"about":[{"href":"https:\/\/lebouquet.brstdev.com\/fr\/wp-json\/wp\/v2\/types\/product"}],"replies":[{"embeddable":true,"href":"https:\/\/lebouquet.brstdev.com\/fr\/wp-json\/wp\/v2\/comments?post=54809"}],"wp:featuredmedia":[{"embeddable":true,"href":"https:\/\/lebouquet.brstdev.com\/fr\/wp-json\/wp\/v2\/media\/100174"}],"wp:attachment":[{"href":"https:\/\/lebouquet.brstdev.com\/fr\/wp-json\/wp\/v2\/media?parent=54809"}],"wp:term":[{"taxonomy":"recipe","embeddable":true,"href":"https:\/\/lebouquet.brstdev.com\/fr\/wp-json\/wp\/v2\/recipe?post=54809"},{"taxonomy":"product_brand","embeddable":true,"href":"https:\/\/lebouquet.brstdev.com\/fr\/wp-json\/wp\/v2\/product_brand?post=54809"},{"taxonomy":"product_cat","embeddable":true,"href":"https:\/\/lebouquet.brstdev.com\/fr\/wp-json\/wp\/v2\/product_cat?post=54809"},{"taxonomy":"product_tag","embeddable":true,"href":"https:\/\/lebouquet.brstdev.com\/fr\/wp-json\/wp\/v2\/product_tag?post=54809"}],"curies":[{"name":"wp","href":"https:\/\/api.w.org\/{rel}","templated":true}]}}