{"id":54776,"date":"2024-01-19T07:38:18","date_gmt":"2024-01-19T12:38:18","guid":{"rendered":"https:\/\/lebouquetnew.brstdev.com\/jewelry-box-of-leonidas-belgian-chocolates\/"},"modified":"2025-08-13T06:10:17","modified_gmt":"2025-08-13T10:10:17","slug":"boite-a-bijoux-30-morceaux","status":"publish","type":"product","link":"https:\/\/lebouquet.brstdev.com\/fr\/boite-a-bijoux-30-morceaux\/","title":{"rendered":"Bo\u00eete \u00e0 bijoux &#8211; 30 morceaux"},"content":{"rendered":"<p>Une savoureuse s\u00e9lection des meilleures cr\u00e9ations de Leonidas Chocolatier pour cette p\u00e9riode de f\u00eates! Trente (30) pi\u00e8ces de chocolat succulentes sont pr\u00e9sent\u00e9es dans une bo\u00eete \u00e0 bijoux en satin \u00e0 deux niveaux, qui peut \u00eatre r\u00e9utilis\u00e9e plus tard pour votre propre besoin! Un article parfait pour les gourmands de votre famille. Dimensions de la bo\u00eete : 9\u00a0\u00bbL x 6\u00a0\u00bbW x 3.5\u00a0\u00bbH<\/p>\n","protected":false},"excerpt":{"rendered":"<p>Une savoureuse s\u00e9lection des meilleures cr\u00e9ations de Leonidas Chocolatier pour cette p\u00e9riode de f\u00eates! Trente (30) pi\u00e8ces de chocolat succulentes sont pr\u00e9sent\u00e9es dans une bo\u00eete \u00e0 bijoux en satin \u00e0 deux niveaux, qui peut \u00eatre r\u00e9utilis\u00e9e plus tard pour votre propre besoin! Un article parfait pour les gourmands de votre famille. Dimensions de la bo\u00eete [&hellip;]<\/p>\n","protected":false},"featured_media":54765,"comment_status":"open","ping_status":"closed","template":"","meta":{"_acf_changed":false,"inline_featured_image":false},"recipe":[],"product_brand":[],"product_cat":[7648,7649,17155,7647],"product_tag":[],"class_list":{"0":"post-54776","1":"product","2":"type-product","3":"status-publish","4":"has-post-thumbnail","6":"product_cat-cadeaux","7":"product_cat-chocolates","8":"product_cat-chocolates-fr","9":"product_cat-gift-shop","11":"first","12":"instock","13":"shipping-taxable","14":"purchasable","15":"product-type-simple"},"acf":[],"_links":{"self":[{"href":"https:\/\/lebouquet.brstdev.com\/fr\/wp-json\/wp\/v2\/product\/54776","targetHints":{"allow":["GET"]}}],"collection":[{"href":"https:\/\/lebouquet.brstdev.com\/fr\/wp-json\/wp\/v2\/product"}],"about":[{"href":"https:\/\/lebouquet.brstdev.com\/fr\/wp-json\/wp\/v2\/types\/product"}],"replies":[{"embeddable":true,"href":"https:\/\/lebouquet.brstdev.com\/fr\/wp-json\/wp\/v2\/comments?post=54776"}],"wp:featuredmedia":[{"embeddable":true,"href":"https:\/\/lebouquet.brstdev.com\/fr\/wp-json\/wp\/v2\/media\/54765"}],"wp:attachment":[{"href":"https:\/\/lebouquet.brstdev.com\/fr\/wp-json\/wp\/v2\/media?parent=54776"}],"wp:term":[{"taxonomy":"recipe","embeddable":true,"href":"https:\/\/lebouquet.brstdev.com\/fr\/wp-json\/wp\/v2\/recipe?post=54776"},{"taxonomy":"product_brand","embeddable":true,"href":"https:\/\/lebouquet.brstdev.com\/fr\/wp-json\/wp\/v2\/product_brand?post=54776"},{"taxonomy":"product_cat","embeddable":true,"href":"https:\/\/lebouquet.brstdev.com\/fr\/wp-json\/wp\/v2\/product_cat?post=54776"},{"taxonomy":"product_tag","embeddable":true,"href":"https:\/\/lebouquet.brstdev.com\/fr\/wp-json\/wp\/v2\/product_tag?post=54776"}],"curies":[{"name":"wp","href":"https:\/\/api.w.org\/{rel}","templated":true}]}}