{"id":54754,"date":"2024-01-19T07:38:00","date_gmt":"2024-01-19T12:38:00","guid":{"rendered":"https:\/\/lebouquetnew.brstdev.com\/dora-round-box-of-leonidas-chocolates\/"},"modified":"2025-08-13T06:10:18","modified_gmt":"2025-08-13T10:10:18","slug":"boite-dora-de-chocolats-leonidas","status":"publish","type":"product","link":"https:\/\/lebouquet.brstdev.com\/fr\/boite-dora-de-chocolats-leonidas\/","title":{"rendered":"Bo\u00eete Dora de chocolats Leonidas"},"content":{"rendered":"<p>Cette \u00e9l\u00e9gante boite ronde&nbsp;de d\u00e9licieux chocolats belges Leonidas comprend&nbsp;2 \u00e9tages de chocolats assortis. Vous y voyez&nbsp;22 morceaux diff\u00e9rents&nbsp;chocolats blancs, noirs et au lait&nbsp;\u00e0 savourer. Cette bo\u00eete ronde remplie&nbsp;de saveurs est parfaite pour toute occasion. Environ 7&Prime; de diametre x&nbsp;3.5&Prime;H.<\/p>\n","protected":false},"excerpt":{"rendered":"<p>Cette \u00e9l\u00e9gante boite ronde&nbsp;de d\u00e9licieux chocolats belges Leonidas comprend&nbsp;2 \u00e9tages de chocolats assortis. Vous y voyez&nbsp;22 morceaux diff\u00e9rents&nbsp;chocolats blancs, noirs et au lait&nbsp;\u00e0 savourer. Cette bo\u00eete ronde remplie&nbsp;de saveurs est parfaite pour toute occasion. Environ 7&Prime; de diametre x&nbsp;3.5&Prime;H.<\/p>\n","protected":false},"featured_media":54745,"comment_status":"open","ping_status":"closed","template":"","meta":{"_acf_changed":false,"inline_featured_image":false},"recipe":[],"product_brand":[],"product_cat":[7648,7649,17155,7647],"product_tag":[],"class_list":{"0":"post-54754","1":"product","2":"type-product","3":"status-publish","4":"has-post-thumbnail","6":"product_cat-cadeaux","7":"product_cat-chocolates","8":"product_cat-chocolates-fr","9":"product_cat-gift-shop","11":"first","12":"instock","13":"shipping-taxable","14":"purchasable","15":"product-type-simple"},"acf":[],"_links":{"self":[{"href":"https:\/\/lebouquet.brstdev.com\/fr\/wp-json\/wp\/v2\/product\/54754","targetHints":{"allow":["GET"]}}],"collection":[{"href":"https:\/\/lebouquet.brstdev.com\/fr\/wp-json\/wp\/v2\/product"}],"about":[{"href":"https:\/\/lebouquet.brstdev.com\/fr\/wp-json\/wp\/v2\/types\/product"}],"replies":[{"embeddable":true,"href":"https:\/\/lebouquet.brstdev.com\/fr\/wp-json\/wp\/v2\/comments?post=54754"}],"wp:featuredmedia":[{"embeddable":true,"href":"https:\/\/lebouquet.brstdev.com\/fr\/wp-json\/wp\/v2\/media\/54745"}],"wp:attachment":[{"href":"https:\/\/lebouquet.brstdev.com\/fr\/wp-json\/wp\/v2\/media?parent=54754"}],"wp:term":[{"taxonomy":"recipe","embeddable":true,"href":"https:\/\/lebouquet.brstdev.com\/fr\/wp-json\/wp\/v2\/recipe?post=54754"},{"taxonomy":"product_brand","embeddable":true,"href":"https:\/\/lebouquet.brstdev.com\/fr\/wp-json\/wp\/v2\/product_brand?post=54754"},{"taxonomy":"product_cat","embeddable":true,"href":"https:\/\/lebouquet.brstdev.com\/fr\/wp-json\/wp\/v2\/product_cat?post=54754"},{"taxonomy":"product_tag","embeddable":true,"href":"https:\/\/lebouquet.brstdev.com\/fr\/wp-json\/wp\/v2\/product_tag?post=54754"}],"curies":[{"name":"wp","href":"https:\/\/api.w.org\/{rel}","templated":true}]}}