{"id":54743,"date":"2024-01-19T07:37:52","date_gmt":"2024-01-19T12:37:52","guid":{"rendered":"https:\/\/lebouquetnew.brstdev.com\/leonidas-assorted-santiago-box\/"},"modified":"2025-08-13T06:10:18","modified_gmt":"2025-08-13T10:10:18","slug":"boite-santiago-de-chocolats-leonidas","status":"publish","type":"product","link":"https:\/\/lebouquet.brstdev.com\/fr\/boite-santiago-de-chocolats-leonidas\/","title":{"rendered":"Bo\u00eete Santiago de chocolats Leonidas"},"content":{"rendered":"<p>Cette belle boite de chocolats belges Leonidas offre deux \u00e9tages de d\u00e9licieux chocolats assortis \u00e0 savourer. Vous y trouverez 40 morceaux diff\u00e9rents de chocolats&nbsp;blancs, de chocolats au lait et de chocolats noir. Une belle id\u00e9e cadeau pour le temps des f\u00eates! Grandeur de la boite: 7.5&Prime;L X 7.5&Prime;L X 2.5&Prime;H &nbsp;<\/p>\n","protected":false},"excerpt":{"rendered":"<p>Cette belle boite de chocolats belges Leonidas offre deux \u00e9tages de d\u00e9licieux chocolats assortis \u00e0 savourer. Vous y trouverez 40 morceaux diff\u00e9rents de chocolats&nbsp;blancs, de chocolats au lait et de chocolats noir. Une belle id\u00e9e cadeau pour le temps des f\u00eates! Grandeur de la boite: 7.5&Prime;L X 7.5&Prime;L X 2.5&Prime;H &nbsp;<\/p>\n","protected":false},"featured_media":54736,"comment_status":"open","ping_status":"closed","template":"","meta":{"_acf_changed":false,"inline_featured_image":false},"recipe":[],"product_brand":[],"product_cat":[7648,7649,17155,7647],"product_tag":[],"class_list":{"0":"post-54743","1":"product","2":"type-product","3":"status-publish","4":"has-post-thumbnail","6":"product_cat-cadeaux","7":"product_cat-chocolates","8":"product_cat-chocolates-fr","9":"product_cat-gift-shop","11":"first","12":"instock","13":"shipping-taxable","14":"purchasable","15":"product-type-simple"},"acf":[],"_links":{"self":[{"href":"https:\/\/lebouquet.brstdev.com\/fr\/wp-json\/wp\/v2\/product\/54743","targetHints":{"allow":["GET"]}}],"collection":[{"href":"https:\/\/lebouquet.brstdev.com\/fr\/wp-json\/wp\/v2\/product"}],"about":[{"href":"https:\/\/lebouquet.brstdev.com\/fr\/wp-json\/wp\/v2\/types\/product"}],"replies":[{"embeddable":true,"href":"https:\/\/lebouquet.brstdev.com\/fr\/wp-json\/wp\/v2\/comments?post=54743"}],"wp:featuredmedia":[{"embeddable":true,"href":"https:\/\/lebouquet.brstdev.com\/fr\/wp-json\/wp\/v2\/media\/54736"}],"wp:attachment":[{"href":"https:\/\/lebouquet.brstdev.com\/fr\/wp-json\/wp\/v2\/media?parent=54743"}],"wp:term":[{"taxonomy":"recipe","embeddable":true,"href":"https:\/\/lebouquet.brstdev.com\/fr\/wp-json\/wp\/v2\/recipe?post=54743"},{"taxonomy":"product_brand","embeddable":true,"href":"https:\/\/lebouquet.brstdev.com\/fr\/wp-json\/wp\/v2\/product_brand?post=54743"},{"taxonomy":"product_cat","embeddable":true,"href":"https:\/\/lebouquet.brstdev.com\/fr\/wp-json\/wp\/v2\/product_cat?post=54743"},{"taxonomy":"product_tag","embeddable":true,"href":"https:\/\/lebouquet.brstdev.com\/fr\/wp-json\/wp\/v2\/product_tag?post=54743"}],"curies":[{"name":"wp","href":"https:\/\/api.w.org\/{rel}","templated":true}]}}