{"id":54440,"date":"2024-01-19T07:33:03","date_gmt":"2024-01-19T12:33:03","guid":{"rendered":"https:\/\/lebouquetnew.brstdev.com\/warm-farewell-urn-tribute\/"},"modified":"2025-08-13T06:10:25","modified_gmt":"2025-08-13T10:10:25","slug":"dernier-concert","status":"publish","type":"product","link":"https:\/\/lebouquet.brstdev.com\/fr\/dernier-concert\/","title":{"rendered":"Dernier concert"},"content":{"rendered":"<p>Cet arrangement con\u00e7u sp\u00e9cialement pour l&rsquo;urne rev\u00eate plusieurs teintes d&rsquo;orange, de rouge et de vert&nbsp;qui sauront rendre hommage au d\u00e9funt ou \u00e0 la d\u00e9funte.&nbsp;STANDARD&nbsp;: petit et discret. DE LUXE : plus large et plus pr\u00e9sent PREMIUM&nbsp;:&nbsp;arrangement complet pour occuper un grand espace.&nbsp;<\/p>\n","protected":false},"excerpt":{"rendered":"<p>Cet arrangement con\u00e7u sp\u00e9cialement pour l&rsquo;urne rev\u00eate plusieurs teintes d&rsquo;orange, de rouge et de vert&nbsp;qui sauront rendre hommage au d\u00e9funt ou \u00e0 la d\u00e9funte.&nbsp;STANDARD&nbsp;: petit et discret. DE LUXE : plus large et plus pr\u00e9sent PREMIUM&nbsp;:&nbsp;arrangement complet pour occuper un grand espace.&nbsp;<\/p>\n","protected":false},"featured_media":54433,"comment_status":"open","ping_status":"closed","template":"","meta":{"_acf_changed":false,"inline_featured_image":false},"recipe":[],"product_brand":[],"product_cat":[7636,7620,7619,7635],"product_tag":[],"class_list":{"0":"post-54440","1":"product","2":"type-product","3":"status-publish","4":"has-post-thumbnail","6":"product_cat-arrangements-pour-les-urnes-funeraire","7":"product_cat-funeraire","8":"product_cat-funeral","9":"product_cat-urn-arrangements","11":"first","12":"instock","13":"shipping-taxable","14":"purchasable","15":"product-type-simple"},"acf":[],"_links":{"self":[{"href":"https:\/\/lebouquet.brstdev.com\/fr\/wp-json\/wp\/v2\/product\/54440","targetHints":{"allow":["GET"]}}],"collection":[{"href":"https:\/\/lebouquet.brstdev.com\/fr\/wp-json\/wp\/v2\/product"}],"about":[{"href":"https:\/\/lebouquet.brstdev.com\/fr\/wp-json\/wp\/v2\/types\/product"}],"replies":[{"embeddable":true,"href":"https:\/\/lebouquet.brstdev.com\/fr\/wp-json\/wp\/v2\/comments?post=54440"}],"wp:featuredmedia":[{"embeddable":true,"href":"https:\/\/lebouquet.brstdev.com\/fr\/wp-json\/wp\/v2\/media\/54433"}],"wp:attachment":[{"href":"https:\/\/lebouquet.brstdev.com\/fr\/wp-json\/wp\/v2\/media?parent=54440"}],"wp:term":[{"taxonomy":"recipe","embeddable":true,"href":"https:\/\/lebouquet.brstdev.com\/fr\/wp-json\/wp\/v2\/recipe?post=54440"},{"taxonomy":"product_brand","embeddable":true,"href":"https:\/\/lebouquet.brstdev.com\/fr\/wp-json\/wp\/v2\/product_brand?post=54440"},{"taxonomy":"product_cat","embeddable":true,"href":"https:\/\/lebouquet.brstdev.com\/fr\/wp-json\/wp\/v2\/product_cat?post=54440"},{"taxonomy":"product_tag","embeddable":true,"href":"https:\/\/lebouquet.brstdev.com\/fr\/wp-json\/wp\/v2\/product_tag?post=54440"}],"curies":[{"name":"wp","href":"https:\/\/api.w.org\/{rel}","templated":true}]}}