{"id":54054,"date":"2024-01-19T07:25:24","date_gmt":"2024-01-19T12:25:24","guid":{"rendered":"https:\/\/lebouquetnew.brstdev.com\/rose-trio\/"},"modified":"2026-03-28T03:02:30","modified_gmt":"2026-03-28T07:02:30","slug":"trio-de-roses","status":"publish","type":"product","link":"https:\/\/lebouquet.brstdev.com\/fr\/trio-de-roses\/","title":{"rendered":"Trio de roses"},"content":{"rendered":"<p>Parfois, ce sont les gestes les plus simples qui ont le plus de sens. <strong>Trio de Roses<\/strong> est un bouquet d\u00e9licat et attentionn\u00e9, parfait pour exprimer l\u2019affection, la tendresse ou une douce pens\u00e9e, sans exc\u00e8s.<\/p>\n<p>Cette composition met en valeur <strong>trois roses fra\u00eeches<\/strong>, offertes en <strong>rouge classique ou en couleurs assorties<\/strong>, accompagn\u00e9es de <strong>gypsophile et de feuillage frais<\/strong>. \u00c9l\u00e9gant et discret, ce bouquet convient aussi bien \u00e0 un premier rendez-vous, \u00e0 une surprise spontan\u00e9e, qu\u2019\u00e0 un petit geste pour illuminer la journ\u00e9e de quelqu\u2019un.<\/p>\n<p>Pr\u00e9sent\u00e9 <strong>sans vase<\/strong>, le bouquet est soigneusement emball\u00e9 dans un cellophane transparent afin de laisser toute la place \u00e0 la beaut\u00e9 naturelle des fleurs. Facile \u00e0 offrir et \u00e0 transporter, il ne n\u00e9cessite ni eau ni pr\u00e9cautions particuli\u00e8res.<\/p>\n<p>Pour enrichir ce geste, il est possible d\u2019ajouter <strong>des chocolats ou un toutou<\/strong>, transformant ainsi une attention d\u00e9licate en un souvenir touchant.<\/p>\n<p>Un choix intemporel pour dire beaucoup\u2026 avec simplicit\u00e9.<\/p>\n","protected":false},"excerpt":{"rendered":"<p>Parfois, ce sont les gestes les plus simples qui ont le plus de sens. Trio de Roses est un bouquet d\u00e9licat et attentionn\u00e9, parfait pour exprimer l\u2019affection, la tendresse ou une douce pens\u00e9e, sans exc\u00e8s. Cette composition met en valeur trois roses fra\u00eeches, offertes en rouge classique ou en couleurs assorties, accompagn\u00e9es de gypsophile et [&hellip;]<\/p>\n","protected":false},"featured_media":92927,"comment_status":"open","ping_status":"closed","template":"","meta":{"_acf_changed":false},"recipe":[],"product_brand":[],"product_cat":[7588,7560,7572,17153,7569,7559,7587,7561,7562,7571],"product_tag":[],"class_list":{"0":"post-54054","1":"product","2":"type-product","3":"status-publish","4":"has-post-thumbnail","6":"product_cat-fete-des-meres-evenements","7":"product_cat-fleurs-montreal","8":"product_cat-saint-valentine","9":"product_cat-fleurs-occasions-montreal","10":"product_cat-flower-occasions-montreal","11":"product_cat-flowers-montreal","12":"product_cat-mothers-day","13":"product_cat-rose-montreal","14":"product_cat-roses-fraiches-montreal","15":"product_cat-valentines","17":"first","18":"instock","19":"shipping-taxable","20":"purchasable","21":"product-type-simple"},"acf":[],"_links":{"self":[{"href":"https:\/\/lebouquet.brstdev.com\/fr\/wp-json\/wp\/v2\/product\/54054","targetHints":{"allow":["GET"]}}],"collection":[{"href":"https:\/\/lebouquet.brstdev.com\/fr\/wp-json\/wp\/v2\/product"}],"about":[{"href":"https:\/\/lebouquet.brstdev.com\/fr\/wp-json\/wp\/v2\/types\/product"}],"replies":[{"embeddable":true,"href":"https:\/\/lebouquet.brstdev.com\/fr\/wp-json\/wp\/v2\/comments?post=54054"}],"wp:featuredmedia":[{"embeddable":true,"href":"https:\/\/lebouquet.brstdev.com\/fr\/wp-json\/wp\/v2\/media\/92927"}],"wp:attachment":[{"href":"https:\/\/lebouquet.brstdev.com\/fr\/wp-json\/wp\/v2\/media?parent=54054"}],"wp:term":[{"taxonomy":"recipe","embeddable":true,"href":"https:\/\/lebouquet.brstdev.com\/fr\/wp-json\/wp\/v2\/recipe?post=54054"},{"taxonomy":"product_brand","embeddable":true,"href":"https:\/\/lebouquet.brstdev.com\/fr\/wp-json\/wp\/v2\/product_brand?post=54054"},{"taxonomy":"product_cat","embeddable":true,"href":"https:\/\/lebouquet.brstdev.com\/fr\/wp-json\/wp\/v2\/product_cat?post=54054"},{"taxonomy":"product_tag","embeddable":true,"href":"https:\/\/lebouquet.brstdev.com\/fr\/wp-json\/wp\/v2\/product_tag?post=54054"}],"curies":[{"name":"wp","href":"https:\/\/api.w.org\/{rel}","templated":true}]}}