{"id":53934,"date":"2024-01-19T07:23:40","date_gmt":"2024-01-19T12:23:40","guid":{"rendered":"https:\/\/lebouquetnew.brstdev.com\/banner\/"},"modified":"2025-12-05T00:53:44","modified_gmt":"2025-12-05T05:53:44","slug":"ruban","status":"publish","type":"product","link":"https:\/\/lebouquet.brstdev.com\/fr\/ruban\/","title":{"rendered":"Ruban"},"content":{"rendered":"<p>Imprimez&nbsp;votre message personel sur une petite banderole pour un&nbsp;arrangement fun\u00e9raire. La longueur maximale est de 24 pouces. Si le message d\u00e9passe 24 pouces, nous pouvons l&rsquo;imprimer sur deux lignes. Vos choix de couleur pour l&rsquo;\u00e9criture sont or&nbsp;ou noir. Veuillez, s&rsquo;il vous&nbsp;pla\u00eet \u00e9crire votre texte dans la section commentaires \u00e0 la fin de votre commande par internet.<\/p>\n","protected":false},"excerpt":{"rendered":"<p>Imprimez&nbsp;votre message personel sur une petite banderole pour un&nbsp;arrangement fun\u00e9raire. La longueur maximale est de 24 pouces. Si le message d\u00e9passe 24 pouces, nous pouvons l&rsquo;imprimer sur deux lignes. Vos choix de couleur pour l&rsquo;\u00e9criture sont or&nbsp;ou noir. Veuillez, s&rsquo;il vous&nbsp;pla\u00eet \u00e9crire votre texte dans la section commentaires \u00e0 la fin de votre commande par [&hellip;]<\/p>\n","protected":false},"featured_media":53916,"comment_status":"open","ping_status":"closed","template":"","meta":{"_acf_changed":false,"inline_featured_image":false},"recipe":[],"product_brand":[],"product_cat":[7632,7634,7626,7630,7620,7638,7628],"product_tag":[],"class_list":{"0":"post-53934","1":"product","2":"type-product","3":"status-publish","4":"has-post-thumbnail","6":"product_cat-arrangements-en-forme-de-coeur-funeraire","7":"product_cat-arrangements-en-forme-de-croix-funeraire","8":"product_cat-arrangements-pour-les-etablissements-funeraires-funeraire","9":"product_cat-couronnes-funeraire","10":"product_cat-funeraire","11":"product_cat-gerbes-de-cercueil-funeraire","12":"product_cat-gerbes-murales-funeraire","14":"first","15":"instock","16":"shipping-taxable","17":"purchasable","18":"product-type-simple"},"acf":[],"_links":{"self":[{"href":"https:\/\/lebouquet.brstdev.com\/fr\/wp-json\/wp\/v2\/product\/53934","targetHints":{"allow":["GET"]}}],"collection":[{"href":"https:\/\/lebouquet.brstdev.com\/fr\/wp-json\/wp\/v2\/product"}],"about":[{"href":"https:\/\/lebouquet.brstdev.com\/fr\/wp-json\/wp\/v2\/types\/product"}],"replies":[{"embeddable":true,"href":"https:\/\/lebouquet.brstdev.com\/fr\/wp-json\/wp\/v2\/comments?post=53934"}],"wp:featuredmedia":[{"embeddable":true,"href":"https:\/\/lebouquet.brstdev.com\/fr\/wp-json\/wp\/v2\/media\/53916"}],"wp:attachment":[{"href":"https:\/\/lebouquet.brstdev.com\/fr\/wp-json\/wp\/v2\/media?parent=53934"}],"wp:term":[{"taxonomy":"recipe","embeddable":true,"href":"https:\/\/lebouquet.brstdev.com\/fr\/wp-json\/wp\/v2\/recipe?post=53934"},{"taxonomy":"product_brand","embeddable":true,"href":"https:\/\/lebouquet.brstdev.com\/fr\/wp-json\/wp\/v2\/product_brand?post=53934"},{"taxonomy":"product_cat","embeddable":true,"href":"https:\/\/lebouquet.brstdev.com\/fr\/wp-json\/wp\/v2\/product_cat?post=53934"},{"taxonomy":"product_tag","embeddable":true,"href":"https:\/\/lebouquet.brstdev.com\/fr\/wp-json\/wp\/v2\/product_tag?post=53934"}],"curies":[{"name":"wp","href":"https:\/\/api.w.org\/{rel}","templated":true}]}}