{"id":53896,"date":"2024-01-19T07:23:14","date_gmt":"2024-01-19T12:23:14","guid":{"rendered":"https:\/\/lebouquetnew.brstdev.com\/the-ftd-remembering-mom\/"},"modified":"2025-08-13T06:10:45","modified_gmt":"2025-08-13T10:10:45","slug":"en-memoire-de-maman-de-ftd","status":"publish","type":"product","link":"https:\/\/lebouquet.brstdev.com\/fr\/en-memoire-de-maman-de-ftd\/","title":{"rendered":"En m\u00e9moire de maman de FTD"},"content":{"rendered":"<p>Cet arrangement FTD\u00ae&nbsp;honore la vie et l\u2019amour que vous portez \u00e0 votre m\u00e8re. Des rosettes roses p\u00e2les, des chrysanth\u00e8mes prunes, des margeurites, soupir de b\u00e9b\u00e9&nbsp;et des tiges de myrte sont artistiquement plac\u00e9s&nbsp;de fa\u00e7on \u00e0 \u00e9peler le mot \u00ab\u00a0Mom\u00a0\u00bb. En m\u00e9moire de&nbsp;la femme qui continuera \u00e0&nbsp;modeler votre chemin de vie. Environ 13&Prime;H&nbsp;x 33&Prime;L.<\/p>\n","protected":false},"excerpt":{"rendered":"<p>Cet arrangement FTD\u00ae&nbsp;honore la vie et l\u2019amour que vous portez \u00e0 votre m\u00e8re. Des rosettes roses p\u00e2les, des chrysanth\u00e8mes prunes, des margeurites, soupir de b\u00e9b\u00e9&nbsp;et des tiges de myrte sont artistiquement plac\u00e9s&nbsp;de fa\u00e7on \u00e0 \u00e9peler le mot \u00ab\u00a0Mom\u00a0\u00bb. En m\u00e9moire de&nbsp;la femme qui continuera \u00e0&nbsp;modeler votre chemin de vie. Environ 13&Prime;H&nbsp;x 33&Prime;L.<\/p>\n","protected":false},"featured_media":53889,"comment_status":"open","ping_status":"closed","template":"","meta":{"_acf_changed":false,"inline_featured_image":false},"recipe":[],"product_brand":[],"product_cat":[7623,7620,7619,7624],"product_tag":[],"class_list":{"0":"post-53896","1":"product","2":"type-product","3":"status-publish","4":"has-post-thumbnail","6":"product_cat-customized-specialties","7":"product_cat-funeraire","8":"product_cat-funeral","9":"product_cat-pieces-personnalisees-funeraire","11":"first","12":"instock","13":"shipping-taxable","14":"purchasable","15":"product-type-simple"},"acf":[],"_links":{"self":[{"href":"https:\/\/lebouquet.brstdev.com\/fr\/wp-json\/wp\/v2\/product\/53896","targetHints":{"allow":["GET"]}}],"collection":[{"href":"https:\/\/lebouquet.brstdev.com\/fr\/wp-json\/wp\/v2\/product"}],"about":[{"href":"https:\/\/lebouquet.brstdev.com\/fr\/wp-json\/wp\/v2\/types\/product"}],"replies":[{"embeddable":true,"href":"https:\/\/lebouquet.brstdev.com\/fr\/wp-json\/wp\/v2\/comments?post=53896"}],"wp:featuredmedia":[{"embeddable":true,"href":"https:\/\/lebouquet.brstdev.com\/fr\/wp-json\/wp\/v2\/media\/53889"}],"wp:attachment":[{"href":"https:\/\/lebouquet.brstdev.com\/fr\/wp-json\/wp\/v2\/media?parent=53896"}],"wp:term":[{"taxonomy":"recipe","embeddable":true,"href":"https:\/\/lebouquet.brstdev.com\/fr\/wp-json\/wp\/v2\/recipe?post=53896"},{"taxonomy":"product_brand","embeddable":true,"href":"https:\/\/lebouquet.brstdev.com\/fr\/wp-json\/wp\/v2\/product_brand?post=53896"},{"taxonomy":"product_cat","embeddable":true,"href":"https:\/\/lebouquet.brstdev.com\/fr\/wp-json\/wp\/v2\/product_cat?post=53896"},{"taxonomy":"product_tag","embeddable":true,"href":"https:\/\/lebouquet.brstdev.com\/fr\/wp-json\/wp\/v2\/product_tag?post=53896"}],"curies":[{"name":"wp","href":"https:\/\/api.w.org\/{rel}","templated":true}]}}