{"id":53764,"date":"2024-01-19T07:21:29","date_gmt":"2024-01-19T12:21:29","guid":{"rendered":"https:\/\/lebouquetnew.brstdev.com\/graceful-tribute-wreath\/"},"modified":"2026-03-28T05:39:09","modified_gmt":"2026-03-28T09:39:09","slug":"couronne-hommage-gracieux","status":"publish","type":"product","link":"https:\/\/lebouquet.brstdev.com\/fr\/couronne-hommage-gracieux\/","title":{"rendered":"Couronne Hommage gracieux"},"content":{"rendered":"<p>Des roses, des \u0153illets et des gerberas&nbsp;rouge sont mis en valeur par de mini \u0153illets bourgogne&nbsp;et son cort\u00e8ge de verdure. Cette gerbe rouge pr\u00e9sent\u00e9e sur une couronne de chrysanth\u00e8mes blanc est parfait pour un dernier service d&rsquo;au revoir.<\/p>\n<p>Mesure environ 58&Prime;H&nbsp;x 27&Prime;L<\/p>\n","protected":false},"excerpt":{"rendered":"<p style=\"text-align:center;\">Environ 58&Prime;H&nbsp;x 27&Prime;L<\/p>\n","protected":false},"featured_media":53757,"comment_status":"open","ping_status":"closed","template":"","meta":{"_acf_changed":false},"recipe":[],"product_brand":[],"product_cat":[7630,7620],"product_tag":[],"class_list":{"0":"post-53764","1":"product","2":"type-product","3":"status-publish","4":"has-post-thumbnail","6":"product_cat-couronnes-funeraire","7":"product_cat-fleurs-funeraires-montreal","9":"first","10":"instock","11":"shipping-taxable","12":"purchasable","13":"product-type-simple"},"acf":[],"_links":{"self":[{"href":"https:\/\/lebouquet.brstdev.com\/fr\/wp-json\/wp\/v2\/product\/53764","targetHints":{"allow":["GET"]}}],"collection":[{"href":"https:\/\/lebouquet.brstdev.com\/fr\/wp-json\/wp\/v2\/product"}],"about":[{"href":"https:\/\/lebouquet.brstdev.com\/fr\/wp-json\/wp\/v2\/types\/product"}],"replies":[{"embeddable":true,"href":"https:\/\/lebouquet.brstdev.com\/fr\/wp-json\/wp\/v2\/comments?post=53764"}],"wp:featuredmedia":[{"embeddable":true,"href":"https:\/\/lebouquet.brstdev.com\/fr\/wp-json\/wp\/v2\/media\/53757"}],"wp:attachment":[{"href":"https:\/\/lebouquet.brstdev.com\/fr\/wp-json\/wp\/v2\/media?parent=53764"}],"wp:term":[{"taxonomy":"recipe","embeddable":true,"href":"https:\/\/lebouquet.brstdev.com\/fr\/wp-json\/wp\/v2\/recipe?post=53764"},{"taxonomy":"product_brand","embeddable":true,"href":"https:\/\/lebouquet.brstdev.com\/fr\/wp-json\/wp\/v2\/product_brand?post=53764"},{"taxonomy":"product_cat","embeddable":true,"href":"https:\/\/lebouquet.brstdev.com\/fr\/wp-json\/wp\/v2\/product_cat?post=53764"},{"taxonomy":"product_tag","embeddable":true,"href":"https:\/\/lebouquet.brstdev.com\/fr\/wp-json\/wp\/v2\/product_tag?post=53764"}],"curies":[{"name":"wp","href":"https:\/\/api.w.org\/{rel}","templated":true}]}}