{"id":53746,"date":"2024-01-19T07:21:14","date_gmt":"2024-01-19T12:21:14","guid":{"rendered":"https:\/\/lebouquetnew.brstdev.com\/the-ftd-remembering-dad-arrangement\/"},"modified":"2025-08-13T06:10:57","modified_gmt":"2025-08-13T10:10:57","slug":"en-memoire-de-papa-de-ftd","status":"publish","type":"product","link":"https:\/\/lebouquet.brstdev.com\/fr\/en-memoire-de-papa-de-ftd\/","title":{"rendered":"En m\u00e9moire de papa de FTD\u00ae"},"content":{"rendered":"<p>Cet arrangement FTD\u00ae &nbsp;est la fa\u00e7on id\u00e9ale de se rappeler de son p\u00e8re \u00e0 ce dernier servie.&nbsp;Des chrysanth\u00e8mes blancs et de mini \u0153illets rouge sont magnifiquement dispos\u00e9s de fa\u00e7on \u00e0 former le mot \u00ab\u00a0papa\u00a0\u00bb. Exprimez ainsi&nbsp;l\u2019amour que vous avez pour l\u2019homme qui vous a tant donn\u00e9 \u00e0 travers les ann\u00e9es. Pr\u00e9sent\u00e9 sur un chevalet de fer. Environ 14&Prime;H&nbsp;x 34&Prime;L.&nbsp;<\/p>\n","protected":false},"excerpt":{"rendered":"<p>Cet arrangement FTD\u00ae &nbsp;est la fa\u00e7on id\u00e9ale de se rappeler de son p\u00e8re \u00e0 ce dernier servie.&nbsp;Des chrysanth\u00e8mes blancs et de mini \u0153illets rouge sont magnifiquement dispos\u00e9s de fa\u00e7on \u00e0 former le mot \u00ab\u00a0papa\u00a0\u00bb. Exprimez ainsi&nbsp;l\u2019amour que vous avez pour l\u2019homme qui vous a tant donn\u00e9 \u00e0 travers les ann\u00e9es. Pr\u00e9sent\u00e9 sur un chevalet de [&hellip;]<\/p>\n","protected":false},"featured_media":53739,"comment_status":"open","ping_status":"closed","template":"","meta":{"_acf_changed":false,"inline_featured_image":false},"recipe":[],"product_brand":[],"product_cat":[7623,7620,7619,7624],"product_tag":[],"class_list":{"0":"post-53746","1":"product","2":"type-product","3":"status-publish","4":"has-post-thumbnail","6":"product_cat-customized-specialties","7":"product_cat-funeraire","8":"product_cat-funeral","9":"product_cat-pieces-personnalisees-funeraire","11":"first","12":"instock","13":"shipping-taxable","14":"purchasable","15":"product-type-simple"},"acf":[],"_links":{"self":[{"href":"https:\/\/lebouquet.brstdev.com\/fr\/wp-json\/wp\/v2\/product\/53746","targetHints":{"allow":["GET"]}}],"collection":[{"href":"https:\/\/lebouquet.brstdev.com\/fr\/wp-json\/wp\/v2\/product"}],"about":[{"href":"https:\/\/lebouquet.brstdev.com\/fr\/wp-json\/wp\/v2\/types\/product"}],"replies":[{"embeddable":true,"href":"https:\/\/lebouquet.brstdev.com\/fr\/wp-json\/wp\/v2\/comments?post=53746"}],"wp:featuredmedia":[{"embeddable":true,"href":"https:\/\/lebouquet.brstdev.com\/fr\/wp-json\/wp\/v2\/media\/53739"}],"wp:attachment":[{"href":"https:\/\/lebouquet.brstdev.com\/fr\/wp-json\/wp\/v2\/media?parent=53746"}],"wp:term":[{"taxonomy":"recipe","embeddable":true,"href":"https:\/\/lebouquet.brstdev.com\/fr\/wp-json\/wp\/v2\/recipe?post=53746"},{"taxonomy":"product_brand","embeddable":true,"href":"https:\/\/lebouquet.brstdev.com\/fr\/wp-json\/wp\/v2\/product_brand?post=53746"},{"taxonomy":"product_cat","embeddable":true,"href":"https:\/\/lebouquet.brstdev.com\/fr\/wp-json\/wp\/v2\/product_cat?post=53746"},{"taxonomy":"product_tag","embeddable":true,"href":"https:\/\/lebouquet.brstdev.com\/fr\/wp-json\/wp\/v2\/product_tag?post=53746"}],"curies":[{"name":"wp","href":"https:\/\/api.w.org\/{rel}","templated":true}]}}