{"id":53627,"date":"2024-01-19T07:19:15","date_gmt":"2024-01-19T12:19:15","guid":{"rendered":"https:\/\/lebouquetnew.brstdev.com\/the-ftd-farewell-too-soon-bouquet\/"},"modified":"2025-08-13T06:26:03","modified_gmt":"2025-08-13T10:26:03","slug":"adieu-trop-tot-de-ftd","status":"publish","type":"product","link":"https:\/\/lebouquet.brstdev.com\/fr\/adieu-trop-tot-de-ftd\/","title":{"rendered":"Adieu trop t\u00f4t"},"content":{"rendered":"<p>Le bouquet Adieu trop t\u00f4t de FTD&nbsp;est une magnifique fa\u00e7on d&rsquo;exprimer vos plus sinc\u00e8res condol\u00e9ances. Les roses roses et couleur lavande s&rsquo;harmonisent parfaitement aux lys asiatiques roses, aux solidages et \u00e0 la verdure luxuriante de ce bouquet, le tout dispos\u00e9 dans un vase en verre transparent afin d&rsquo;offrir chaleur et r\u00e9confort suite \u00e0 la perte d&rsquo;un \u00eatre cher.<\/p>\n<p>Mesure environ 18&Prime;H x 13&Prime;L<\/p>\n","protected":false},"excerpt":{"rendered":"<p style=\"text-align:center\">Environ 18&Prime;H x 13&Prime;L<\/p>\n","protected":false},"featured_media":110571,"comment_status":"open","ping_status":"closed","template":"","meta":{"_acf_changed":false},"recipe":[],"product_brand":[],"product_cat":[7622,7620,7619,7621],"product_tag":[],"class_list":{"0":"post-53627","1":"product","2":"type-product","3":"status-publish","4":"has-post-thumbnail","6":"product_cat-condoleances-pour-la-maison-funeraire","7":"product_cat-fleurs-funeraires-montreal","8":"product_cat-funeral-flowers-montreal","9":"product_cat-home-sympathy-arrangement","11":"first","12":"instock","13":"shipping-taxable","14":"purchasable","15":"product-type-simple"},"acf":[],"_links":{"self":[{"href":"https:\/\/lebouquet.brstdev.com\/fr\/wp-json\/wp\/v2\/product\/53627","targetHints":{"allow":["GET"]}}],"collection":[{"href":"https:\/\/lebouquet.brstdev.com\/fr\/wp-json\/wp\/v2\/product"}],"about":[{"href":"https:\/\/lebouquet.brstdev.com\/fr\/wp-json\/wp\/v2\/types\/product"}],"replies":[{"embeddable":true,"href":"https:\/\/lebouquet.brstdev.com\/fr\/wp-json\/wp\/v2\/comments?post=53627"}],"wp:featuredmedia":[{"embeddable":true,"href":"https:\/\/lebouquet.brstdev.com\/fr\/wp-json\/wp\/v2\/media\/110571"}],"wp:attachment":[{"href":"https:\/\/lebouquet.brstdev.com\/fr\/wp-json\/wp\/v2\/media?parent=53627"}],"wp:term":[{"taxonomy":"recipe","embeddable":true,"href":"https:\/\/lebouquet.brstdev.com\/fr\/wp-json\/wp\/v2\/recipe?post=53627"},{"taxonomy":"product_brand","embeddable":true,"href":"https:\/\/lebouquet.brstdev.com\/fr\/wp-json\/wp\/v2\/product_brand?post=53627"},{"taxonomy":"product_cat","embeddable":true,"href":"https:\/\/lebouquet.brstdev.com\/fr\/wp-json\/wp\/v2\/product_cat?post=53627"},{"taxonomy":"product_tag","embeddable":true,"href":"https:\/\/lebouquet.brstdev.com\/fr\/wp-json\/wp\/v2\/product_tag?post=53627"}],"curies":[{"name":"wp","href":"https:\/\/api.w.org\/{rel}","templated":true}]}}