{"id":53608,"date":"2024-01-19T07:18:59","date_gmt":"2024-01-19T12:18:59","guid":{"rendered":"https:\/\/lebouquetnew.brstdev.com\/blessings-of-the-earth-easel\/"},"modified":"2025-08-13T06:11:04","modified_gmt":"2025-08-13T10:11:04","slug":"douce-benediction","status":"publish","type":"product","link":"https:\/\/lebouquet.brstdev.com\/fr\/douce-benediction\/","title":{"rendered":"Douce b\u00e9n\u00e9diction"},"content":{"rendered":"<p>Des roses lavande, des \u0153illets roses, des lys asiatiques roses, des hortensias bleus, des stocks jaunes, des chrysanth\u00e8mes lavande et&nbsp;des solidagos sont magnifiquement mis en valeur par un ruban de satin lavande. Pr\u00e9sent\u00e9&nbsp;sur un chevalet de fer, cette gerbe murale est parfaite pour un dernier service d&rsquo;au revoir.&nbsp;Environ 36&Prime;H&nbsp;x 20&Prime;L.<\/p>\n","protected":false},"excerpt":{"rendered":"<p>Des roses lavande, des \u0153illets roses, des lys asiatiques roses, des hortensias bleus, des stocks jaunes, des chrysanth\u00e8mes lavande et&nbsp;des solidagos sont magnifiquement mis en valeur par un ruban de satin lavande. Pr\u00e9sent\u00e9&nbsp;sur un chevalet de fer, cette gerbe murale est parfaite pour un dernier service d&rsquo;au revoir.&nbsp;Environ 36&Prime;H&nbsp;x 20&Prime;L.<\/p>\n","protected":false},"featured_media":53593,"comment_status":"open","ping_status":"closed","template":"","meta":{"_acf_changed":false,"inline_featured_image":false},"recipe":[],"product_brand":[],"product_cat":[7620,7619,7628,7627],"product_tag":[],"class_list":{"0":"post-53608","1":"product","2":"type-product","3":"status-publish","4":"has-post-thumbnail","6":"product_cat-funeraire","7":"product_cat-funeral","8":"product_cat-gerbes-murales-funeraire","9":"product_cat-wall-spray","11":"first","12":"instock","13":"shipping-taxable","14":"purchasable","15":"product-type-simple"},"acf":[],"_links":{"self":[{"href":"https:\/\/lebouquet.brstdev.com\/fr\/wp-json\/wp\/v2\/product\/53608","targetHints":{"allow":["GET"]}}],"collection":[{"href":"https:\/\/lebouquet.brstdev.com\/fr\/wp-json\/wp\/v2\/product"}],"about":[{"href":"https:\/\/lebouquet.brstdev.com\/fr\/wp-json\/wp\/v2\/types\/product"}],"replies":[{"embeddable":true,"href":"https:\/\/lebouquet.brstdev.com\/fr\/wp-json\/wp\/v2\/comments?post=53608"}],"wp:featuredmedia":[{"embeddable":true,"href":"https:\/\/lebouquet.brstdev.com\/fr\/wp-json\/wp\/v2\/media\/53593"}],"wp:attachment":[{"href":"https:\/\/lebouquet.brstdev.com\/fr\/wp-json\/wp\/v2\/media?parent=53608"}],"wp:term":[{"taxonomy":"recipe","embeddable":true,"href":"https:\/\/lebouquet.brstdev.com\/fr\/wp-json\/wp\/v2\/recipe?post=53608"},{"taxonomy":"product_brand","embeddable":true,"href":"https:\/\/lebouquet.brstdev.com\/fr\/wp-json\/wp\/v2\/product_brand?post=53608"},{"taxonomy":"product_cat","embeddable":true,"href":"https:\/\/lebouquet.brstdev.com\/fr\/wp-json\/wp\/v2\/product_cat?post=53608"},{"taxonomy":"product_tag","embeddable":true,"href":"https:\/\/lebouquet.brstdev.com\/fr\/wp-json\/wp\/v2\/product_tag?post=53608"}],"curies":[{"name":"wp","href":"https:\/\/api.w.org\/{rel}","templated":true}]}}