{"id":53511,"date":"2024-01-19T07:17:16","date_gmt":"2024-01-19T12:17:16","guid":{"rendered":"https:\/\/lebouquetnew.brstdev.com\/the-ftd-pastel-peace-basket\/"},"modified":"2026-03-28T03:42:00","modified_gmt":"2026-03-28T07:42:00","slug":"douceur-pastel-de-ftd","status":"publish","type":"product","link":"https:\/\/lebouquet.brstdev.com\/fr\/douceur-pastel-de-ftd\/","title":{"rendered":"Panier Paix Pastel"},"content":{"rendered":"<p>D\u00e9licat et apaisant, notre <strong>Panier Paix Pastel<\/strong> est une composition florale empreinte de douceur et de compassion. Que ce soit pour offrir vos condol\u00e9ances ou c\u00e9l\u00e9brer l\u2019arriv\u00e9e d\u2019un nouveau-n\u00e9, cette cr\u00e9ation transmet vos pens\u00e9es avec gr\u00e2ce et tendresse. Les nuances de rose, violet et lavande diffusent une atmosph\u00e8re apaisante et r\u00e9confortante.<\/p>\n","protected":false},"excerpt":{"rendered":"<p><strong>Standard:<\/strong> Environ 20&rsquo;H x 15&rsquo;L<\/p>\n<p><strong>Deluxe:<\/strong> Environ 25&rsquo;H x 20&rsquo;L<\/p>\n<p><strong>Premium: <\/strong>Environ 30&rsquo;H x 24&rsquo;L<\/p>\n","protected":false},"featured_media":117402,"comment_status":"open","ping_status":"closed","template":"","meta":{"_acf_changed":false},"recipe":[],"product_brand":[],"product_cat":[7622,7620,17153,7594],"product_tag":[],"class_list":{"0":"post-53511","1":"product","2":"type-product","3":"status-publish","4":"has-post-thumbnail","6":"product_cat-condoleances-pour-la-maison-funeraire","7":"product_cat-fleurs-funeraires-montreal","8":"product_cat-fleurs-occasions-montreal","9":"product_cat-naissances-evenements","11":"first","12":"instock","13":"shipping-taxable","14":"purchasable","15":"product-type-simple"},"acf":[],"_links":{"self":[{"href":"https:\/\/lebouquet.brstdev.com\/fr\/wp-json\/wp\/v2\/product\/53511","targetHints":{"allow":["GET"]}}],"collection":[{"href":"https:\/\/lebouquet.brstdev.com\/fr\/wp-json\/wp\/v2\/product"}],"about":[{"href":"https:\/\/lebouquet.brstdev.com\/fr\/wp-json\/wp\/v2\/types\/product"}],"replies":[{"embeddable":true,"href":"https:\/\/lebouquet.brstdev.com\/fr\/wp-json\/wp\/v2\/comments?post=53511"}],"wp:featuredmedia":[{"embeddable":true,"href":"https:\/\/lebouquet.brstdev.com\/fr\/wp-json\/wp\/v2\/media\/117402"}],"wp:attachment":[{"href":"https:\/\/lebouquet.brstdev.com\/fr\/wp-json\/wp\/v2\/media?parent=53511"}],"wp:term":[{"taxonomy":"recipe","embeddable":true,"href":"https:\/\/lebouquet.brstdev.com\/fr\/wp-json\/wp\/v2\/recipe?post=53511"},{"taxonomy":"product_brand","embeddable":true,"href":"https:\/\/lebouquet.brstdev.com\/fr\/wp-json\/wp\/v2\/product_brand?post=53511"},{"taxonomy":"product_cat","embeddable":true,"href":"https:\/\/lebouquet.brstdev.com\/fr\/wp-json\/wp\/v2\/product_cat?post=53511"},{"taxonomy":"product_tag","embeddable":true,"href":"https:\/\/lebouquet.brstdev.com\/fr\/wp-json\/wp\/v2\/product_tag?post=53511"}],"curies":[{"name":"wp","href":"https:\/\/api.w.org\/{rel}","templated":true}]}}