{"id":53496,"date":"2024-01-19T07:17:09","date_gmt":"2024-01-19T12:17:09","guid":{"rendered":"https:\/\/lebouquetnew.brstdev.com\/the-ftd-sleep-in-peace-wreath\/"},"modified":"2025-08-13T06:11:07","modified_gmt":"2025-08-13T10:11:07","slug":"repose-en-paix-de-ftd","status":"publish","type":"product","link":"https:\/\/lebouquet.brstdev.com\/fr\/repose-en-paix-de-ftd\/","title":{"rendered":"Repose en paix de FTD"},"content":{"rendered":"<p>Des gla\u00efeuls&nbsp;lavande, des lys asiatiques roses, des chrysanth\u00e8mes lavande, des mini \u0153illets roses et une belle&nbsp;verdure sont magnifiquement plac\u00e9s en couronne.&nbsp;Pr\u00e9sent\u00e9e sur un chevalet de fer, cette gerbe de fleurs honorera la vie du d\u00e9funt ou de la d\u00e9funte.&nbsp;Environ 22&Prime; D.<\/p>\n","protected":false},"excerpt":{"rendered":"<p>Des gla\u00efeuls&nbsp;lavande, des lys asiatiques roses, des chrysanth\u00e8mes lavande, des mini \u0153illets roses et une belle&nbsp;verdure sont magnifiquement plac\u00e9s en couronne.&nbsp;Pr\u00e9sent\u00e9e sur un chevalet de fer, cette gerbe de fleurs honorera la vie du d\u00e9funt ou de la d\u00e9funte.&nbsp;Environ 22&Prime; D.<\/p>\n","protected":false},"featured_media":53489,"comment_status":"open","ping_status":"closed","template":"","meta":{"_acf_changed":false,"inline_featured_image":false},"recipe":[],"product_brand":[],"product_cat":[7630,7620,7619,7629],"product_tag":[],"class_list":{"0":"post-53496","1":"product","2":"type-product","3":"status-publish","4":"has-post-thumbnail","6":"product_cat-couronnes-funeraire","7":"product_cat-funeraire","8":"product_cat-funeral","9":"product_cat-wreaths","11":"first","12":"instock","13":"shipping-taxable","14":"purchasable","15":"product-type-simple"},"acf":[],"_links":{"self":[{"href":"https:\/\/lebouquet.brstdev.com\/fr\/wp-json\/wp\/v2\/product\/53496","targetHints":{"allow":["GET"]}}],"collection":[{"href":"https:\/\/lebouquet.brstdev.com\/fr\/wp-json\/wp\/v2\/product"}],"about":[{"href":"https:\/\/lebouquet.brstdev.com\/fr\/wp-json\/wp\/v2\/types\/product"}],"replies":[{"embeddable":true,"href":"https:\/\/lebouquet.brstdev.com\/fr\/wp-json\/wp\/v2\/comments?post=53496"}],"wp:featuredmedia":[{"embeddable":true,"href":"https:\/\/lebouquet.brstdev.com\/fr\/wp-json\/wp\/v2\/media\/53489"}],"wp:attachment":[{"href":"https:\/\/lebouquet.brstdev.com\/fr\/wp-json\/wp\/v2\/media?parent=53496"}],"wp:term":[{"taxonomy":"recipe","embeddable":true,"href":"https:\/\/lebouquet.brstdev.com\/fr\/wp-json\/wp\/v2\/recipe?post=53496"},{"taxonomy":"product_brand","embeddable":true,"href":"https:\/\/lebouquet.brstdev.com\/fr\/wp-json\/wp\/v2\/product_brand?post=53496"},{"taxonomy":"product_cat","embeddable":true,"href":"https:\/\/lebouquet.brstdev.com\/fr\/wp-json\/wp\/v2\/product_cat?post=53496"},{"taxonomy":"product_tag","embeddable":true,"href":"https:\/\/lebouquet.brstdev.com\/fr\/wp-json\/wp\/v2\/product_tag?post=53496"}],"curies":[{"name":"wp","href":"https:\/\/api.w.org\/{rel}","templated":true}]}}