{"id":53478,"date":"2024-01-19T07:16:54","date_gmt":"2024-01-19T12:16:54","guid":{"rendered":"https:\/\/lebouquetnew.brstdev.com\/the-ftd-immorata-casket-spray\/"},"modified":"2025-08-13T06:26:07","modified_gmt":"2025-08-13T10:26:07","slug":"gerbe-immorata-de-ftd","status":"publish","type":"product","link":"https:\/\/lebouquet.brstdev.com\/fr\/gerbe-immorata-de-ftd\/","title":{"rendered":"Gerbe Immorata de FTD"},"content":{"rendered":"<p>Cette gerbe offre beaut\u00e9 et confort afin d\u2019honorer la vie du d\u00e9funt. Des roses lavande, des chrysanth\u00e8mes et des tulipes sont plac\u00e9es de fa\u00e7on \u00e9l\u00e9gante parmi des \u0153illets roses, des gla\u00efeuls\u00a0stock, des hortensias et des verdures choisies.<\/p>\n<p>Mesure environ 38&Prime;L\u00a0x 28&Prime;L.<\/p>\n","protected":false},"excerpt":{"rendered":"<p>38&Prime;L\u00a0x 28&Prime;L<\/p>\n","protected":false},"featured_media":53471,"comment_status":"open","ping_status":"closed","template":"","meta":{"_acf_changed":false},"recipe":[],"product_brand":[],"product_cat":[7637,7620,7619,7638],"product_tag":[],"class_list":{"0":"post-53478","1":"product","2":"type-product","3":"status-publish","4":"has-post-thumbnail","6":"product_cat-casket-sprays","7":"product_cat-fleurs-funeraires-montreal","8":"product_cat-funeral-flowers-montreal","9":"product_cat-gerbes-de-cercueil-funeraire","11":"first","12":"instock","13":"shipping-taxable","14":"purchasable","15":"product-type-simple"},"acf":[],"_links":{"self":[{"href":"https:\/\/lebouquet.brstdev.com\/fr\/wp-json\/wp\/v2\/product\/53478","targetHints":{"allow":["GET"]}}],"collection":[{"href":"https:\/\/lebouquet.brstdev.com\/fr\/wp-json\/wp\/v2\/product"}],"about":[{"href":"https:\/\/lebouquet.brstdev.com\/fr\/wp-json\/wp\/v2\/types\/product"}],"replies":[{"embeddable":true,"href":"https:\/\/lebouquet.brstdev.com\/fr\/wp-json\/wp\/v2\/comments?post=53478"}],"wp:featuredmedia":[{"embeddable":true,"href":"https:\/\/lebouquet.brstdev.com\/fr\/wp-json\/wp\/v2\/media\/53471"}],"wp:attachment":[{"href":"https:\/\/lebouquet.brstdev.com\/fr\/wp-json\/wp\/v2\/media?parent=53478"}],"wp:term":[{"taxonomy":"recipe","embeddable":true,"href":"https:\/\/lebouquet.brstdev.com\/fr\/wp-json\/wp\/v2\/recipe?post=53478"},{"taxonomy":"product_brand","embeddable":true,"href":"https:\/\/lebouquet.brstdev.com\/fr\/wp-json\/wp\/v2\/product_brand?post=53478"},{"taxonomy":"product_cat","embeddable":true,"href":"https:\/\/lebouquet.brstdev.com\/fr\/wp-json\/wp\/v2\/product_cat?post=53478"},{"taxonomy":"product_tag","embeddable":true,"href":"https:\/\/lebouquet.brstdev.com\/fr\/wp-json\/wp\/v2\/product_tag?post=53478"}],"curies":[{"name":"wp","href":"https:\/\/api.w.org\/{rel}","templated":true}]}}