{"id":53437,"date":"2024-01-19T07:16:17","date_gmt":"2024-01-19T12:16:17","guid":{"rendered":"https:\/\/lebouquetnew.brstdev.com\/the-ftd-precious-peace-arrangement\/"},"modified":"2025-08-13T06:11:10","modified_gmt":"2025-08-13T10:11:10","slug":"precieuse-paix-de-ftd","status":"publish","type":"product","link":"https:\/\/lebouquet.brstdev.com\/fr\/precieuse-paix-de-ftd\/","title":{"rendered":"Pr\u00e9cieuse paix de FTD"},"content":{"rendered":"<p>L\u2019Arrangement Pr\u00e9cieuse paix&nbsp;est un arrangement exquis de souhaits sereins et de gr\u00e2ce. De douces roses rose, des lis P\u00e9ruviens et de mini \u0153illets sont plac\u00e9es parmi des lis Stargazer \u00e9blouissants et des glaieuls blanc, magnifiquement mis en valeur par de verdure luxuriante. Parfaitement plac\u00e9 dans un vase en plastique blanc, en forme d\u2019urne, cet arrangement ajoutera beaut\u00e9 et \u00e9l\u00e9gance \u00e0 ce service comm\u00e9moratif.&nbsp;Hors saison, les gla\u00efeuls seront remplac\u00e9s par des mufliers.<\/p>\n<p>Mesure environ 36&Prime;H&nbsp;x 24&Prime;L<\/p>\n","protected":false},"excerpt":{"rendered":"<p style=\"text-align:center;\">Environ 36&Prime;H&nbsp;x 24&Prime;L<\/p>\n","protected":false},"featured_media":53430,"comment_status":"open","ping_status":"closed","template":"","meta":{"_acf_changed":false,"inline_featured_image":false},"recipe":[],"product_brand":[],"product_cat":[7626,7620,7625,7619],"product_tag":[],"class_list":{"0":"post-53437","1":"product","2":"type-product","3":"status-publish","4":"has-post-thumbnail","6":"product_cat-arrangements-pour-les-etablissements-funeraires-funeraire","7":"product_cat-funeraire","8":"product_cat-funeral-establishment-arrangements","9":"product_cat-funeral","11":"first","12":"instock","13":"shipping-taxable","14":"purchasable","15":"product-type-simple"},"acf":[],"_links":{"self":[{"href":"https:\/\/lebouquet.brstdev.com\/fr\/wp-json\/wp\/v2\/product\/53437","targetHints":{"allow":["GET"]}}],"collection":[{"href":"https:\/\/lebouquet.brstdev.com\/fr\/wp-json\/wp\/v2\/product"}],"about":[{"href":"https:\/\/lebouquet.brstdev.com\/fr\/wp-json\/wp\/v2\/types\/product"}],"replies":[{"embeddable":true,"href":"https:\/\/lebouquet.brstdev.com\/fr\/wp-json\/wp\/v2\/comments?post=53437"}],"wp:featuredmedia":[{"embeddable":true,"href":"https:\/\/lebouquet.brstdev.com\/fr\/wp-json\/wp\/v2\/media\/53430"}],"wp:attachment":[{"href":"https:\/\/lebouquet.brstdev.com\/fr\/wp-json\/wp\/v2\/media?parent=53437"}],"wp:term":[{"taxonomy":"recipe","embeddable":true,"href":"https:\/\/lebouquet.brstdev.com\/fr\/wp-json\/wp\/v2\/recipe?post=53437"},{"taxonomy":"product_brand","embeddable":true,"href":"https:\/\/lebouquet.brstdev.com\/fr\/wp-json\/wp\/v2\/product_brand?post=53437"},{"taxonomy":"product_cat","embeddable":true,"href":"https:\/\/lebouquet.brstdev.com\/fr\/wp-json\/wp\/v2\/product_cat?post=53437"},{"taxonomy":"product_tag","embeddable":true,"href":"https:\/\/lebouquet.brstdev.com\/fr\/wp-json\/wp\/v2\/product_tag?post=53437"}],"curies":[{"name":"wp","href":"https:\/\/api.w.org\/{rel}","templated":true}]}}