{"id":53404,"date":"2024-01-19T07:15:45","date_gmt":"2024-01-19T12:15:45","guid":{"rendered":"https:\/\/lebouquetnew.brstdev.com\/the-ftd-lovely-tribute-bouquet\/"},"modified":"2025-08-13T06:11:12","modified_gmt":"2025-08-13T10:11:12","slug":"hommage-charmant-de-ftd","status":"publish","type":"product","link":"https:\/\/lebouquet.brstdev.com\/fr\/hommage-charmant-de-ftd\/","title":{"rendered":"Hommage charmant de FTD"},"content":{"rendered":"<p>Le bouquet Hommage charmant de FTD\u00ae est une combinaison pleine de chaleur exprimant paix et beaut\u00e9 afin de rendre hommage au d\u00e9funt et de r\u00e9conforter la famille et les amis. Les gla\u00efeuls roses, les roses d&rsquo;un rose p\u00e2le, les rosettes roses, les lys asiatiques roses et un ensemble de feuillages luxuriants forment un une composition raffin\u00e9e dispos\u00e9e dans un vase en verre transparent, le tout symbolisant votre amour et votre compassion.<br \/>Standard: mesure environ 27&Prime;H x 17&Prime;L<br \/>De luxe: mesure environ 28&Prime;H x 19&Prime;L<br \/>Premium: mesure environ 30&Prime;H x 22&Prime;L<\/p>\n","protected":false},"excerpt":{"rendered":"<p style=\"text-align:center;\">Standard: mesure environ 27&Prime;H x 17&Prime;L<br \/>De luxe: mesure environ 28&Prime;H x 19&Prime;L<br \/>Premium: mesure environ 30&Prime;H x 22&Prime;L<\/p>\n","protected":false},"featured_media":53389,"comment_status":"open","ping_status":"closed","template":"","meta":{"_acf_changed":false,"inline_featured_image":false},"recipe":[],"product_brand":[],"product_cat":[7622,7620,7619,7621],"product_tag":[],"class_list":{"0":"post-53404","1":"product","2":"type-product","3":"status-publish","4":"has-post-thumbnail","6":"product_cat-condoleances-pour-la-maison-funeraire","7":"product_cat-funeraire","8":"product_cat-funeral","9":"product_cat-home-sympathy-arrangement","11":"first","12":"instock","13":"shipping-taxable","14":"purchasable","15":"product-type-simple"},"acf":[],"_links":{"self":[{"href":"https:\/\/lebouquet.brstdev.com\/fr\/wp-json\/wp\/v2\/product\/53404","targetHints":{"allow":["GET"]}}],"collection":[{"href":"https:\/\/lebouquet.brstdev.com\/fr\/wp-json\/wp\/v2\/product"}],"about":[{"href":"https:\/\/lebouquet.brstdev.com\/fr\/wp-json\/wp\/v2\/types\/product"}],"replies":[{"embeddable":true,"href":"https:\/\/lebouquet.brstdev.com\/fr\/wp-json\/wp\/v2\/comments?post=53404"}],"wp:featuredmedia":[{"embeddable":true,"href":"https:\/\/lebouquet.brstdev.com\/fr\/wp-json\/wp\/v2\/media\/53389"}],"wp:attachment":[{"href":"https:\/\/lebouquet.brstdev.com\/fr\/wp-json\/wp\/v2\/media?parent=53404"}],"wp:term":[{"taxonomy":"recipe","embeddable":true,"href":"https:\/\/lebouquet.brstdev.com\/fr\/wp-json\/wp\/v2\/recipe?post=53404"},{"taxonomy":"product_brand","embeddable":true,"href":"https:\/\/lebouquet.brstdev.com\/fr\/wp-json\/wp\/v2\/product_brand?post=53404"},{"taxonomy":"product_cat","embeddable":true,"href":"https:\/\/lebouquet.brstdev.com\/fr\/wp-json\/wp\/v2\/product_cat?post=53404"},{"taxonomy":"product_tag","embeddable":true,"href":"https:\/\/lebouquet.brstdev.com\/fr\/wp-json\/wp\/v2\/product_tag?post=53404"}],"curies":[{"name":"wp","href":"https:\/\/api.w.org\/{rel}","templated":true}]}}