{"id":53387,"date":"2024-01-19T07:15:35","date_gmt":"2024-01-19T12:15:35","guid":{"rendered":"https:\/\/lebouquetnew.brstdev.com\/the-ftd-sweetly-rest-casket-spray\/"},"modified":"2026-01-30T14:22:13","modified_gmt":"2026-01-30T19:22:13","slug":"gerbe-doux-repos-de-ftd","status":"publish","type":"product","link":"https:\/\/lebouquet.brstdev.com\/fr\/gerbe-doux-repos-de-ftd\/","title":{"rendered":"Gerbe Doux repos de FTD"},"content":{"rendered":"<p>Cette gerbe de cercueil comprend des&nbsp;roses roses, des rosettes, des \u0153illets, des gla\u00efeuls, des mini-\u0153illets et des lys asiatiques. Ils sont plac\u00e9es avec \u00e9l\u00e9gance parmi une belle verdure afin de cr\u00e9er un arrangement sophistiqu\u00e9.<\/p>\n<p>Mesure environ 48&Prime;L x 38&Prime;H.<\/p>\n","protected":false},"excerpt":{"rendered":"<p>48&Prime;L x 38&Prime;H<\/p>\n","protected":false},"featured_media":53380,"comment_status":"open","ping_status":"closed","template":"","meta":{"_acf_changed":false},"recipe":[],"product_brand":[],"product_cat":[7637,7620,7619,7638],"product_tag":[],"class_list":{"0":"post-53387","1":"product","2":"type-product","3":"status-publish","4":"has-post-thumbnail","6":"product_cat-casket-sprays","7":"product_cat-fleurs-funeraires-montreal","8":"product_cat-funeral-flowers-montreal","9":"product_cat-gerbes-de-cercueil-funeraire","11":"first","12":"instock","13":"shipping-taxable","14":"purchasable","15":"product-type-simple"},"acf":[],"_links":{"self":[{"href":"https:\/\/lebouquet.brstdev.com\/fr\/wp-json\/wp\/v2\/product\/53387","targetHints":{"allow":["GET"]}}],"collection":[{"href":"https:\/\/lebouquet.brstdev.com\/fr\/wp-json\/wp\/v2\/product"}],"about":[{"href":"https:\/\/lebouquet.brstdev.com\/fr\/wp-json\/wp\/v2\/types\/product"}],"replies":[{"embeddable":true,"href":"https:\/\/lebouquet.brstdev.com\/fr\/wp-json\/wp\/v2\/comments?post=53387"}],"wp:featuredmedia":[{"embeddable":true,"href":"https:\/\/lebouquet.brstdev.com\/fr\/wp-json\/wp\/v2\/media\/53380"}],"wp:attachment":[{"href":"https:\/\/lebouquet.brstdev.com\/fr\/wp-json\/wp\/v2\/media?parent=53387"}],"wp:term":[{"taxonomy":"recipe","embeddable":true,"href":"https:\/\/lebouquet.brstdev.com\/fr\/wp-json\/wp\/v2\/recipe?post=53387"},{"taxonomy":"product_brand","embeddable":true,"href":"https:\/\/lebouquet.brstdev.com\/fr\/wp-json\/wp\/v2\/product_brand?post=53387"},{"taxonomy":"product_cat","embeddable":true,"href":"https:\/\/lebouquet.brstdev.com\/fr\/wp-json\/wp\/v2\/product_cat?post=53387"},{"taxonomy":"product_tag","embeddable":true,"href":"https:\/\/lebouquet.brstdev.com\/fr\/wp-json\/wp\/v2\/product_tag?post=53387"}],"curies":[{"name":"wp","href":"https:\/\/api.w.org\/{rel}","templated":true}]}}