{"id":53350,"date":"2024-01-19T07:15:05","date_gmt":"2024-01-19T12:15:05","guid":{"rendered":"https:\/\/lebouquetnew.brstdev.com\/the-ftd-tears-of-comfort-arrangement\/"},"modified":"2025-08-13T06:11:16","modified_gmt":"2025-08-13T10:11:16","slug":"tendre-reconfort-pour-urnes","status":"publish","type":"product","link":"https:\/\/lebouquet.brstdev.com\/fr\/tendre-reconfort-pour-urnes\/","title":{"rendered":"Tendre r\u00e9confort pour urnes"},"content":{"rendered":"<p>Cet arrangement&nbsp;est une fa\u00e7on \u00e9l\u00e9gante et sophistiqu\u00e9 d\u2019entourer l\u2019urne d\u2019une beaut\u00e9 tout en fleurs en&nbsp;ce dernier service d\u2019au revoir. De brillantes et \u00e9clatantes&nbsp;roses rouges et&nbsp;des rosettes sont plac\u00e9es parmi des tulipes blanches, des delphiniums, des hortensias et des tracheliums.&nbsp;Le tout est mis en valeur par de brillantes verdures, des cloches d\u2019Irlande, des baies d\u2019hypericum, du lierre et du myrtle cr\u00e9ant ainsi une magnifique hommage. Mesure environ 21&Prime;H&nbsp;x 24&Prime;L.<\/p>\n","protected":false},"excerpt":{"rendered":"<p style=\"text-align:center;\">21&Prime;H&nbsp;x 24&Prime;L<\/p>\n","protected":false},"featured_media":53343,"comment_status":"open","ping_status":"closed","template":"","meta":{"_acf_changed":false,"inline_featured_image":false},"recipe":[],"product_brand":[],"product_cat":[7636,7620,7619,7635],"product_tag":[],"class_list":{"0":"post-53350","1":"product","2":"type-product","3":"status-publish","4":"has-post-thumbnail","6":"product_cat-arrangements-pour-les-urnes-funeraire","7":"product_cat-funeraire","8":"product_cat-funeral","9":"product_cat-urn-arrangements","11":"first","12":"instock","13":"shipping-taxable","14":"purchasable","15":"product-type-simple"},"acf":[],"_links":{"self":[{"href":"https:\/\/lebouquet.brstdev.com\/fr\/wp-json\/wp\/v2\/product\/53350","targetHints":{"allow":["GET"]}}],"collection":[{"href":"https:\/\/lebouquet.brstdev.com\/fr\/wp-json\/wp\/v2\/product"}],"about":[{"href":"https:\/\/lebouquet.brstdev.com\/fr\/wp-json\/wp\/v2\/types\/product"}],"replies":[{"embeddable":true,"href":"https:\/\/lebouquet.brstdev.com\/fr\/wp-json\/wp\/v2\/comments?post=53350"}],"wp:featuredmedia":[{"embeddable":true,"href":"https:\/\/lebouquet.brstdev.com\/fr\/wp-json\/wp\/v2\/media\/53343"}],"wp:attachment":[{"href":"https:\/\/lebouquet.brstdev.com\/fr\/wp-json\/wp\/v2\/media?parent=53350"}],"wp:term":[{"taxonomy":"recipe","embeddable":true,"href":"https:\/\/lebouquet.brstdev.com\/fr\/wp-json\/wp\/v2\/recipe?post=53350"},{"taxonomy":"product_brand","embeddable":true,"href":"https:\/\/lebouquet.brstdev.com\/fr\/wp-json\/wp\/v2\/product_brand?post=53350"},{"taxonomy":"product_cat","embeddable":true,"href":"https:\/\/lebouquet.brstdev.com\/fr\/wp-json\/wp\/v2\/product_cat?post=53350"},{"taxonomy":"product_tag","embeddable":true,"href":"https:\/\/lebouquet.brstdev.com\/fr\/wp-json\/wp\/v2\/product_tag?post=53350"}],"curies":[{"name":"wp","href":"https:\/\/api.w.org\/{rel}","templated":true}]}}