{"id":53326,"date":"2024-01-19T07:14:44","date_gmt":"2024-01-19T12:14:44","guid":{"rendered":"https:\/\/lebouquetnew.brstdev.com\/the-ftd-forever-in-our-hearts-casket-adornment\/"},"modified":"2025-08-13T06:11:17","modified_gmt":"2025-08-13T10:11:17","slug":"ornement-a-tout-jamais-dans-nos-coeurs-de-ftd","status":"publish","type":"product","link":"https:\/\/lebouquet.brstdev.com\/fr\/ornement-a-tout-jamais-dans-nos-coeurs-de-ftd\/","title":{"rendered":"Ornement \u00c0 tout jamais dans nos coeurs de FTD"},"content":{"rendered":"<p>Cet ornement omprend des roses rouges,&nbsp;des mini-\u0153illets brillants,&nbsp;parmi lesquelles se trouvent des hortensias blancs, des delphiniums et des mufliers.&nbsp;Regroup\u00e9es par un ruban blanc, ces fleurs rouge&nbsp;vif sont magnifiquement arrang\u00e9es pour honorer la vie du d\u00e9funt ou de la d\u00e9funte.&nbsp;<\/p>\n<p>Mesure environ 20&Prime;L x 10&Prime;H.<\/p>\n","protected":false},"excerpt":{"rendered":"<p style=\"text-align:center;\">20&Prime;L x 10&Prime;H<\/p>\n","protected":false},"featured_media":53319,"comment_status":"open","ping_status":"closed","template":"","meta":{"_acf_changed":false,"inline_featured_image":false},"recipe":[],"product_brand":[],"product_cat":[7637,7620,7619,7638],"product_tag":[],"class_list":{"0":"post-53326","1":"product","2":"type-product","3":"status-publish","4":"has-post-thumbnail","6":"product_cat-casket-sprays","7":"product_cat-funeraire","8":"product_cat-funeral","9":"product_cat-gerbes-de-cercueil-funeraire","11":"first","12":"instock","13":"shipping-taxable","14":"purchasable","15":"product-type-simple"},"acf":[],"_links":{"self":[{"href":"https:\/\/lebouquet.brstdev.com\/fr\/wp-json\/wp\/v2\/product\/53326","targetHints":{"allow":["GET"]}}],"collection":[{"href":"https:\/\/lebouquet.brstdev.com\/fr\/wp-json\/wp\/v2\/product"}],"about":[{"href":"https:\/\/lebouquet.brstdev.com\/fr\/wp-json\/wp\/v2\/types\/product"}],"replies":[{"embeddable":true,"href":"https:\/\/lebouquet.brstdev.com\/fr\/wp-json\/wp\/v2\/comments?post=53326"}],"wp:featuredmedia":[{"embeddable":true,"href":"https:\/\/lebouquet.brstdev.com\/fr\/wp-json\/wp\/v2\/media\/53319"}],"wp:attachment":[{"href":"https:\/\/lebouquet.brstdev.com\/fr\/wp-json\/wp\/v2\/media?parent=53326"}],"wp:term":[{"taxonomy":"recipe","embeddable":true,"href":"https:\/\/lebouquet.brstdev.com\/fr\/wp-json\/wp\/v2\/recipe?post=53326"},{"taxonomy":"product_brand","embeddable":true,"href":"https:\/\/lebouquet.brstdev.com\/fr\/wp-json\/wp\/v2\/product_brand?post=53326"},{"taxonomy":"product_cat","embeddable":true,"href":"https:\/\/lebouquet.brstdev.com\/fr\/wp-json\/wp\/v2\/product_cat?post=53326"},{"taxonomy":"product_tag","embeddable":true,"href":"https:\/\/lebouquet.brstdev.com\/fr\/wp-json\/wp\/v2\/product_tag?post=53326"}],"curies":[{"name":"wp","href":"https:\/\/api.w.org\/{rel}","templated":true}]}}