{"id":53317,"date":"2024-01-19T07:14:31","date_gmt":"2024-01-19T12:14:31","guid":{"rendered":"https:\/\/lebouquetnew.brstdev.com\/the-ftd-sincerity-casket-spray\/"},"modified":"2026-01-30T14:33:22","modified_gmt":"2026-01-30T19:33:22","slug":"gerbe-en-toute-sincerite-de-ftd","status":"publish","type":"product","link":"https:\/\/lebouquet.brstdev.com\/fr\/gerbe-en-toute-sincerite-de-ftd\/","title":{"rendered":"Gerbe En toute sinc\u00e9rit\u00e9"},"content":{"rendered":"<p>La gerbe de cercueil En toute sinc\u00e9rit\u00e9 &nbsp;est une \u00e9tonnante pr\u00e9sentation de couleurs fraiches et de beaut\u00e9. De riches roses rouges et des \u0153illets vont attirer le regard, le tout dans un arrangement d\u2019hortensia blancs, de delphinium, de mufliers, Queen Anne\u2019s Lace et de la verdure assorties afin de cr\u00e9er une magnifique pr\u00e9sentation qui viendra&nbsp;orner le dessus du cercueil.<\/p>\n<p>Mesure environ 48&Prime;L x 30&Prime;H.<\/p>\n","protected":false},"excerpt":{"rendered":"<p style=\"text-align:center\">48&Prime;L x 30&Prime;H<\/p>\n","protected":false},"featured_media":53300,"comment_status":"open","ping_status":"closed","template":"","meta":{"_acf_changed":false},"recipe":[],"product_brand":[],"product_cat":[7620,7638],"product_tag":[],"class_list":{"0":"post-53317","1":"product","2":"type-product","3":"status-publish","4":"has-post-thumbnail","6":"product_cat-fleurs-funeraires-montreal","7":"product_cat-gerbes-de-cercueil-funeraire","9":"first","10":"instock","11":"shipping-taxable","12":"purchasable","13":"product-type-simple"},"acf":[],"_links":{"self":[{"href":"https:\/\/lebouquet.brstdev.com\/fr\/wp-json\/wp\/v2\/product\/53317","targetHints":{"allow":["GET"]}}],"collection":[{"href":"https:\/\/lebouquet.brstdev.com\/fr\/wp-json\/wp\/v2\/product"}],"about":[{"href":"https:\/\/lebouquet.brstdev.com\/fr\/wp-json\/wp\/v2\/types\/product"}],"replies":[{"embeddable":true,"href":"https:\/\/lebouquet.brstdev.com\/fr\/wp-json\/wp\/v2\/comments?post=53317"}],"wp:featuredmedia":[{"embeddable":true,"href":"https:\/\/lebouquet.brstdev.com\/fr\/wp-json\/wp\/v2\/media\/53300"}],"wp:attachment":[{"href":"https:\/\/lebouquet.brstdev.com\/fr\/wp-json\/wp\/v2\/media?parent=53317"}],"wp:term":[{"taxonomy":"recipe","embeddable":true,"href":"https:\/\/lebouquet.brstdev.com\/fr\/wp-json\/wp\/v2\/recipe?post=53317"},{"taxonomy":"product_brand","embeddable":true,"href":"https:\/\/lebouquet.brstdev.com\/fr\/wp-json\/wp\/v2\/product_brand?post=53317"},{"taxonomy":"product_cat","embeddable":true,"href":"https:\/\/lebouquet.brstdev.com\/fr\/wp-json\/wp\/v2\/product_cat?post=53317"},{"taxonomy":"product_tag","embeddable":true,"href":"https:\/\/lebouquet.brstdev.com\/fr\/wp-json\/wp\/v2\/product_tag?post=53317"}],"curies":[{"name":"wp","href":"https:\/\/api.w.org\/{rel}","templated":true}]}}