{"id":53270,"date":"2024-01-19T07:13:49","date_gmt":"2024-01-19T12:13:49","guid":{"rendered":"https:\/\/lebouquetnew.brstdev.com\/the-broken-heart\/"},"modified":"2025-08-13T06:11:19","modified_gmt":"2025-08-13T10:11:19","slug":"coeur-brise","status":"publish","type":"product","link":"https:\/\/lebouquet.brstdev.com\/fr\/coeur-brise\/","title":{"rendered":"Coeur bris\u00e9"},"content":{"rendered":"<p>L&rsquo;arrangement fun\u00e9raire \u00ab\u00a0C\u0153ur Bris\u00e9\u00a0\u00bb de Le Bouquet Montr\u00e9al est un hommage \u00e9mouvant pour un \u00eatre cher. Con\u00e7u en forme de c\u0153ur avec une ligne symbolique de roses rouges sur un fond de fleurs blanches, cet arrangement exprime \u00e0 la fois l&rsquo;amour et la perte. Disponible en deux tailles, 26&Prime; et 30&Prime;, il offre un t\u00e9moignage sinc\u00e8re de souvenir et de condol\u00e9ances, id\u00e9al pour honorer des souvenirs pr\u00e9cieux de mani\u00e8re profond\u00e9ment personnelle. L&rsquo;arrangement pr\u00e9sent\u00e9 sur la photo est le mod\u00e8le de 26 pouces.<\/p>\n","protected":false},"excerpt":{"rendered":"<p style=\"text-align:center;\"><strong>Standard: 26\u00a0\u00bbH x 26\u00a0\u00bbL &nbsp;16 ROSES<\/strong><\/p>\n<p style=\"text-align:center;\"><strong>De luxe: 30\u00a0\u00bbH x 30\u00a0\u00bbL &nbsp;24 ROSES<\/strong><\/p>\n","protected":false},"featured_media":99092,"comment_status":"open","ping_status":"closed","template":"","meta":{"_acf_changed":false,"inline_featured_image":false},"recipe":[],"product_brand":[],"product_cat":[7632,7620,7619,7631],"product_tag":[],"class_list":{"0":"post-53270","1":"product","2":"type-product","3":"status-publish","4":"has-post-thumbnail","6":"product_cat-arrangements-en-forme-de-coeur-funeraire","7":"product_cat-funeraire","8":"product_cat-funeral","9":"product_cat-heart-shaped-arrangements","11":"first","12":"instock","13":"shipping-taxable","14":"purchasable","15":"product-type-simple"},"acf":[],"_links":{"self":[{"href":"https:\/\/lebouquet.brstdev.com\/fr\/wp-json\/wp\/v2\/product\/53270","targetHints":{"allow":["GET"]}}],"collection":[{"href":"https:\/\/lebouquet.brstdev.com\/fr\/wp-json\/wp\/v2\/product"}],"about":[{"href":"https:\/\/lebouquet.brstdev.com\/fr\/wp-json\/wp\/v2\/types\/product"}],"replies":[{"embeddable":true,"href":"https:\/\/lebouquet.brstdev.com\/fr\/wp-json\/wp\/v2\/comments?post=53270"}],"wp:featuredmedia":[{"embeddable":true,"href":"https:\/\/lebouquet.brstdev.com\/fr\/wp-json\/wp\/v2\/media\/99092"}],"wp:attachment":[{"href":"https:\/\/lebouquet.brstdev.com\/fr\/wp-json\/wp\/v2\/media?parent=53270"}],"wp:term":[{"taxonomy":"recipe","embeddable":true,"href":"https:\/\/lebouquet.brstdev.com\/fr\/wp-json\/wp\/v2\/recipe?post=53270"},{"taxonomy":"product_brand","embeddable":true,"href":"https:\/\/lebouquet.brstdev.com\/fr\/wp-json\/wp\/v2\/product_brand?post=53270"},{"taxonomy":"product_cat","embeddable":true,"href":"https:\/\/lebouquet.brstdev.com\/fr\/wp-json\/wp\/v2\/product_cat?post=53270"},{"taxonomy":"product_tag","embeddable":true,"href":"https:\/\/lebouquet.brstdev.com\/fr\/wp-json\/wp\/v2\/product_tag?post=53270"}],"curies":[{"name":"wp","href":"https:\/\/api.w.org\/{rel}","templated":true}]}}