{"id":53247,"date":"2024-01-19T07:13:26","date_gmt":"2024-01-19T12:13:26","guid":{"rendered":"https:\/\/lebouquetnew.brstdev.com\/peaceful-memories-cross\/"},"modified":"2025-08-13T06:11:20","modified_gmt":"2025-08-13T10:11:20","slug":"souvenir-paisible","status":"publish","type":"product","link":"https:\/\/lebouquet.brstdev.com\/fr\/souvenir-paisible\/","title":{"rendered":"Souvenir paisible"},"content":{"rendered":"<p>Cette croix de fleurs compos\u00e9e d&rsquo;\u0153illets blancs,&nbsp;des roses rouges, des rosettes et d&rsquo;une verdure g\u00e9n\u00e9reuse saura partager l&rsquo;ampleur de souvenirs les plus paisibles de l&rsquo;\u00eatre cher qui nous a quitt\u00e9.<\/p>\n","protected":false},"excerpt":{"rendered":"<p>Environ &#8211; 34&Prime; H&nbsp;x 22&Prime; L<\/p>\n","protected":false},"featured_media":53235,"comment_status":"open","ping_status":"closed","template":"","meta":{"_acf_changed":false,"inline_featured_image":false},"recipe":[],"product_brand":[],"product_cat":[7634,7633,7620,7619],"product_tag":[],"class_list":{"0":"post-53247","1":"product","2":"type-product","3":"status-publish","4":"has-post-thumbnail","6":"product_cat-arrangements-en-forme-de-croix-funeraire","7":"product_cat-cross-shaped-arrangements","8":"product_cat-funeraire","9":"product_cat-funeral","11":"first","12":"instock","13":"shipping-taxable","14":"purchasable","15":"product-type-simple"},"acf":[],"_links":{"self":[{"href":"https:\/\/lebouquet.brstdev.com\/fr\/wp-json\/wp\/v2\/product\/53247","targetHints":{"allow":["GET"]}}],"collection":[{"href":"https:\/\/lebouquet.brstdev.com\/fr\/wp-json\/wp\/v2\/product"}],"about":[{"href":"https:\/\/lebouquet.brstdev.com\/fr\/wp-json\/wp\/v2\/types\/product"}],"replies":[{"embeddable":true,"href":"https:\/\/lebouquet.brstdev.com\/fr\/wp-json\/wp\/v2\/comments?post=53247"}],"wp:featuredmedia":[{"embeddable":true,"href":"https:\/\/lebouquet.brstdev.com\/fr\/wp-json\/wp\/v2\/media\/53235"}],"wp:attachment":[{"href":"https:\/\/lebouquet.brstdev.com\/fr\/wp-json\/wp\/v2\/media?parent=53247"}],"wp:term":[{"taxonomy":"recipe","embeddable":true,"href":"https:\/\/lebouquet.brstdev.com\/fr\/wp-json\/wp\/v2\/recipe?post=53247"},{"taxonomy":"product_brand","embeddable":true,"href":"https:\/\/lebouquet.brstdev.com\/fr\/wp-json\/wp\/v2\/product_brand?post=53247"},{"taxonomy":"product_cat","embeddable":true,"href":"https:\/\/lebouquet.brstdev.com\/fr\/wp-json\/wp\/v2\/product_cat?post=53247"},{"taxonomy":"product_tag","embeddable":true,"href":"https:\/\/lebouquet.brstdev.com\/fr\/wp-json\/wp\/v2\/product_tag?post=53247"}],"curies":[{"name":"wp","href":"https:\/\/api.w.org\/{rel}","templated":true}]}}