{"id":53171,"date":"2024-01-19T07:12:17","date_gmt":"2024-01-19T12:12:17","guid":{"rendered":"https:\/\/lebouquetnew.brstdev.com\/the-ftdi%c2%bd-wreath-of-remembrancei%c2%bd-s10-4458\/"},"modified":"2025-08-13T06:11:22","modified_gmt":"2025-08-13T10:11:22","slug":"la-couronne-ftdi%c2%bd-gerbe-du-souveniri%c2%bd-s10-4458","status":"publish","type":"product","link":"https:\/\/lebouquet.brstdev.com\/fr\/la-couronne-ftdi%c2%bd-gerbe-du-souveniri%c2%bd-s10-4458\/","title":{"rendered":"La Couronne  FTD\u00ef\u00bf\u00bd Gerbe du Souvenir\u00ef\u00bf\u00bd S10-4458"},"content":{"rendered":"<p>La Couronne&nbsp; FTD\u00ae Gerbe du Souvenir\u2122 est une fa\u00e7on sophistiqu\u00e9 de montrer tout le respect que vous portez pour le d\u00e9funt. Des chrysanth\u00e8mes et des chrysanth\u00e8mes pompom sont \u00e9labor\u00e9 et plac\u00e9 de fa\u00e7on \u00e0 former une double couronne accentu\u00e9 avec des anthurium vert \u00e9clatant et des herbes de lys afin de cr\u00e9er un magnifique hommage offrant paix et tranquillit\u00e9 aux gens qui sont pr\u00e9sent \u00e0 ce dernier service d\u2019au revoir. Pr\u00e9sent\u00e9 sur un chevalet de fer. Environ 21&Prime;d.<\/p>\n","protected":false},"excerpt":{"rendered":"<p>La Couronne&nbsp; FTD\u00ae Gerbe du Souvenir\u2122 est une fa\u00e7on sophistiqu\u00e9 de montrer tout le respect que vous portez pour le d\u00e9funt. Des chrysanth\u00e8mes et des chrysanth\u00e8mes pompom sont \u00e9labor\u00e9 et plac\u00e9 de fa\u00e7on \u00e0 former une double couronne accentu\u00e9 avec des anthurium vert \u00e9clatant et des herbes de lys afin de cr\u00e9er un magnifique hommage [&hellip;]<\/p>\n","protected":false},"featured_media":53164,"comment_status":"open","ping_status":"closed","template":"","meta":{"_acf_changed":false,"inline_featured_image":false},"recipe":[],"product_brand":[],"product_cat":[7630,7620,7619,7629],"product_tag":[],"class_list":{"0":"post-53171","1":"product","2":"type-product","3":"status-publish","4":"has-post-thumbnail","6":"product_cat-couronnes-funeraire","7":"product_cat-funeraire","8":"product_cat-funeral","9":"product_cat-wreaths","11":"first","12":"instock","13":"shipping-taxable","14":"purchasable","15":"product-type-simple"},"acf":[],"_links":{"self":[{"href":"https:\/\/lebouquet.brstdev.com\/fr\/wp-json\/wp\/v2\/product\/53171","targetHints":{"allow":["GET"]}}],"collection":[{"href":"https:\/\/lebouquet.brstdev.com\/fr\/wp-json\/wp\/v2\/product"}],"about":[{"href":"https:\/\/lebouquet.brstdev.com\/fr\/wp-json\/wp\/v2\/types\/product"}],"replies":[{"embeddable":true,"href":"https:\/\/lebouquet.brstdev.com\/fr\/wp-json\/wp\/v2\/comments?post=53171"}],"wp:featuredmedia":[{"embeddable":true,"href":"https:\/\/lebouquet.brstdev.com\/fr\/wp-json\/wp\/v2\/media\/53164"}],"wp:attachment":[{"href":"https:\/\/lebouquet.brstdev.com\/fr\/wp-json\/wp\/v2\/media?parent=53171"}],"wp:term":[{"taxonomy":"recipe","embeddable":true,"href":"https:\/\/lebouquet.brstdev.com\/fr\/wp-json\/wp\/v2\/recipe?post=53171"},{"taxonomy":"product_brand","embeddable":true,"href":"https:\/\/lebouquet.brstdev.com\/fr\/wp-json\/wp\/v2\/product_brand?post=53171"},{"taxonomy":"product_cat","embeddable":true,"href":"https:\/\/lebouquet.brstdev.com\/fr\/wp-json\/wp\/v2\/product_cat?post=53171"},{"taxonomy":"product_tag","embeddable":true,"href":"https:\/\/lebouquet.brstdev.com\/fr\/wp-json\/wp\/v2\/product_tag?post=53171"}],"curies":[{"name":"wp","href":"https:\/\/api.w.org\/{rel}","templated":true}]}}