{"id":53143,"date":"2024-01-19T07:11:49","date_gmt":"2024-01-19T12:11:49","guid":{"rendered":"https:\/\/lebouquetnew.brstdev.com\/the-ftd-special-blessings-bouquet\/"},"modified":"2025-08-13T06:11:23","modified_gmt":"2025-08-13T10:11:23","slug":"benedictions-speciales-de-ftd","status":"publish","type":"product","link":"https:\/\/lebouquet.brstdev.com\/fr\/benedictions-speciales-de-ftd\/","title":{"rendered":"B\u00e9n\u00e9dictions sp\u00e9ciales"},"content":{"rendered":"<p>Exprimez vos condol\u00e9ances avec l&rsquo;arrangement floral \u00ab\u00a0B\u00e9n\u00e9diction Sp\u00e9ciale\u00a0\u00bb, comprenant des lys asiatiques, mufliers, roses blanches et \u0153illets compl\u00e8tent \u00e0 merveille la verdure choisie du moment. Pr\u00e9sent\u00e9 dans un vase clair \u00e0 forme arrondie, cet arrangement exprimera la profondeur de vos sentiments les plus sinc\u00e8res.<\/p>\n","protected":false},"excerpt":{"rendered":"<p style=\"text-align:center\">Environ 12&Prime;H x 10&Prime;L<\/p>\n","protected":false},"featured_media":98757,"comment_status":"open","ping_status":"closed","template":"","meta":{"_acf_changed":false,"inline_featured_image":false},"recipe":[],"product_brand":[],"product_cat":[7622,7620,7619,7621],"product_tag":[],"class_list":{"0":"post-53143","1":"product","2":"type-product","3":"status-publish","4":"has-post-thumbnail","6":"product_cat-condoleances-pour-la-maison-funeraire","7":"product_cat-funeraire","8":"product_cat-funeral","9":"product_cat-home-sympathy-arrangement","11":"first","12":"instock","13":"shipping-taxable","14":"purchasable","15":"product-type-simple"},"acf":[],"_links":{"self":[{"href":"https:\/\/lebouquet.brstdev.com\/fr\/wp-json\/wp\/v2\/product\/53143","targetHints":{"allow":["GET"]}}],"collection":[{"href":"https:\/\/lebouquet.brstdev.com\/fr\/wp-json\/wp\/v2\/product"}],"about":[{"href":"https:\/\/lebouquet.brstdev.com\/fr\/wp-json\/wp\/v2\/types\/product"}],"replies":[{"embeddable":true,"href":"https:\/\/lebouquet.brstdev.com\/fr\/wp-json\/wp\/v2\/comments?post=53143"}],"wp:featuredmedia":[{"embeddable":true,"href":"https:\/\/lebouquet.brstdev.com\/fr\/wp-json\/wp\/v2\/media\/98757"}],"wp:attachment":[{"href":"https:\/\/lebouquet.brstdev.com\/fr\/wp-json\/wp\/v2\/media?parent=53143"}],"wp:term":[{"taxonomy":"recipe","embeddable":true,"href":"https:\/\/lebouquet.brstdev.com\/fr\/wp-json\/wp\/v2\/recipe?post=53143"},{"taxonomy":"product_brand","embeddable":true,"href":"https:\/\/lebouquet.brstdev.com\/fr\/wp-json\/wp\/v2\/product_brand?post=53143"},{"taxonomy":"product_cat","embeddable":true,"href":"https:\/\/lebouquet.brstdev.com\/fr\/wp-json\/wp\/v2\/product_cat?post=53143"},{"taxonomy":"product_tag","embeddable":true,"href":"https:\/\/lebouquet.brstdev.com\/fr\/wp-json\/wp\/v2\/product_tag?post=53143"}],"curies":[{"name":"wp","href":"https:\/\/api.w.org\/{rel}","templated":true}]}}