{"id":53115,"date":"2024-01-19T07:11:33","date_gmt":"2024-01-19T12:11:33","guid":{"rendered":"https:\/\/lebouquetnew.brstdev.com\/the-splendor-wreath\/"},"modified":"2026-03-28T05:39:18","modified_gmt":"2026-03-28T09:39:18","slug":"couronne-splendeur-grandiose","status":"publish","type":"product","link":"https:\/\/lebouquet.brstdev.com\/fr\/couronne-splendeur-grandiose\/","title":{"rendered":"Couronne Splendeur grandiose"},"content":{"rendered":"<p>La couronne Splendeur grandiose&nbsp;symbolise l&rsquo;amour \u00e9ternel et le lien de parent\u00e9 soit avec le d\u00e9funt ou la famille de celui-ci. Des freesias blancs,&nbsp;des&nbsp;lisianthus, des rosettes, des asters Monte Casino et des limoniums sont mis en valeur par une magnifique verdure.<\/p>\n<p>Mesure environ 22&Prime; de diam\u00e8tre.<\/p>\n","protected":false},"excerpt":{"rendered":"<p style=\"text-align:center;\"><strong>Environ 22&Prime; de diam\u00e8tre<\/strong><\/p>\n","protected":false},"featured_media":53108,"comment_status":"open","ping_status":"closed","template":"","meta":{"_acf_changed":false},"recipe":[],"product_brand":[],"product_cat":[7630,7620],"product_tag":[],"class_list":{"0":"post-53115","1":"product","2":"type-product","3":"status-publish","4":"has-post-thumbnail","6":"product_cat-couronnes-funeraire","7":"product_cat-fleurs-funeraires-montreal","9":"first","10":"instock","11":"shipping-taxable","12":"purchasable","13":"product-type-simple"},"acf":[],"_links":{"self":[{"href":"https:\/\/lebouquet.brstdev.com\/fr\/wp-json\/wp\/v2\/product\/53115","targetHints":{"allow":["GET"]}}],"collection":[{"href":"https:\/\/lebouquet.brstdev.com\/fr\/wp-json\/wp\/v2\/product"}],"about":[{"href":"https:\/\/lebouquet.brstdev.com\/fr\/wp-json\/wp\/v2\/types\/product"}],"replies":[{"embeddable":true,"href":"https:\/\/lebouquet.brstdev.com\/fr\/wp-json\/wp\/v2\/comments?post=53115"}],"wp:featuredmedia":[{"embeddable":true,"href":"https:\/\/lebouquet.brstdev.com\/fr\/wp-json\/wp\/v2\/media\/53108"}],"wp:attachment":[{"href":"https:\/\/lebouquet.brstdev.com\/fr\/wp-json\/wp\/v2\/media?parent=53115"}],"wp:term":[{"taxonomy":"recipe","embeddable":true,"href":"https:\/\/lebouquet.brstdev.com\/fr\/wp-json\/wp\/v2\/recipe?post=53115"},{"taxonomy":"product_brand","embeddable":true,"href":"https:\/\/lebouquet.brstdev.com\/fr\/wp-json\/wp\/v2\/product_brand?post=53115"},{"taxonomy":"product_cat","embeddable":true,"href":"https:\/\/lebouquet.brstdev.com\/fr\/wp-json\/wp\/v2\/product_cat?post=53115"},{"taxonomy":"product_tag","embeddable":true,"href":"https:\/\/lebouquet.brstdev.com\/fr\/wp-json\/wp\/v2\/product_tag?post=53115"}],"curies":[{"name":"wp","href":"https:\/\/api.w.org\/{rel}","templated":true}]}}