{"id":53106,"date":"2024-01-19T07:11:20","date_gmt":"2024-01-19T12:11:20","guid":{"rendered":"https:\/\/lebouquetnew.brstdev.com\/the-ftd-in-our-thoughts-arrangement\/"},"modified":"2025-08-13T06:26:22","modified_gmt":"2025-08-13T10:26:22","slug":"dans-nos-pensees-de-ftd","status":"publish","type":"product","link":"https:\/\/lebouquet.brstdev.com\/fr\/dans-nos-pensees-de-ftd\/","title":{"rendered":"Dans nos pens\u00e9es de FTD"},"content":{"rendered":"<p>La composition Dans nos pens\u00e9es de FTD&nbsp;est un symbole de paix et de bont\u00e9 attentionn\u00e9e. Des roses, des tulipes, des freesias, des lys orientaux, des lisianthus doubles, des asters Monte Casino et des mufliers blancs s&rsquo;harmonisent parfaitement avec des clochettes d&rsquo;Irlande, du lierre et un assortiment de verdure d&rsquo;un vert \u00e9clatant afin de cr\u00e9er une \u0153uvre \u00e9l\u00e9gante qui exprimera vos plus sinc\u00e8res condol\u00e9ances. Cette composition est livr\u00e9e dans un grand panier rond blanchi.<\/p>\n","protected":false},"excerpt":{"rendered":"<figure class=\"table\">\n<table>\n<tbody>\n<tr>\n<td>Standard<\/td>\n<td>Environ &#8211; 22&Prime; L x 14&Prime; l x 28&Prime; h<\/td>\n<\/tr>\n<tr>\n<td>De luxe<\/td>\n<td>Environ &#8211; 24&Prime; L x 14&Prime; l x 30&Prime; h<\/td>\n<\/tr>\n<tr>\n<td>Premium<\/td>\n<td>Environ &#8211; 26&Prime; L x 15&Prime; l x 32&Prime; h<\/td>\n<\/tr>\n<\/tbody>\n<\/table>\n<\/figure>\n","protected":false},"featured_media":53093,"comment_status":"open","ping_status":"closed","template":"","meta":{"_acf_changed":false},"recipe":[],"product_brand":[],"product_cat":[7626,7622,7620,7625,7619,7621],"product_tag":[],"class_list":{"0":"post-53106","1":"product","2":"type-product","3":"status-publish","4":"has-post-thumbnail","6":"product_cat-arrangements-pour-les-etablissements-funeraires-funeraire","7":"product_cat-condoleances-pour-la-maison-funeraire","8":"product_cat-fleurs-funeraires-montreal","9":"product_cat-funeral-establishment-arrangements","10":"product_cat-funeral-flowers-montreal","11":"product_cat-home-sympathy-arrangement","13":"first","14":"instock","15":"shipping-taxable","16":"purchasable","17":"product-type-simple"},"acf":[],"_links":{"self":[{"href":"https:\/\/lebouquet.brstdev.com\/fr\/wp-json\/wp\/v2\/product\/53106","targetHints":{"allow":["GET"]}}],"collection":[{"href":"https:\/\/lebouquet.brstdev.com\/fr\/wp-json\/wp\/v2\/product"}],"about":[{"href":"https:\/\/lebouquet.brstdev.com\/fr\/wp-json\/wp\/v2\/types\/product"}],"replies":[{"embeddable":true,"href":"https:\/\/lebouquet.brstdev.com\/fr\/wp-json\/wp\/v2\/comments?post=53106"}],"wp:featuredmedia":[{"embeddable":true,"href":"https:\/\/lebouquet.brstdev.com\/fr\/wp-json\/wp\/v2\/media\/53093"}],"wp:attachment":[{"href":"https:\/\/lebouquet.brstdev.com\/fr\/wp-json\/wp\/v2\/media?parent=53106"}],"wp:term":[{"taxonomy":"recipe","embeddable":true,"href":"https:\/\/lebouquet.brstdev.com\/fr\/wp-json\/wp\/v2\/recipe?post=53106"},{"taxonomy":"product_brand","embeddable":true,"href":"https:\/\/lebouquet.brstdev.com\/fr\/wp-json\/wp\/v2\/product_brand?post=53106"},{"taxonomy":"product_cat","embeddable":true,"href":"https:\/\/lebouquet.brstdev.com\/fr\/wp-json\/wp\/v2\/product_cat?post=53106"},{"taxonomy":"product_tag","embeddable":true,"href":"https:\/\/lebouquet.brstdev.com\/fr\/wp-json\/wp\/v2\/product_tag?post=53106"}],"curies":[{"name":"wp","href":"https:\/\/api.w.org\/{rel}","templated":true}]}}