{"id":53091,"date":"2024-01-19T07:11:06","date_gmt":"2024-01-19T12:11:06","guid":{"rendered":"https:\/\/lebouquetnew.brstdev.com\/the-ftd-resurrection-casket-spray\/"},"modified":"2026-01-30T14:20:14","modified_gmt":"2026-01-30T19:20:14","slug":"gerbe-resurrection-de-ftd","status":"publish","type":"product","link":"https:\/\/lebouquet.brstdev.com\/fr\/gerbe-resurrection-de-ftd\/","title":{"rendered":"Gerbe R\u00e9surrection de FTD"},"content":{"rendered":"<p>Cette gerbe inspire des pens\u00e9es de doux confort et de paix \u00e0 ceux qui souhaitent rendre hommage au d\u00e9funt ou \u00e0 la d\u00e9funte. Des tulipes blanches, des roses, des mufliers, des lys orientaux, des delphiniums, des \u0153illets et des asters Monte Cassino sont accentu\u00e9es par une verdure choisie.&nbsp;<\/p>\n<p>Mesure environ 40&Prime;L x 24&Prime;H.<\/p>\n","protected":false},"excerpt":{"rendered":"<p style=\"text-align:center\">40&Prime;L x 24&Prime;H<\/p>\n","protected":false},"featured_media":53073,"comment_status":"open","ping_status":"closed","template":"","meta":{"_acf_changed":false},"recipe":[],"product_brand":[],"product_cat":[7620,7638],"product_tag":[],"class_list":{"0":"post-53091","1":"product","2":"type-product","3":"status-publish","4":"has-post-thumbnail","6":"product_cat-fleurs-funeraires-montreal","7":"product_cat-gerbes-de-cercueil-funeraire","9":"first","10":"instock","11":"shipping-taxable","12":"purchasable","13":"product-type-simple"},"acf":[],"_links":{"self":[{"href":"https:\/\/lebouquet.brstdev.com\/fr\/wp-json\/wp\/v2\/product\/53091","targetHints":{"allow":["GET"]}}],"collection":[{"href":"https:\/\/lebouquet.brstdev.com\/fr\/wp-json\/wp\/v2\/product"}],"about":[{"href":"https:\/\/lebouquet.brstdev.com\/fr\/wp-json\/wp\/v2\/types\/product"}],"replies":[{"embeddable":true,"href":"https:\/\/lebouquet.brstdev.com\/fr\/wp-json\/wp\/v2\/comments?post=53091"}],"wp:featuredmedia":[{"embeddable":true,"href":"https:\/\/lebouquet.brstdev.com\/fr\/wp-json\/wp\/v2\/media\/53073"}],"wp:attachment":[{"href":"https:\/\/lebouquet.brstdev.com\/fr\/wp-json\/wp\/v2\/media?parent=53091"}],"wp:term":[{"taxonomy":"recipe","embeddable":true,"href":"https:\/\/lebouquet.brstdev.com\/fr\/wp-json\/wp\/v2\/recipe?post=53091"},{"taxonomy":"product_brand","embeddable":true,"href":"https:\/\/lebouquet.brstdev.com\/fr\/wp-json\/wp\/v2\/product_brand?post=53091"},{"taxonomy":"product_cat","embeddable":true,"href":"https:\/\/lebouquet.brstdev.com\/fr\/wp-json\/wp\/v2\/product_cat?post=53091"},{"taxonomy":"product_tag","embeddable":true,"href":"https:\/\/lebouquet.brstdev.com\/fr\/wp-json\/wp\/v2\/product_tag?post=53091"}],"curies":[{"name":"wp","href":"https:\/\/api.w.org\/{rel}","templated":true}]}}