{"id":53071,"date":"2024-01-19T07:10:49","date_gmt":"2024-01-19T12:10:49","guid":{"rendered":"https:\/\/lebouquetnew.brstdev.com\/eternal-affection-arrangement\/"},"modified":"2025-08-13T06:26:23","modified_gmt":"2025-08-13T10:26:23","slug":"affection-eternelle","status":"publish","type":"product","link":"https:\/\/lebouquet.brstdev.com\/fr\/affection-eternelle\/","title":{"rendered":"Affection \u00e9ternelle"},"content":{"rendered":"<p>Des gla\u00efeuls&nbsp;blanc, des lys p\u00e9ruviens, des \u0153illets et de la verdure fra\u00eeche sont d\u00e9licatement arrang\u00e9s dans un&nbsp;panier rond, blanchi. Id\u00e9al \u00e0 offrir en m\u00e9moire d&rsquo;une personne qui a marqu\u00e9 \u00e0 sa fa\u00e7on nos vies. Hors saison, les glaieuls seront remplac\u00e9s par des muffliers.&nbsp;<\/p>\n","protected":false},"excerpt":{"rendered":"<figure class=\"table\">\n<table>\n<tbody>\n<tr>\n<td>Standard<\/td>\n<td>&#8211; environ 22&Prime; L x 12&Prime; l x 22&Prime; h<\/td>\n<\/tr>\n<tr>\n<td>De luxe<\/td>\n<td>&#8211; environ 14&Prime; L x 14&Prime; l x 24&Prime; h<\/td>\n<\/tr>\n<tr>\n<td>Premium<\/td>\n<td>&#8211; environ 15&Prime; L x 15&Prime; l x 25&Prime; h<\/td>\n<\/tr>\n<\/tbody>\n<\/table>\n<\/figure>\n<p>&nbsp;<\/p>\n","protected":false},"featured_media":110550,"comment_status":"open","ping_status":"closed","template":"","meta":{"_acf_changed":false},"recipe":[],"product_brand":[],"product_cat":[7622,7620,7619,7621,7554,7553],"product_tag":[],"class_list":{"0":"post-53071","1":"product","2":"type-product","3":"status-publish","4":"has-post-thumbnail","6":"product_cat-condoleances-pour-la-maison-funeraire","7":"product_cat-fleurs-funeraires-montreal","8":"product_cat-funeral-flowers-montreal","9":"product_cat-home-sympathy-arrangement","10":"product_cat-populaires","11":"product_cat-popular","13":"first","14":"instock","15":"shipping-taxable","16":"purchasable","17":"product-type-simple"},"acf":[],"_links":{"self":[{"href":"https:\/\/lebouquet.brstdev.com\/fr\/wp-json\/wp\/v2\/product\/53071","targetHints":{"allow":["GET"]}}],"collection":[{"href":"https:\/\/lebouquet.brstdev.com\/fr\/wp-json\/wp\/v2\/product"}],"about":[{"href":"https:\/\/lebouquet.brstdev.com\/fr\/wp-json\/wp\/v2\/types\/product"}],"replies":[{"embeddable":true,"href":"https:\/\/lebouquet.brstdev.com\/fr\/wp-json\/wp\/v2\/comments?post=53071"}],"wp:featuredmedia":[{"embeddable":true,"href":"https:\/\/lebouquet.brstdev.com\/fr\/wp-json\/wp\/v2\/media\/110550"}],"wp:attachment":[{"href":"https:\/\/lebouquet.brstdev.com\/fr\/wp-json\/wp\/v2\/media?parent=53071"}],"wp:term":[{"taxonomy":"recipe","embeddable":true,"href":"https:\/\/lebouquet.brstdev.com\/fr\/wp-json\/wp\/v2\/recipe?post=53071"},{"taxonomy":"product_brand","embeddable":true,"href":"https:\/\/lebouquet.brstdev.com\/fr\/wp-json\/wp\/v2\/product_brand?post=53071"},{"taxonomy":"product_cat","embeddable":true,"href":"https:\/\/lebouquet.brstdev.com\/fr\/wp-json\/wp\/v2\/product_cat?post=53071"},{"taxonomy":"product_tag","embeddable":true,"href":"https:\/\/lebouquet.brstdev.com\/fr\/wp-json\/wp\/v2\/product_tag?post=53071"}],"curies":[{"name":"wp","href":"https:\/\/api.w.org\/{rel}","templated":true}]}}