{"id":53033,"date":"2024-01-19T07:10:25","date_gmt":"2024-01-19T12:10:25","guid":{"rendered":"https:\/\/lebouquetnew.brstdev.com\/precious-wreath\/"},"modified":"2026-03-28T05:39:35","modified_gmt":"2026-03-28T09:39:35","slug":"couronne-moment-precieux","status":"publish","type":"product","link":"https:\/\/lebouquet.brstdev.com\/fr\/couronne-moment-precieux\/","title":{"rendered":"Couronne moment pr\u00e9cieux"},"content":{"rendered":"<p>Des tiges de soupirs de b\u00e9b\u00e9 et des vignes de lierre sont&nbsp;magnifiquement agenc\u00e9es ensemble et d\u00e9cor\u00e9es avec du ruban blanc. Voici un&nbsp;arrangement fun\u00e9raire classique pour le dernier service d\u2019au revoir.<\/p>\n","protected":false},"excerpt":{"rendered":"<p>Environ 23&Prime; de diam\u00e8tre<\/p>\n","protected":false},"featured_media":53026,"comment_status":"open","ping_status":"closed","template":"","meta":{"_acf_changed":false},"recipe":[],"product_brand":[],"product_cat":[7630,7620],"product_tag":[],"class_list":{"0":"post-53033","1":"product","2":"type-product","3":"status-publish","4":"has-post-thumbnail","6":"product_cat-couronnes-funeraire","7":"product_cat-fleurs-funeraires-montreal","9":"first","10":"instock","11":"shipping-taxable","12":"purchasable","13":"product-type-simple"},"acf":[],"_links":{"self":[{"href":"https:\/\/lebouquet.brstdev.com\/fr\/wp-json\/wp\/v2\/product\/53033","targetHints":{"allow":["GET"]}}],"collection":[{"href":"https:\/\/lebouquet.brstdev.com\/fr\/wp-json\/wp\/v2\/product"}],"about":[{"href":"https:\/\/lebouquet.brstdev.com\/fr\/wp-json\/wp\/v2\/types\/product"}],"replies":[{"embeddable":true,"href":"https:\/\/lebouquet.brstdev.com\/fr\/wp-json\/wp\/v2\/comments?post=53033"}],"wp:featuredmedia":[{"embeddable":true,"href":"https:\/\/lebouquet.brstdev.com\/fr\/wp-json\/wp\/v2\/media\/53026"}],"wp:attachment":[{"href":"https:\/\/lebouquet.brstdev.com\/fr\/wp-json\/wp\/v2\/media?parent=53033"}],"wp:term":[{"taxonomy":"recipe","embeddable":true,"href":"https:\/\/lebouquet.brstdev.com\/fr\/wp-json\/wp\/v2\/recipe?post=53033"},{"taxonomy":"product_brand","embeddable":true,"href":"https:\/\/lebouquet.brstdev.com\/fr\/wp-json\/wp\/v2\/product_brand?post=53033"},{"taxonomy":"product_cat","embeddable":true,"href":"https:\/\/lebouquet.brstdev.com\/fr\/wp-json\/wp\/v2\/product_cat?post=53033"},{"taxonomy":"product_tag","embeddable":true,"href":"https:\/\/lebouquet.brstdev.com\/fr\/wp-json\/wp\/v2\/product_tag?post=53033"}],"curies":[{"name":"wp","href":"https:\/\/api.w.org\/{rel}","templated":true}]}}