{"id":53024,"date":"2024-01-19T07:10:12","date_gmt":"2024-01-19T12:10:12","guid":{"rendered":"https:\/\/lebouquetnew.brstdev.com\/exquisite-tribute-standing-spray\/"},"modified":"2026-01-31T11:02:49","modified_gmt":"2026-01-31T16:02:49","slug":"gerbe-sur-pied-exquisite-tribute","status":"publish","type":"product","link":"https:\/\/lebouquet.brstdev.com\/fr\/gerbe-sur-pied-exquisite-tribute\/","title":{"rendered":"Gerbe sur pied Exquisite Tribute"},"content":{"rendered":"<p>La <strong>gerbe sur pied Exquisite Tribute<\/strong> est une expression de sympathie \u00e0 la fois classique et respectueuse, r\u00e9alis\u00e9e enti\u00e8rement dans des tons de blanc afin d\u2019\u00e9voquer la paix, le respect et le souvenir. Elle est compos\u00e9e de roses blanches, de lys blancs et de fleurs blanches assorties, rehauss\u00e9es de verdure fra\u00eeche et agr\u00e9ment\u00e9es d\u2019un ruban blanc. Cette gerbe est offerte en <strong>trois formats<\/strong>, vous permettant de choisir la dimension la plus appropri\u00e9e pour la c\u00e9r\u00e9monie : <strong>Standard (32 po H x 20 po L), Deluxe (33 po H x 21 po L) et Premium (34 po H x 22 po L).<\/strong><\/p>\n<p>Lors d\u2019une livraison \u00e0 une <strong>\u00e9glise<\/strong>, un <strong>support doit \u00eatre achet\u00e9 s\u00e9par\u00e9ment<\/strong>, puisque les \u00e9glises ne fournissent pas de chevalet. Plusieurs familles choisissent \u00e9galement d\u2019ajouter une <strong>banni\u00e8re personnalis\u00e9e<\/strong> portant leur message, tandis qu\u2019une <strong>carte de condol\u00e9ances<\/strong> est toujours incluse gracieusement avec chaque commande.<\/p>\n<p>Bien que cette gerbe soit traditionnellement con\u00e7ue enti\u00e8rement en blanc, une <strong>personnalisation est possible<\/strong> si vous souhaitez y ajouter de la couleur. Les roses blanches peuvent \u00eatre remplac\u00e9es par une <strong>couleur de rose de votre choix<\/strong>; dans ce cas, nous vous invitons \u00e0 nous appeler afin de discuter des options et de confirmer la disponibilit\u00e9.<\/p>\n","protected":false},"excerpt":{"rendered":"<p>La gerbe sur pied Exquisite Tribute est une expression de sympathie \u00e0 la fois classique et respectueuse, r\u00e9alis\u00e9e enti\u00e8rement dans des tons de blanc afin d\u2019\u00e9voquer la paix, le respect et le souvenir. Elle est compos\u00e9e de roses blanches, de lys blancs et de fleurs blanches assorties, rehauss\u00e9es de verdure fra\u00eeche et agr\u00e9ment\u00e9es d\u2019un ruban [&hellip;]<\/p>\n","protected":false},"featured_media":53007,"comment_status":"open","ping_status":"closed","template":"","meta":{"_acf_changed":false},"recipe":[],"product_brand":[],"product_cat":[7620,7628],"product_tag":[],"class_list":{"0":"post-53024","1":"product","2":"type-product","3":"status-publish","4":"has-post-thumbnail","6":"product_cat-fleurs-funeraires-montreal","7":"product_cat-gerbes-murales-funeraire","9":"first","10":"instock","11":"shipping-taxable","12":"purchasable","13":"product-type-simple"},"acf":[],"_links":{"self":[{"href":"https:\/\/lebouquet.brstdev.com\/fr\/wp-json\/wp\/v2\/product\/53024","targetHints":{"allow":["GET"]}}],"collection":[{"href":"https:\/\/lebouquet.brstdev.com\/fr\/wp-json\/wp\/v2\/product"}],"about":[{"href":"https:\/\/lebouquet.brstdev.com\/fr\/wp-json\/wp\/v2\/types\/product"}],"replies":[{"embeddable":true,"href":"https:\/\/lebouquet.brstdev.com\/fr\/wp-json\/wp\/v2\/comments?post=53024"}],"wp:featuredmedia":[{"embeddable":true,"href":"https:\/\/lebouquet.brstdev.com\/fr\/wp-json\/wp\/v2\/media\/53007"}],"wp:attachment":[{"href":"https:\/\/lebouquet.brstdev.com\/fr\/wp-json\/wp\/v2\/media?parent=53024"}],"wp:term":[{"taxonomy":"recipe","embeddable":true,"href":"https:\/\/lebouquet.brstdev.com\/fr\/wp-json\/wp\/v2\/recipe?post=53024"},{"taxonomy":"product_brand","embeddable":true,"href":"https:\/\/lebouquet.brstdev.com\/fr\/wp-json\/wp\/v2\/product_brand?post=53024"},{"taxonomy":"product_cat","embeddable":true,"href":"https:\/\/lebouquet.brstdev.com\/fr\/wp-json\/wp\/v2\/product_cat?post=53024"},{"taxonomy":"product_tag","embeddable":true,"href":"https:\/\/lebouquet.brstdev.com\/fr\/wp-json\/wp\/v2\/product_tag?post=53024"}],"curies":[{"name":"wp","href":"https:\/\/api.w.org\/{rel}","templated":true}]}}