{"id":52976,"date":"2024-01-19T06:51:25","date_gmt":"2024-01-19T11:51:25","guid":{"rendered":"https:\/\/lebouquetnew.brstdev.com\/the-ftd-splendid-grace-casket-adornment\/"},"modified":"2026-01-23T07:09:11","modified_gmt":"2026-01-23T12:09:11","slug":"ornement-splendeur-gracieuse-de-ftd","status":"publish","type":"product","link":"https:\/\/lebouquet.brstdev.com\/fr\/ornement-splendeur-gracieuse-de-ftd\/","title":{"rendered":"Ornement Splendeur gracieuse de FTD"},"content":{"rendered":"<p>Cet arrangement ornemental est une belle et \u00e9l\u00e9gante fa\u00e7on de rendre hommage \u00e0 une vie \u00e9panouie. Vous y verrez trois\u00a0roses blanches et\u00a0des soupirs de b\u00e9b\u00e9 qui ajouteront gr\u00e2ce et \u00e9l\u00e9gance pour un dernier service d&rsquo;au revoir.<\/p>\n<p>Mesure environ 8&Prime;H\u00a0x 7&Prime;L.<\/p>\n","protected":false},"excerpt":{"rendered":"<p style=\"text-align: center;\">8&Prime;H\u00a0x 7&Prime;L<\/p>\n","protected":false},"featured_media":52969,"comment_status":"open","ping_status":"closed","template":"","meta":{"_acf_changed":false},"recipe":[],"product_brand":[],"product_cat":[7620,7638],"product_tag":[],"class_list":{"0":"post-52976","1":"product","2":"type-product","3":"status-publish","4":"has-post-thumbnail","6":"product_cat-fleurs-funeraires-montreal","7":"product_cat-gerbes-de-cercueil-funeraire","9":"first","10":"instock","11":"shipping-taxable","12":"purchasable","13":"product-type-simple"},"acf":[],"_links":{"self":[{"href":"https:\/\/lebouquet.brstdev.com\/fr\/wp-json\/wp\/v2\/product\/52976","targetHints":{"allow":["GET"]}}],"collection":[{"href":"https:\/\/lebouquet.brstdev.com\/fr\/wp-json\/wp\/v2\/product"}],"about":[{"href":"https:\/\/lebouquet.brstdev.com\/fr\/wp-json\/wp\/v2\/types\/product"}],"replies":[{"embeddable":true,"href":"https:\/\/lebouquet.brstdev.com\/fr\/wp-json\/wp\/v2\/comments?post=52976"}],"wp:featuredmedia":[{"embeddable":true,"href":"https:\/\/lebouquet.brstdev.com\/fr\/wp-json\/wp\/v2\/media\/52969"}],"wp:attachment":[{"href":"https:\/\/lebouquet.brstdev.com\/fr\/wp-json\/wp\/v2\/media?parent=52976"}],"wp:term":[{"taxonomy":"recipe","embeddable":true,"href":"https:\/\/lebouquet.brstdev.com\/fr\/wp-json\/wp\/v2\/recipe?post=52976"},{"taxonomy":"product_brand","embeddable":true,"href":"https:\/\/lebouquet.brstdev.com\/fr\/wp-json\/wp\/v2\/product_brand?post=52976"},{"taxonomy":"product_cat","embeddable":true,"href":"https:\/\/lebouquet.brstdev.com\/fr\/wp-json\/wp\/v2\/product_cat?post=52976"},{"taxonomy":"product_tag","embeddable":true,"href":"https:\/\/lebouquet.brstdev.com\/fr\/wp-json\/wp\/v2\/product_tag?post=52976"}],"curies":[{"name":"wp","href":"https:\/\/api.w.org\/{rel}","templated":true}]}}