{"id":52967,"date":"2024-01-19T06:51:12","date_gmt":"2024-01-19T11:51:12","guid":{"rendered":"https:\/\/lebouquetnew.brstdev.com\/the-ftd-cherished-friend-bouquet\/"},"modified":"2025-08-13T06:26:26","modified_gmt":"2025-08-13T10:26:26","slug":"cher-ami-de-ftd","status":"publish","type":"product","link":"https:\/\/lebouquet.brstdev.com\/fr\/cher-ami-de-ftd\/","title":{"rendered":"Cher ami de FTD"},"content":{"rendered":"<p>Le bouquet Cher ami de FTD&nbsp;offre r\u00e9confort&nbsp;et sympathie en ce temps rempli de chagrin et de douleur. Des roses blanches \u00e9clatantes et des lis P\u00e9ruviens sont accentu\u00e9s par de la verdure et magnifiquement plac\u00e9 dans un vase clair cr\u00e9ant ainsi un bouquet qui sera symbole de paix et d\u00e9montrera \u00e0 quel point cette personne compte pour vous.<\/p>\n","protected":false},"excerpt":{"rendered":"<figure class=\"table\">\n<table>\n<tbody>\n<tr>\n<td>Standard<\/td>\n<td>&#8211; environ 12&Prime; L x 12&Prime; l x 18&Prime; h&nbsp;<\/td>\n<\/tr>\n<tr>\n<td>De luxe<\/td>\n<td>&#8211; environ 13&Prime; L x 13&Prime; l x 18&Prime; h&nbsp;<\/td>\n<\/tr>\n<tr>\n<td>Premium&nbsp;<\/td>\n<td>&#8211; environ 14&Prime; L x 14&Prime; l x 19&Prime; h&nbsp;<\/td>\n<\/tr>\n<\/tbody>\n<\/table>\n<\/figure>\n","protected":false},"featured_media":52950,"comment_status":"open","ping_status":"closed","template":"","meta":{"_acf_changed":false},"recipe":[],"product_brand":[],"product_cat":[7622,7620,7619,7621],"product_tag":[],"class_list":{"0":"post-52967","1":"product","2":"type-product","3":"status-publish","4":"has-post-thumbnail","6":"product_cat-condoleances-pour-la-maison-funeraire","7":"product_cat-fleurs-funeraires-montreal","8":"product_cat-funeral-flowers-montreal","9":"product_cat-home-sympathy-arrangement","11":"first","12":"instock","13":"shipping-taxable","14":"purchasable","15":"product-type-simple"},"acf":[],"_links":{"self":[{"href":"https:\/\/lebouquet.brstdev.com\/fr\/wp-json\/wp\/v2\/product\/52967","targetHints":{"allow":["GET"]}}],"collection":[{"href":"https:\/\/lebouquet.brstdev.com\/fr\/wp-json\/wp\/v2\/product"}],"about":[{"href":"https:\/\/lebouquet.brstdev.com\/fr\/wp-json\/wp\/v2\/types\/product"}],"replies":[{"embeddable":true,"href":"https:\/\/lebouquet.brstdev.com\/fr\/wp-json\/wp\/v2\/comments?post=52967"}],"wp:featuredmedia":[{"embeddable":true,"href":"https:\/\/lebouquet.brstdev.com\/fr\/wp-json\/wp\/v2\/media\/52950"}],"wp:attachment":[{"href":"https:\/\/lebouquet.brstdev.com\/fr\/wp-json\/wp\/v2\/media?parent=52967"}],"wp:term":[{"taxonomy":"recipe","embeddable":true,"href":"https:\/\/lebouquet.brstdev.com\/fr\/wp-json\/wp\/v2\/recipe?post=52967"},{"taxonomy":"product_brand","embeddable":true,"href":"https:\/\/lebouquet.brstdev.com\/fr\/wp-json\/wp\/v2\/product_brand?post=52967"},{"taxonomy":"product_cat","embeddable":true,"href":"https:\/\/lebouquet.brstdev.com\/fr\/wp-json\/wp\/v2\/product_cat?post=52967"},{"taxonomy":"product_tag","embeddable":true,"href":"https:\/\/lebouquet.brstdev.com\/fr\/wp-json\/wp\/v2\/product_tag?post=52967"}],"curies":[{"name":"wp","href":"https:\/\/api.w.org\/{rel}","templated":true}]}}