{"id":52868,"date":"2024-01-19T06:48:48","date_gmt":"2024-01-19T11:48:48","guid":{"rendered":"https:\/\/lebouquetnew.brstdev.com\/treasured-tribute-wreath\/"},"modified":"2026-03-28T05:39:52","modified_gmt":"2026-03-28T09:39:52","slug":"couronne-hommage-precieux","status":"publish","type":"product","link":"https:\/\/lebouquet.brstdev.com\/fr\/couronne-hommage-precieux\/","title":{"rendered":"Couronne Hommage pr\u00e9cieux"},"content":{"rendered":"<p>La couronne fun\u00e9raire \u00ab\u00a0Hommage Pr\u00e9cieux\u00a0\u00bb de Le Bouquet Montr\u00e9al est un moyen magnifique et significatif de rendre hommage \u00e0 un \u00eatre cher. Cette couronne peut \u00eatre personnalis\u00e9e avec plusieurs options de couleurs selon les pr\u00e9f\u00e9rences. \u00c9l\u00e9gamment compos\u00e9e de roses, d&rsquo;\u0153illets, de marguerites et de lys, elle exprime respect et souvenir. Un hommage sinc\u00e8re pour les fun\u00e9railles, offrant une d\u00e9monstration de l&rsquo;amour et de l&rsquo;admiration. Veuillez noter qu&rsquo;un support est n\u00e9cessaire pour les livraisons dans une \u00e9glise<\/p>\n","protected":false},"excerpt":{"rendered":"<p style=\"text-align:center;\"><span style=\"font-size:14px;\"><strong>Standard &#8211; environ 22\u00a0\u00bb de diam\u00e8tre<\/strong><\/span><\/p>\n<p style=\"text-align:center;\"><span style=\"font-size:14px;\"><strong>De luxe &#8211; environ 26\u00a0\u00bb de diam\u00e8tre<\/strong><\/span><\/p>\n","protected":false},"featured_media":99069,"comment_status":"open","ping_status":"closed","template":"","meta":{"_acf_changed":false},"recipe":[],"product_brand":[],"product_cat":[7630,7620],"product_tag":[],"class_list":{"0":"post-52868","1":"product","2":"type-product","3":"status-publish","4":"has-post-thumbnail","6":"product_cat-couronnes-funeraire","7":"product_cat-fleurs-funeraires-montreal","9":"first","10":"instock","11":"shipping-taxable","12":"purchasable","13":"product-type-simple"},"acf":[],"_links":{"self":[{"href":"https:\/\/lebouquet.brstdev.com\/fr\/wp-json\/wp\/v2\/product\/52868","targetHints":{"allow":["GET"]}}],"collection":[{"href":"https:\/\/lebouquet.brstdev.com\/fr\/wp-json\/wp\/v2\/product"}],"about":[{"href":"https:\/\/lebouquet.brstdev.com\/fr\/wp-json\/wp\/v2\/types\/product"}],"replies":[{"embeddable":true,"href":"https:\/\/lebouquet.brstdev.com\/fr\/wp-json\/wp\/v2\/comments?post=52868"}],"wp:featuredmedia":[{"embeddable":true,"href":"https:\/\/lebouquet.brstdev.com\/fr\/wp-json\/wp\/v2\/media\/99069"}],"wp:attachment":[{"href":"https:\/\/lebouquet.brstdev.com\/fr\/wp-json\/wp\/v2\/media?parent=52868"}],"wp:term":[{"taxonomy":"recipe","embeddable":true,"href":"https:\/\/lebouquet.brstdev.com\/fr\/wp-json\/wp\/v2\/recipe?post=52868"},{"taxonomy":"product_brand","embeddable":true,"href":"https:\/\/lebouquet.brstdev.com\/fr\/wp-json\/wp\/v2\/product_brand?post=52868"},{"taxonomy":"product_cat","embeddable":true,"href":"https:\/\/lebouquet.brstdev.com\/fr\/wp-json\/wp\/v2\/product_cat?post=52868"},{"taxonomy":"product_tag","embeddable":true,"href":"https:\/\/lebouquet.brstdev.com\/fr\/wp-json\/wp\/v2\/product_tag?post=52868"}],"curies":[{"name":"wp","href":"https:\/\/api.w.org\/{rel}","templated":true}]}}