{"id":52507,"date":"2024-01-19T06:36:30","date_gmt":"2024-01-19T11:36:30","guid":{"rendered":"https:\/\/lebouquetnew.brstdev.com\/leonidas-tin-heart-chocolate-box\/"},"modified":"2026-03-28T05:22:20","modified_gmt":"2026-03-28T09:22:20","slug":"coeur-bienveillant-de-leonidas","status":"publish","type":"product","link":"https:\/\/lebouquet.brstdev.com\/fr\/coeur-bienveillant-de-leonidas\/","title":{"rendered":"Coeur bienveillant de Leonidas"},"content":{"rendered":"<p>Savourez le luxe de la <strong>Bo\u00eete de Chocolats Leonidas en C\u0153ur M\u00e9tallique 9 Pi\u00e8ces<\/strong>, une collection \u00e9l\u00e9gante de chocolats belges haut de gamme. Pr\u00e9sent\u00e9e dans une superbe bo\u00eete m\u00e9tallique en forme de c\u0153ur, cette s\u00e9lection comprend des chocolats au lait, noirs et blancs avec des garnitures exquises. Parfaite pour la Saint-Valentin, les anniversaires ou comme cadeau attentionn\u00e9, cette bo\u00eete de chocolats est une d\u00e9licieuse fa\u00e7on d\u2019exprimer amour et gratitude. La bo\u00eete r\u00e9utilisable en forme de c\u0153ur ajoute une touche de charme intemporelle.<\/p>\n","protected":false},"excerpt":{"rendered":"<p>Savourez le luxe de la Bo\u00eete de Chocolats Leonidas en C\u0153ur M\u00e9tallique 9 Pi\u00e8ces, une collection \u00e9l\u00e9gante de chocolats belges haut de gamme. Pr\u00e9sent\u00e9e dans une superbe bo\u00eete m\u00e9tallique en forme de c\u0153ur, cette s\u00e9lection comprend des chocolats au lait, noirs et blancs avec des garnitures exquises. Parfaite pour la Saint-Valentin, les anniversaires ou comme [&hellip;]<\/p>\n","protected":false},"featured_media":102288,"comment_status":"open","ping_status":"closed","template":"","meta":{"_acf_changed":false},"recipe":[],"product_brand":[],"product_cat":[7648,17155],"product_tag":[],"class_list":{"0":"post-52507","1":"product","2":"type-product","3":"status-publish","4":"has-post-thumbnail","6":"product_cat-cadeaux","7":"product_cat-chocolates-fr","9":"first","10":"instock","11":"shipping-taxable","12":"purchasable","13":"product-type-simple"},"acf":[],"_links":{"self":[{"href":"https:\/\/lebouquet.brstdev.com\/fr\/wp-json\/wp\/v2\/product\/52507","targetHints":{"allow":["GET"]}}],"collection":[{"href":"https:\/\/lebouquet.brstdev.com\/fr\/wp-json\/wp\/v2\/product"}],"about":[{"href":"https:\/\/lebouquet.brstdev.com\/fr\/wp-json\/wp\/v2\/types\/product"}],"replies":[{"embeddable":true,"href":"https:\/\/lebouquet.brstdev.com\/fr\/wp-json\/wp\/v2\/comments?post=52507"}],"wp:featuredmedia":[{"embeddable":true,"href":"https:\/\/lebouquet.brstdev.com\/fr\/wp-json\/wp\/v2\/media\/102288"}],"wp:attachment":[{"href":"https:\/\/lebouquet.brstdev.com\/fr\/wp-json\/wp\/v2\/media?parent=52507"}],"wp:term":[{"taxonomy":"recipe","embeddable":true,"href":"https:\/\/lebouquet.brstdev.com\/fr\/wp-json\/wp\/v2\/recipe?post=52507"},{"taxonomy":"product_brand","embeddable":true,"href":"https:\/\/lebouquet.brstdev.com\/fr\/wp-json\/wp\/v2\/product_brand?post=52507"},{"taxonomy":"product_cat","embeddable":true,"href":"https:\/\/lebouquet.brstdev.com\/fr\/wp-json\/wp\/v2\/product_cat?post=52507"},{"taxonomy":"product_tag","embeddable":true,"href":"https:\/\/lebouquet.brstdev.com\/fr\/wp-json\/wp\/v2\/product_tag?post=52507"}],"curies":[{"name":"wp","href":"https:\/\/api.w.org\/{rel}","templated":true}]}}