{"id":52467,"date":"2024-01-19T06:35:45","date_gmt":"2024-01-19T11:35:45","guid":{"rendered":"https:\/\/lebouquetnew.brstdev.com\/cute-poinsettia\/"},"modified":"2025-08-13T06:11:48","modified_gmt":"2025-08-13T10:11:48","slug":"mignon-poinsettia","status":"publish","type":"product","link":"https:\/\/lebouquet.brstdev.com\/fr\/mignon-poinsettia\/","title":{"rendered":"Mignon poinsettia"},"content":{"rendered":"<p>Ajoutez une touche festive \u00e0 votre d\u00e9coration des F\u00eates avec notre \u00ab\u00a0Mignon Poinsettia.\u00a0\u00bb Cette magnifique plante de No\u00ebl arbore de superbes feuilles rouges de poinsettia, orn\u00e9es de pin frais, de paillettes scintillantes et d&rsquo;un ruban dor\u00e9. Pr\u00e9sent\u00e9e dans une \u00e9l\u00e9gante cache-pot, cette plante est disponible en tailles<a href=\"https:\/\/www.lebouquet.com\/fr\/joli-poinsettia\/\"> 6&Prime;,<\/a> <a href=\"https:\/\/www.lebouquet.com\/fr\/poinsettia-festif\/\">8&Prime;<\/a> et <a href=\"https:\/\/www.lebouquet.com\/fr\/poinsettia-exuberant\/\">10&Prime;<\/a> pour s&rsquo;adapter \u00e0 tout espace. Id\u00e9ale comme cadeau ou pi\u00e8ce ma\u00eetresse de vos c\u00e9l\u00e9brations, cette plante d\u00e9cor\u00e9e avec soin apportera chaleur et joie \u00e0 votre maison.<\/p>\n","protected":false},"excerpt":{"rendered":"<p>Ajoutez une touche festive \u00e0 votre d\u00e9coration des F\u00eates avec notre \u00ab\u00a0Mignon Poinsettia.\u00a0\u00bb Cette magnifique plante de No\u00ebl arbore de superbes feuilles rouges de poinsettia, orn\u00e9es de pin frais, de paillettes scintillantes et d&rsquo;un ruban dor\u00e9. Pr\u00e9sent\u00e9e dans une \u00e9l\u00e9gante cache-pot, cette plante est disponible en tailles 6&Prime;, 8&Prime; et 10&Prime; pour s&rsquo;adapter \u00e0 tout [&hellip;]<\/p>\n","protected":false},"featured_media":100986,"comment_status":"open","ping_status":"closed","template":"","meta":{"_acf_changed":false,"inline_featured_image":false},"recipe":[],"product_brand":[],"product_cat":[7569,18050,17153,18053,18051,18052],"product_tag":[],"class_list":{"0":"post-52467","1":"product","2":"type-product","3":"status-publish","4":"has-post-thumbnail","6":"product_cat-occasions","7":"product_cat-holiday-plants","8":"product_cat-occasions-fr","9":"product_cat-plantes","10":"product_cat-plantes-des-fetes","11":"product_cat-plants","13":"first","14":"instock","15":"shipping-taxable","16":"purchasable","17":"product-type-simple"},"acf":[],"_links":{"self":[{"href":"https:\/\/lebouquet.brstdev.com\/fr\/wp-json\/wp\/v2\/product\/52467","targetHints":{"allow":["GET"]}}],"collection":[{"href":"https:\/\/lebouquet.brstdev.com\/fr\/wp-json\/wp\/v2\/product"}],"about":[{"href":"https:\/\/lebouquet.brstdev.com\/fr\/wp-json\/wp\/v2\/types\/product"}],"replies":[{"embeddable":true,"href":"https:\/\/lebouquet.brstdev.com\/fr\/wp-json\/wp\/v2\/comments?post=52467"}],"wp:featuredmedia":[{"embeddable":true,"href":"https:\/\/lebouquet.brstdev.com\/fr\/wp-json\/wp\/v2\/media\/100986"}],"wp:attachment":[{"href":"https:\/\/lebouquet.brstdev.com\/fr\/wp-json\/wp\/v2\/media?parent=52467"}],"wp:term":[{"taxonomy":"recipe","embeddable":true,"href":"https:\/\/lebouquet.brstdev.com\/fr\/wp-json\/wp\/v2\/recipe?post=52467"},{"taxonomy":"product_brand","embeddable":true,"href":"https:\/\/lebouquet.brstdev.com\/fr\/wp-json\/wp\/v2\/product_brand?post=52467"},{"taxonomy":"product_cat","embeddable":true,"href":"https:\/\/lebouquet.brstdev.com\/fr\/wp-json\/wp\/v2\/product_cat?post=52467"},{"taxonomy":"product_tag","embeddable":true,"href":"https:\/\/lebouquet.brstdev.com\/fr\/wp-json\/wp\/v2\/product_tag?post=52467"}],"curies":[{"name":"wp","href":"https:\/\/api.w.org\/{rel}","templated":true}]}}