{"id":52456,"date":"2024-01-19T06:35:37","date_gmt":"2024-01-19T11:35:37","guid":{"rendered":"https:\/\/lebouquetnew.brstdev.com\/festive-poinsettia\/"},"modified":"2025-08-13T06:11:49","modified_gmt":"2025-08-13T10:11:49","slug":"poinsettia-festif","status":"publish","type":"product","link":"https:\/\/lebouquet.brstdev.com\/fr\/poinsettia-festif\/","title":{"rendered":"Poinsettia festif"},"content":{"rendered":"<p>C\u00e9l\u00e9brez la saison avec notre \u00ab\u00a0Poinsettia Festif.\u00a0\u00bb Cette plante de 8&Prime; arbore de magnifiques feuilles rouges \u00e9clatantes, agr\u00e9ment\u00e9es de pin frais et de d\u00e9corations \u00e9l\u00e9gantes. Nich\u00e9e dans un cache-pot raffin\u00e9, elle constitue un ajout intemporel \u00e0 votre d\u00e9coration des F\u00eates ou un cadeau attentionn\u00e9. Disponible en pots de <a href=\"https:\/\/www.lebouquet.com\/en\/cute-poinsettia\/\">4&Prime;<\/a>, <a href=\"https:\/\/www.lebouquet.com\/fr\/joli-poinsettia\/\">6&Prime;<\/a> et <a href=\"https:\/\/www.lebouquet.com\/fr\/poinsettia-exuberant\/\">10&Prime;<\/a>, le Poinsettia Festif apporte joie et \u00e9l\u00e9gance \u00e0 toute occasion festive.<\/p>\n","protected":false},"excerpt":{"rendered":"<p>C\u00e9l\u00e9brez la saison avec notre \u00ab\u00a0Poinsettia Festif.\u00a0\u00bb Cette plante de 8&Prime; arbore de magnifiques feuilles rouges \u00e9clatantes, agr\u00e9ment\u00e9es de pin frais et de d\u00e9corations \u00e9l\u00e9gantes. Nich\u00e9e dans un cache-pot raffin\u00e9, elle constitue un ajout intemporel \u00e0 votre d\u00e9coration des F\u00eates ou un cadeau attentionn\u00e9. Disponible en pots de 4&Prime;, 6&Prime; et 10&Prime;, le Poinsettia Festif [&hellip;]<\/p>\n","protected":false},"featured_media":100998,"comment_status":"open","ping_status":"closed","template":"","meta":{"_acf_changed":false,"inline_featured_image":false},"recipe":[],"product_brand":[],"product_cat":[18047,7569,18046,18050,17153,18053,18051,18052],"product_tag":[],"class_list":{"0":"post-52456","1":"product","2":"type-product","3":"status-publish","4":"has-post-thumbnail","6":"product_cat-boutique-des-fetes","7":"product_cat-occasions","8":"product_cat-holiday-gift-shop","9":"product_cat-holiday-plants","10":"product_cat-occasions-fr","11":"product_cat-plantes","12":"product_cat-plantes-des-fetes","13":"product_cat-plants","15":"first","16":"instock","17":"shipping-taxable","18":"purchasable","19":"product-type-simple"},"acf":[],"_links":{"self":[{"href":"https:\/\/lebouquet.brstdev.com\/fr\/wp-json\/wp\/v2\/product\/52456","targetHints":{"allow":["GET"]}}],"collection":[{"href":"https:\/\/lebouquet.brstdev.com\/fr\/wp-json\/wp\/v2\/product"}],"about":[{"href":"https:\/\/lebouquet.brstdev.com\/fr\/wp-json\/wp\/v2\/types\/product"}],"replies":[{"embeddable":true,"href":"https:\/\/lebouquet.brstdev.com\/fr\/wp-json\/wp\/v2\/comments?post=52456"}],"wp:featuredmedia":[{"embeddable":true,"href":"https:\/\/lebouquet.brstdev.com\/fr\/wp-json\/wp\/v2\/media\/100998"}],"wp:attachment":[{"href":"https:\/\/lebouquet.brstdev.com\/fr\/wp-json\/wp\/v2\/media?parent=52456"}],"wp:term":[{"taxonomy":"recipe","embeddable":true,"href":"https:\/\/lebouquet.brstdev.com\/fr\/wp-json\/wp\/v2\/recipe?post=52456"},{"taxonomy":"product_brand","embeddable":true,"href":"https:\/\/lebouquet.brstdev.com\/fr\/wp-json\/wp\/v2\/product_brand?post=52456"},{"taxonomy":"product_cat","embeddable":true,"href":"https:\/\/lebouquet.brstdev.com\/fr\/wp-json\/wp\/v2\/product_cat?post=52456"},{"taxonomy":"product_tag","embeddable":true,"href":"https:\/\/lebouquet.brstdev.com\/fr\/wp-json\/wp\/v2\/product_tag?post=52456"}],"curies":[{"name":"wp","href":"https:\/\/api.w.org\/{rel}","templated":true}]}}