{"id":52149,"date":"2024-01-19T06:30:55","date_gmt":"2024-01-19T11:30:55","guid":{"rendered":"https:\/\/lebouquetnew.brstdev.com\/be-happy-smile-in-a-cup-bouquet\/"},"modified":"2025-08-13T06:12:07","modified_gmt":"2025-08-13T10:12:07","slug":"sourire-fleuri-en-tasse","status":"publish","type":"product","link":"https:\/\/lebouquet.brstdev.com\/fr\/sourire-fleuri-en-tasse\/","title":{"rendered":"Sourire fleuri en tasse"},"content":{"rendered":"<p>Apportez du soleil dans la journ\u00e9e de quelqu&rsquo;un avec le Bouquet Sourire Fleuri en Tasse. Compos\u00e9 de marguerites jaunes et blanches avec une rose jaune \u00e9clatante, cet arrangement d\u00e9borde de joie et de positivit\u00e9. Pr\u00e9sent\u00e9 dans une tasse souriante jaune, il ajoute une touche joyeuse \u00e0 tout espace. Que ce soit pour un anniversaire ou simplement pour faire sourire, ce bouquet apporte chaleur et bonne humeur.<\/p>\n<p>Standard &#8211; 2 &nbsp;roses &nbsp; Environ 8&Prime;L x 8&Prime;l x 8&Prime;h &nbsp;<br \/>De luxe &nbsp; &#8211; 5 &nbsp;roses &nbsp; Environ 9&Prime;L x 9&Prime;l x 9&Prime;h &nbsp;<br \/>Premium &nbsp; &#8211; 8 &nbsp;roses &nbsp; Environ 10&Prime;L x 10&Prime;l x 10&Prime;h<br \/>&nbsp;<\/p>\n","protected":false},"excerpt":{"rendered":"<p>Apportez du soleil dans la journ\u00e9e de quelqu&rsquo;un avec le Bouquet Sourire Fleuri en Tasse. Compos\u00e9 de marguerites jaunes et blanches avec une rose jaune \u00e9clatante, cet arrangement d\u00e9borde de joie et de positivit\u00e9. Pr\u00e9sent\u00e9 dans une tasse souriante jaune, il ajoute une touche joyeuse \u00e0 tout espace. Que ce soit pour un anniversaire ou [&hellip;]<\/p>\n","protected":false},"featured_media":96640,"comment_status":"open","ping_status":"closed","template":"","meta":{"_acf_changed":false,"inline_featured_image":false},"recipe":[],"product_brand":[],"product_cat":[7592,7565,7566,7591,7560,7559,7569,17153,7554,7553],"product_tag":[],"class_list":{"0":"post-52149","1":"product","2":"type-product","3":"status-publish","4":"has-post-thumbnail","6":"product_cat-anniversaire-de-naissance","7":"product_cat-arrangements","8":"product_cat-arrangements-2","9":"product_cat-birthdays","10":"product_cat-fleurs-2-2","11":"product_cat-flowers","12":"product_cat-occasions","13":"product_cat-occasions-fr","14":"product_cat-populaires","15":"product_cat-popular","17":"first","18":"instock","19":"shipping-taxable","20":"purchasable","21":"product-type-simple"},"acf":[],"_links":{"self":[{"href":"https:\/\/lebouquet.brstdev.com\/fr\/wp-json\/wp\/v2\/product\/52149","targetHints":{"allow":["GET"]}}],"collection":[{"href":"https:\/\/lebouquet.brstdev.com\/fr\/wp-json\/wp\/v2\/product"}],"about":[{"href":"https:\/\/lebouquet.brstdev.com\/fr\/wp-json\/wp\/v2\/types\/product"}],"replies":[{"embeddable":true,"href":"https:\/\/lebouquet.brstdev.com\/fr\/wp-json\/wp\/v2\/comments?post=52149"}],"wp:featuredmedia":[{"embeddable":true,"href":"https:\/\/lebouquet.brstdev.com\/fr\/wp-json\/wp\/v2\/media\/96640"}],"wp:attachment":[{"href":"https:\/\/lebouquet.brstdev.com\/fr\/wp-json\/wp\/v2\/media?parent=52149"}],"wp:term":[{"taxonomy":"recipe","embeddable":true,"href":"https:\/\/lebouquet.brstdev.com\/fr\/wp-json\/wp\/v2\/recipe?post=52149"},{"taxonomy":"product_brand","embeddable":true,"href":"https:\/\/lebouquet.brstdev.com\/fr\/wp-json\/wp\/v2\/product_brand?post=52149"},{"taxonomy":"product_cat","embeddable":true,"href":"https:\/\/lebouquet.brstdev.com\/fr\/wp-json\/wp\/v2\/product_cat?post=52149"},{"taxonomy":"product_tag","embeddable":true,"href":"https:\/\/lebouquet.brstdev.com\/fr\/wp-json\/wp\/v2\/product_tag?post=52149"}],"curies":[{"name":"wp","href":"https:\/\/api.w.org\/{rel}","templated":true}]}}