{"id":52103,"date":"2024-01-19T06:30:13","date_gmt":"2024-01-19T11:30:13","guid":{"rendered":"https:\/\/lebouquetnew.brstdev.com\/hope-and-honor-heart\/"},"modified":"2025-08-13T06:12:10","modified_gmt":"2025-08-13T10:12:10","slug":"coeur-passionne","status":"publish","type":"product","link":"https:\/\/lebouquet.brstdev.com\/fr\/coeur-passionne\/","title":{"rendered":"Coeur passionn\u00e9"},"content":{"rendered":"<p>Ce coeur blanc qui se transforme en bouquet de roses rendra assur\u00e9ment un bel hommage au d\u00e9funt ou \u00e0 la d\u00e9funte.<\/p>\n","protected":false},"excerpt":{"rendered":"<p>Environ &#8211; 28&Prime;H&nbsp;x 26&Prime;L<\/p>\n","protected":false},"featured_media":52081,"comment_status":"open","ping_status":"closed","template":"","meta":{"_acf_changed":false,"inline_featured_image":false},"recipe":[],"product_brand":[],"product_cat":[7632,7620,7619,7631],"product_tag":[],"class_list":{"0":"post-52103","1":"product","2":"type-product","3":"status-publish","4":"has-post-thumbnail","6":"product_cat-arrangements-en-forme-de-coeur-funeraire","7":"product_cat-funeraire","8":"product_cat-funeral","9":"product_cat-heart-shaped-arrangements","11":"first","12":"instock","13":"shipping-taxable","14":"purchasable","15":"product-type-simple"},"acf":[],"_links":{"self":[{"href":"https:\/\/lebouquet.brstdev.com\/fr\/wp-json\/wp\/v2\/product\/52103","targetHints":{"allow":["GET"]}}],"collection":[{"href":"https:\/\/lebouquet.brstdev.com\/fr\/wp-json\/wp\/v2\/product"}],"about":[{"href":"https:\/\/lebouquet.brstdev.com\/fr\/wp-json\/wp\/v2\/types\/product"}],"replies":[{"embeddable":true,"href":"https:\/\/lebouquet.brstdev.com\/fr\/wp-json\/wp\/v2\/comments?post=52103"}],"wp:featuredmedia":[{"embeddable":true,"href":"https:\/\/lebouquet.brstdev.com\/fr\/wp-json\/wp\/v2\/media\/52081"}],"wp:attachment":[{"href":"https:\/\/lebouquet.brstdev.com\/fr\/wp-json\/wp\/v2\/media?parent=52103"}],"wp:term":[{"taxonomy":"recipe","embeddable":true,"href":"https:\/\/lebouquet.brstdev.com\/fr\/wp-json\/wp\/v2\/recipe?post=52103"},{"taxonomy":"product_brand","embeddable":true,"href":"https:\/\/lebouquet.brstdev.com\/fr\/wp-json\/wp\/v2\/product_brand?post=52103"},{"taxonomy":"product_cat","embeddable":true,"href":"https:\/\/lebouquet.brstdev.com\/fr\/wp-json\/wp\/v2\/product_cat?post=52103"},{"taxonomy":"product_tag","embeddable":true,"href":"https:\/\/lebouquet.brstdev.com\/fr\/wp-json\/wp\/v2\/product_tag?post=52103"}],"curies":[{"name":"wp","href":"https:\/\/api.w.org\/{rel}","templated":true}]}}