{"id":52052,"date":"2024-01-19T06:29:02","date_gmt":"2024-01-19T11:29:02","guid":{"rendered":"https:\/\/lebouquetnew.brstdev.com\/gorgeous-gerberas\/"},"modified":"2025-08-13T06:12:11","modified_gmt":"2025-08-13T10:12:11","slug":"gerberas-magnifiques","status":"publish","type":"product","link":"https:\/\/lebouquet.brstdev.com\/fr\/gerberas-magnifiques\/","title":{"rendered":"Gerberas magnifiques!"},"content":{"rendered":"<p><strong>Cultiv\u00e9es au Canada!<\/strong><br \/><span style=\"font-size:16px\">Saisissez l&rsquo;\u00e9clatante explosion de vie avec notre bouquet \u00ab\u00a0Gerberas Magnifiques\u00a0\u00bb, une c\u00e9l\u00e9bration vivante de couleur et de fra\u00eecheur. Cet ensemble li\u00e9 \u00e0 la main pr\u00e9sente un m\u00e9lange radieux de gerberas dans un spectre de couleurs, des jaunes ensoleill\u00e9s aux roses passionn\u00e9s, des p\u00eaches chaleureux aux rouges profonds, chaque p\u00e9tale se d\u00e9ployant dans une splendeur naturelle. Le bouquet est \u00e9l\u00e9gamment rehauss\u00e9 par un feuillage verdoyant luxuriant, qui non seulement met en valeur les couleurs riches des gerberas mais ajoute \u00e9galement \u00e0 la pl\u00e9nitude de la composition. Ce bouquet est un choix parfait pour diverses occasions, que ce soit pour illuminer la journ\u00e9e de quelqu&rsquo;un, c\u00e9l\u00e9brer une heureuse \u00e9tape, ou juste pour ajouter une touche de couleur \u00e0 n&rsquo;importe quel espace. Son caract\u00e8re joyeux et ses teintes vives en font un favori des clients et un gage intemporel de joie.<\/span><\/p>\n","protected":false},"excerpt":{"rendered":"<ul>\n<li>&nbsp;7 tiges &#8211; environ-&nbsp;15\u00a0\u00bbH x 11\u00a0\u00bbL<\/li>\n<li>10 tiges &#8211; environ-&nbsp;17\u00a0\u00bbH x 13\u00a0\u00bbL<\/li>\n<li>15 tiges &#8211; environ-&nbsp;17\u00a0\u00bbH x 15\u00a0\u00bbL<\/li>\n<li>20 tiges &#8211; environ-&nbsp;17\u00a0\u00bbH x 17\u00a0\u00bbL<\/li>\n<\/ul>\n","protected":false},"featured_media":90403,"comment_status":"open","ping_status":"closed","template":"","meta":{"_acf_changed":false,"inline_featured_image":false},"recipe":[],"product_brand":[],"product_cat":[7592,7591,7597,7560,7559,7569,7567,7573,7574,17153,7598,7554,7553,18142,18141,7568],"product_tag":[],"class_list":{"0":"post-52052","1":"product","2":"type-product","3":"status-publish","4":"has-post-thumbnail","6":"product_cat-anniversaire-de-naissance","7":"product_cat-birthdays","8":"product_cat-easter","9":"product_cat-fleurs-2-2","10":"product_cat-flowers","11":"product_cat-occasions","12":"product_cat-individual-type-varieties","13":"product_cat-international-womens-day","14":"product_cat-journee-internationale-des-femmes","15":"product_cat-occasions-fr","16":"product_cat-paques","17":"product_cat-populaires","18":"product_cat-popular","19":"product_cat-printemps","20":"product_cat-spring","23":"first","24":"instock","25":"shipping-taxable","26":"purchasable","27":"product-type-simple"},"acf":[],"_links":{"self":[{"href":"https:\/\/lebouquet.brstdev.com\/fr\/wp-json\/wp\/v2\/product\/52052","targetHints":{"allow":["GET"]}}],"collection":[{"href":"https:\/\/lebouquet.brstdev.com\/fr\/wp-json\/wp\/v2\/product"}],"about":[{"href":"https:\/\/lebouquet.brstdev.com\/fr\/wp-json\/wp\/v2\/types\/product"}],"replies":[{"embeddable":true,"href":"https:\/\/lebouquet.brstdev.com\/fr\/wp-json\/wp\/v2\/comments?post=52052"}],"wp:featuredmedia":[{"embeddable":true,"href":"https:\/\/lebouquet.brstdev.com\/fr\/wp-json\/wp\/v2\/media\/90403"}],"wp:attachment":[{"href":"https:\/\/lebouquet.brstdev.com\/fr\/wp-json\/wp\/v2\/media?parent=52052"}],"wp:term":[{"taxonomy":"recipe","embeddable":true,"href":"https:\/\/lebouquet.brstdev.com\/fr\/wp-json\/wp\/v2\/recipe?post=52052"},{"taxonomy":"product_brand","embeddable":true,"href":"https:\/\/lebouquet.brstdev.com\/fr\/wp-json\/wp\/v2\/product_brand?post=52052"},{"taxonomy":"product_cat","embeddable":true,"href":"https:\/\/lebouquet.brstdev.com\/fr\/wp-json\/wp\/v2\/product_cat?post=52052"},{"taxonomy":"product_tag","embeddable":true,"href":"https:\/\/lebouquet.brstdev.com\/fr\/wp-json\/wp\/v2\/product_tag?post=52052"}],"curies":[{"name":"wp","href":"https:\/\/api.w.org\/{rel}","templated":true}]}}