{"id":51755,"date":"2024-01-19T05:42:22","date_gmt":"2024-01-19T10:42:22","guid":{"rendered":"https:\/\/lebouquetnew.brstdev.com\/the-ftd-peaceful-garden-basket\/"},"modified":"2025-08-13T06:12:20","modified_gmt":"2025-08-13T10:12:20","slug":"journee-paisible-de-ftd","status":"publish","type":"product","link":"https:\/\/lebouquet.brstdev.com\/fr\/journee-paisible-de-ftd\/","title":{"rendered":"Journ\u00e9e paisible de FTD\u00ae"},"content":{"rendered":"<p>Cet arrangement est parfait pour exprimer vos condol\u00e9ances les plus sinc\u00e8res avec \u00e9l\u00e9gance ou pour toute autre occasion.&nbsp;Un assortiment de plantes vertes,&nbsp;de&nbsp;chrysanth\u00e8mes, de&nbsp;lys de la paix, de&nbsp;palmiers et de&nbsp;philodendrons sont pr\u00e9sent\u00e9s dans un panier de bambou orn\u00e9 d&rsquo;un ruban. 16&Prime;H&nbsp;x 14&Prime;L.<\/p>\n","protected":false},"excerpt":{"rendered":"<p>Cet arrangement est parfait pour exprimer vos condol\u00e9ances les plus sinc\u00e8res avec \u00e9l\u00e9gance ou pour toute autre occasion.&nbsp;Un assortiment de plantes vertes,&nbsp;de&nbsp;chrysanth\u00e8mes, de&nbsp;lys de la paix, de&nbsp;palmiers et de&nbsp;philodendrons sont pr\u00e9sent\u00e9s dans un panier de bambou orn\u00e9 d&rsquo;un ruban. 16&Prime;H&nbsp;x 14&Prime;L.<\/p>\n","protected":false},"featured_media":51748,"comment_status":"open","ping_status":"closed","template":"","meta":{"_acf_changed":false,"inline_featured_image":false},"recipe":[],"product_brand":[],"product_cat":[7622,7645,7620,7619,7621,7646],"product_tag":[],"class_list":{"0":"post-51755","1":"product","2":"type-product","3":"status-publish","4":"has-post-thumbnail","6":"product_cat-condoleances-pour-la-maison-funeraire","7":"product_cat-flowering-and-green-plants","8":"product_cat-funeraire","9":"product_cat-funeral","10":"product_cat-home-sympathy-arrangement","11":"product_cat-plantes-vertes-et-fleuries","13":"first","14":"instock","15":"shipping-taxable","16":"purchasable","17":"product-type-simple"},"acf":[],"_links":{"self":[{"href":"https:\/\/lebouquet.brstdev.com\/fr\/wp-json\/wp\/v2\/product\/51755","targetHints":{"allow":["GET"]}}],"collection":[{"href":"https:\/\/lebouquet.brstdev.com\/fr\/wp-json\/wp\/v2\/product"}],"about":[{"href":"https:\/\/lebouquet.brstdev.com\/fr\/wp-json\/wp\/v2\/types\/product"}],"replies":[{"embeddable":true,"href":"https:\/\/lebouquet.brstdev.com\/fr\/wp-json\/wp\/v2\/comments?post=51755"}],"wp:featuredmedia":[{"embeddable":true,"href":"https:\/\/lebouquet.brstdev.com\/fr\/wp-json\/wp\/v2\/media\/51748"}],"wp:attachment":[{"href":"https:\/\/lebouquet.brstdev.com\/fr\/wp-json\/wp\/v2\/media?parent=51755"}],"wp:term":[{"taxonomy":"recipe","embeddable":true,"href":"https:\/\/lebouquet.brstdev.com\/fr\/wp-json\/wp\/v2\/recipe?post=51755"},{"taxonomy":"product_brand","embeddable":true,"href":"https:\/\/lebouquet.brstdev.com\/fr\/wp-json\/wp\/v2\/product_brand?post=51755"},{"taxonomy":"product_cat","embeddable":true,"href":"https:\/\/lebouquet.brstdev.com\/fr\/wp-json\/wp\/v2\/product_cat?post=51755"},{"taxonomy":"product_tag","embeddable":true,"href":"https:\/\/lebouquet.brstdev.com\/fr\/wp-json\/wp\/v2\/product_tag?post=51755"}],"curies":[{"name":"wp","href":"https:\/\/api.w.org\/{rel}","templated":true}]}}